{"id":998,"date":"2019-03-26T14:05:55","date_gmt":"2019-03-26T18:05:55","guid":{"rendered":"http:\/\/sarraf.cl\/Web\/?post_type=product&#038;p=998"},"modified":"2020-06-14T21:35:26","modified_gmt":"2020-06-15T01:35:26","slug":"microfono-inalambrico-de-largo-alcance-con-bateria-y-clip","status":"publish","type":"product","link":"http:\/\/sarraf.cl\/Web\/producto\/microfono-inalambrico-de-largo-alcance-con-bateria-y-clip\/","title":{"rendered":"Micr\u00f3fono inal\u00e1mbrico RLN6544"},"content":{"rendered":"<p><strong>Micr\u00f3fono inal\u00e1mbrico de largo alcance con bater\u00eda y clip<\/strong><\/p>\n<p>&nbsp;<\/p>\n<p>COMPATIBLE: DGM 4100\/DGM 6100\/DGM 4100+\/DGM 6100+\/DGM 5000\/DGM 5000e\/DGM 5500\/DGM 5500e<\/p>\n<p>MODELO: RLN6544<\/p>\n<p>&nbsp;<\/p>\n<p><strong>CONSULTE DISPONIBILIDAD Y VALORES DE ESTE PRODUCTO AL SIGUIENTE CORREO<\/strong><\/p>\n<p><strong>ventas@sarraf.cl<\/strong><\/p>\n","protected":false},"excerpt":{"rendered":"<p>Micr\u00f3fono inal\u00e1mbrico de largo alcance con bater\u00eda y clip &nbsp; COMPATIBLE: DGM 4100\/DGM 6100\/DGM 4100+\/DGM 6100+\/DGM 5000\/DGM 5000e\/DGM 5500\/DGM 5500e MODELO: RLN6544 &nbsp; CONSULTE DISPONIBILIDAD Y VALORES DE ESTE PRODUCTO AL SIGUIENTE CORREO ventas@sarraf.cl<\/p>\n","protected":false},"featured_media":1290,"comment_status":"open","ping_status":"closed","template":"","meta":[],"_links":{"self":[{"href":"http:\/\/sarraf.cl\/Web\/wp-json\/wp\/v2\/product\/998"}],"collection":[{"href":"http:\/\/sarraf.cl\/Web\/wp-json\/wp\/v2\/product"}],"about":[{"href":"http:\/\/sarraf.cl\/Web\/wp-json\/wp\/v2\/types\/product"}],"replies":[{"embeddable":true,"href":"http:\/\/sarraf.cl\/Web\/wp-json\/wp\/v2\/comments?post=998"}],"wp:featuredmedia":[{"embeddable":true,"href":"http:\/\/sarraf.cl\/Web\/wp-json\/wp\/v2\/media\/1290"}],"wp:attachment":[{"href":"http:\/\/sarraf.cl\/Web\/wp-json\/wp\/v2\/media?parent=998"}],"curies":[{"name":"wp","href":"https:\/\/api.w.org\/{rel}","templated":true}]}}