{"id":992,"date":"2019-03-26T12:10:16","date_gmt":"2019-03-26T16:10:16","guid":{"rendered":"http:\/\/sarraf.cl\/Web\/?post_type=product&#038;p=992"},"modified":"2020-06-14T21:55:56","modified_gmt":"2020-06-15T01:55:56","slug":"remplazo-de-microfono-movil-con-bluetooth","status":"publish","type":"product","link":"http:\/\/sarraf.cl\/Web\/producto\/remplazo-de-microfono-movil-con-bluetooth\/","title":{"rendered":"Remplazo de micr\u00f3fono m\u00f3vil con bluetooth PMMN4097"},"content":{"rendered":"<p><strong>Remplazo de micr\u00f3fono m\u00f3vil con bluetooth<\/strong><\/p>\n<p>&nbsp;<\/p>\n<p>COMPATIBLE: DGM 4100\/DGM 6100\/DGM 4100+\/DGM 6100+\/DGM 5000\/DGM 5000e\/DGM 5500\/DGM 5500e<\/p>\n<p>MODELO: PMMN4097<\/p>\n<p>&nbsp;<\/p>\n<p><strong>CONSULTE DISPONIBILIDAD Y VALORES DE ESTE PRODUCTO AL SIGUIENTE CORREO<\/strong><\/p>\n<p><strong>ventas@sarraf.cl<\/strong><\/p>\n","protected":false},"excerpt":{"rendered":"<p>Remplazo de micr\u00f3fono m\u00f3vil con bluetooth &nbsp; COMPATIBLE: DGM 4100\/DGM 6100\/DGM 4100+\/DGM 6100+\/DGM 5000\/DGM 5000e\/DGM 5500\/DGM 5500e MODELO: PMMN4097 &nbsp; CONSULTE DISPONIBILIDAD Y VALORES DE ESTE PRODUCTO AL SIGUIENTE CORREO ventas@sarraf.cl<\/p>\n","protected":false},"featured_media":1304,"comment_status":"open","ping_status":"closed","template":"","meta":[],"_links":{"self":[{"href":"http:\/\/sarraf.cl\/Web\/wp-json\/wp\/v2\/product\/992"}],"collection":[{"href":"http:\/\/sarraf.cl\/Web\/wp-json\/wp\/v2\/product"}],"about":[{"href":"http:\/\/sarraf.cl\/Web\/wp-json\/wp\/v2\/types\/product"}],"replies":[{"embeddable":true,"href":"http:\/\/sarraf.cl\/Web\/wp-json\/wp\/v2\/comments?post=992"}],"wp:featuredmedia":[{"embeddable":true,"href":"http:\/\/sarraf.cl\/Web\/wp-json\/wp\/v2\/media\/1304"}],"wp:attachment":[{"href":"http:\/\/sarraf.cl\/Web\/wp-json\/wp\/v2\/media?parent=992"}],"curies":[{"name":"wp","href":"https:\/\/api.w.org\/{rel}","templated":true}]}}