{"id":981,"date":"2019-03-26T11:21:36","date_gmt":"2019-03-26T15:21:36","guid":{"rendered":"http:\/\/sarraf.cl\/Web\/?post_type=product&#038;p=981"},"modified":"2020-06-14T22:50:38","modified_gmt":"2020-06-15T02:50:38","slug":"kit-de-gomas-de-repuesto-para-auriculares-inalambricos-20-pequenos-20-medianos-20-grandes-y-10-clips","status":"publish","type":"product","link":"http:\/\/sarraf.cl\/Web\/producto\/kit-de-gomas-de-repuesto-para-auriculares-inalambricos-20-pequenos-20-medianos-20-grandes-y-10-clips\/","title":{"rendered":"Kit de gomas de repuesto para auriculares inal\u00e1mbricos NNTN8361"},"content":{"rendered":"<p><strong>Kit de gomas de repuesto para auriculares inal\u00e1mbricos ( 20 peque\u00f1os, 20 medianos, 20 grandes y 10 clips )<\/strong><\/p>\n<p>&nbsp;<\/p>\n<p>COMPATIBLE: DGM 5000\/DGM 5000e\/5500\/DGM 5500e\/DGM 8000\/DGM 8000e\/DGM 8500\/DGM 8500e<\/p>\n<p>MODELO: NNTN8361<\/p>\n<p>&nbsp;<\/p>\n<p><strong>CONSULTE DISPONIBILIDAD Y VALORES DE ESTE PRODUCTO AL SIGUIENTE CORREO<\/strong><\/p>\n<p><strong>ventas@sarraf.cl<\/strong><\/p>\n","protected":false},"excerpt":{"rendered":"<p>Kit de gomas de repuesto para auriculares inal\u00e1mbricos ( 20 peque\u00f1os, 20 medianos, 20 grandes y 10 clips ) &nbsp; COMPATIBLE: DGM 5000\/DGM 5000e\/5500\/DGM 5500e\/DGM 8000\/DGM 8000e\/DGM 8500\/DGM 8500e MODELO: NNTN8361 &nbsp; CONSULTE DISPONIBILIDAD Y VALORES DE ESTE PRODUCTO AL SIGUIENTE CORREO ventas@sarraf.cl<\/p>\n","protected":false},"featured_media":1324,"comment_status":"open","ping_status":"closed","template":"","meta":[],"_links":{"self":[{"href":"http:\/\/sarraf.cl\/Web\/wp-json\/wp\/v2\/product\/981"}],"collection":[{"href":"http:\/\/sarraf.cl\/Web\/wp-json\/wp\/v2\/product"}],"about":[{"href":"http:\/\/sarraf.cl\/Web\/wp-json\/wp\/v2\/types\/product"}],"replies":[{"embeddable":true,"href":"http:\/\/sarraf.cl\/Web\/wp-json\/wp\/v2\/comments?post=981"}],"wp:featuredmedia":[{"embeddable":true,"href":"http:\/\/sarraf.cl\/Web\/wp-json\/wp\/v2\/media\/1324"}],"wp:attachment":[{"href":"http:\/\/sarraf.cl\/Web\/wp-json\/wp\/v2\/media?parent=981"}],"curies":[{"name":"wp","href":"https:\/\/api.w.org\/{rel}","templated":true}]}}