{"id":952,"date":"2019-03-26T08:50:25","date_gmt":"2019-03-26T12:50:25","guid":{"rendered":"http:\/\/sarraf.cl\/Web\/?post_type=product&#038;p=952"},"modified":"2020-06-15T00:02:41","modified_gmt":"2020-06-15T04:02:41","slug":"microfono-impres-con-teclado-de-navegacion-pantalla-alfanumerica","status":"publish","type":"product","link":"http:\/\/sarraf.cl\/Web\/producto\/microfono-impres-con-teclado-de-navegacion-pantalla-alfanumerica\/","title":{"rendered":"Micr\u00f3fono impres con teclado RMN5127"},"content":{"rendered":"<p><strong>Micr\u00f3fono impres con teclado de navegaci\u00f3n ( pantalla alfanum\u00e9rica )<\/strong><\/p>\n<p>&nbsp;<\/p>\n<p>COMPATIBLE: DGM 5000\/DGM 5000e\/DGM 5500\/DGM 5500e\/DGM 8000\/DGM 8000e\/DGM 8500\/DGM 8500e<\/p>\n<p>MODELO:\u00a0 RMN5127<\/p>\n<p><strong>CONSULTE DISPONIBILIDAD Y VALORES DE ESTE PRODUCTO AL SIGUIENTE CORREO<\/strong><\/p>\n<p><strong>ventas@sarraf.cl<\/strong><\/p>\n","protected":false},"excerpt":{"rendered":"<p>Micr\u00f3fono impres con teclado de navegaci\u00f3n ( pantalla alfanum\u00e9rica ) &nbsp; COMPATIBLE: DGM 5000\/DGM 5000e\/DGM 5500\/DGM 5500e\/DGM 8000\/DGM 8000e\/DGM 8500\/DGM 8500e MODELO:\u00a0 RMN5127 CONSULTE DISPONIBILIDAD Y VALORES DE ESTE PRODUCTO AL SIGUIENTE CORREO ventas@sarraf.cl<\/p>\n","protected":false},"featured_media":1364,"comment_status":"open","ping_status":"closed","template":"","meta":[],"_links":{"self":[{"href":"http:\/\/sarraf.cl\/Web\/wp-json\/wp\/v2\/product\/952"}],"collection":[{"href":"http:\/\/sarraf.cl\/Web\/wp-json\/wp\/v2\/product"}],"about":[{"href":"http:\/\/sarraf.cl\/Web\/wp-json\/wp\/v2\/types\/product"}],"replies":[{"embeddable":true,"href":"http:\/\/sarraf.cl\/Web\/wp-json\/wp\/v2\/comments?post=952"}],"wp:featuredmedia":[{"embeddable":true,"href":"http:\/\/sarraf.cl\/Web\/wp-json\/wp\/v2\/media\/1364"}],"wp:attachment":[{"href":"http:\/\/sarraf.cl\/Web\/wp-json\/wp\/v2\/media?parent=952"}],"curies":[{"name":"wp","href":"https:\/\/api.w.org\/{rel}","templated":true}]}}