{"id":820,"date":"2019-03-08T09:39:06","date_gmt":"2019-03-08T13:39:06","guid":{"rendered":"http:\/\/sarraf.cl\/Web\/?post_type=product&#038;p=820"},"modified":"2020-04-14T15:42:27","modified_gmt":"2020-04-14T19:42:27","slug":"portatil-motorola-vx2200-3","status":"publish","type":"product","link":"http:\/\/sarraf.cl\/Web\/producto\/portatil-motorola-vx2200-3\/","title":{"rendered":"PORTATIL MOTOROLA VX2200"},"content":{"rendered":"<p>CARACTERISTICAS:<\/p>\n<p>MODELO: AC061U534<\/p>\n<p>128 CANALES<\/p>\n<p>FRECUENCIA 450-512 MHZ<\/p>\n<p>25 WATTS<\/p>\n<p>DISE\u00d1O COMPACTO Y DURADERO<\/p>\n<p>AMPLIA CAPACIDAD DE CANALES<\/p>\n<p>6 TECLAS PROGRAMABLES<\/p>\n<p>PANTALLA ALFANUM\u00c9RICA VX2200<\/p>\n<p>DIMENSIONES 45X165X155mm<\/p>\n<p>SISTEMA DE TRANSPOSICI\u00d3N DE AJUSTE AUTOM\u00c1TICO ( ARTS )<\/p>\n<p><strong>CONSULTE DISPONIBILIDAD Y VALORES DE ESTE PRODUCTO AL SIGUIENTE CORREO<\/strong><\/p>\n<p><strong>ventas@sarraf.cl<\/strong><\/p>\n","protected":false},"excerpt":{"rendered":"<p>CARACTERISTICAS: MODELO: AC061U534 128 CANALES FRECUENCIA 450-512 MHZ 25 WATTS DISE\u00d1O COMPACTO Y DURADERO AMPLIA CAPACIDAD DE CANALES 6 TECLAS PROGRAMABLES PANTALLA ALFANUM\u00c9RICA VX2200 DIMENSIONES 45X165X155mm SISTEMA DE TRANSPOSICI\u00d3N DE AJUSTE AUTOM\u00c1TICO ( ARTS ) CONSULTE DISPONIBILIDAD Y VALORES DE ESTE PRODUCTO AL SIGUIENTE CORREO ventas@sarraf.cl<\/p>\n","protected":false},"featured_media":818,"comment_status":"open","ping_status":"closed","template":"","meta":[],"_links":{"self":[{"href":"http:\/\/sarraf.cl\/Web\/wp-json\/wp\/v2\/product\/820"}],"collection":[{"href":"http:\/\/sarraf.cl\/Web\/wp-json\/wp\/v2\/product"}],"about":[{"href":"http:\/\/sarraf.cl\/Web\/wp-json\/wp\/v2\/types\/product"}],"replies":[{"embeddable":true,"href":"http:\/\/sarraf.cl\/Web\/wp-json\/wp\/v2\/comments?post=820"}],"wp:featuredmedia":[{"embeddable":true,"href":"http:\/\/sarraf.cl\/Web\/wp-json\/wp\/v2\/media\/818"}],"wp:attachment":[{"href":"http:\/\/sarraf.cl\/Web\/wp-json\/wp\/v2\/media?parent=820"}],"curies":[{"name":"wp","href":"https:\/\/api.w.org\/{rel}","templated":true}]}}