{"id":801,"date":"2019-03-01T14:20:41","date_gmt":"2019-03-01T18:20:41","guid":{"rendered":"http:\/\/sarraf.cl\/Web\/?post_type=product&#038;p=801"},"modified":"2020-04-14T15:54:38","modified_gmt":"2020-04-14T19:54:38","slug":"portatil-motorola-modelo-ac095u521","status":"publish","type":"product","link":"http:\/\/sarraf.cl\/Web\/producto\/portatil-motorola-modelo-ac095u521\/","title":{"rendered":"PORTATIL MOTOROLA MODELO AC095U521"},"content":{"rendered":"<p>CARACTER\u00cdSTICAS:<\/p>\n<p>MODELO : AC095U521<\/p>\n<p>ESCANEO MULTIPLE<\/p>\n<p>VOX INTERNO ( PERMITE MANOS LIBRES )<\/p>\n<p>ANUNCIO DE CANALES<\/p>\n<p>ACCESORIOS DE CONECTOR DE CLAVIJA DE 2 DIENTES<\/p>\n<p>BATER\u00cdA DE LI ION ENTREGA HASTA 11 HORAS DE CONVERSACI\u00d3N<\/p>\n<p>PTT GRANDE Y CON TEXTURA.<\/p>\n<p>32 CANALES<\/p>\n<p>VHF\/UHF<\/p>\n<p>RANGO: 450-512 MHZ<\/p>\n<p>POTENCIA 5 WATTS<\/p>\n<p>INCLUYE: BATER\u00cdA LI ION 1800 MAH ( FNB-Z181U ), CARGADOR DE ESCRITORIO R\u00c1PIDO , ANTENA STANDARD VHF-UHF, FUNDA , GU\u00cdA DE USO.<\/p>\n<p><strong>CONSULTE DISPONIBILIDAD Y VALORES DE ESTE PRODUCTO AL SIGUIENTE CORREO<\/strong><\/p>\n<p><strong>ventas@sarraf.cl<\/strong><\/p>\n","protected":false},"excerpt":{"rendered":"<p>CARACTER\u00cdSTICAS: MODELO : AC095U521 ESCANEO MULTIPLE VOX INTERNO ( PERMITE MANOS LIBRES ) ANUNCIO DE CANALES ACCESORIOS DE CONECTOR DE CLAVIJA DE 2 DIENTES BATER\u00cdA DE LI ION ENTREGA HASTA 11 HORAS DE CONVERSACI\u00d3N PTT GRANDE Y CON TEXTURA. 32 CANALES VHF\/UHF RANGO: 450-512 MHZ POTENCIA 5 WATTS INCLUYE: BATER\u00cdA LI ION 1800 MAH ( [&hellip;]<\/p>\n","protected":false},"featured_media":806,"comment_status":"open","ping_status":"closed","template":"","meta":[],"_links":{"self":[{"href":"http:\/\/sarraf.cl\/Web\/wp-json\/wp\/v2\/product\/801"}],"collection":[{"href":"http:\/\/sarraf.cl\/Web\/wp-json\/wp\/v2\/product"}],"about":[{"href":"http:\/\/sarraf.cl\/Web\/wp-json\/wp\/v2\/types\/product"}],"replies":[{"embeddable":true,"href":"http:\/\/sarraf.cl\/Web\/wp-json\/wp\/v2\/comments?post=801"}],"wp:featuredmedia":[{"embeddable":true,"href":"http:\/\/sarraf.cl\/Web\/wp-json\/wp\/v2\/media\/806"}],"wp:attachment":[{"href":"http:\/\/sarraf.cl\/Web\/wp-json\/wp\/v2\/media?parent=801"}],"curies":[{"name":"wp","href":"https:\/\/api.w.org\/{rel}","templated":true}]}}