{"id":798,"date":"2019-03-01T14:04:14","date_gmt":"2019-03-01T18:04:14","guid":{"rendered":"http:\/\/sarraf.cl\/Web\/?post_type=product&#038;p=798"},"modified":"2020-04-14T16:03:00","modified_gmt":"2020-04-14T20:03:00","slug":"portatil-motorola-modelo-ac137n501","status":"publish","type":"product","link":"http:\/\/sarraf.cl\/Web\/producto\/portatil-motorola-modelo-ac137n501\/","title":{"rendered":"PORTATIL MOTOROLA MODELO AC137N501"},"content":{"rendered":"<p>CARACTER\u00cdSTICAS:<\/p>\n<p>MODELO :\u00a0AC137N501<\/p>\n<p>ESCANEO MULTIPLE<\/p>\n<p>VOX INTERNO ( PERMITE MANOS LIBRES )<\/p>\n<p>ANUNCIO DE CANALES<\/p>\n<p>ACCESORIOS DE CONECTOR DE CLAVIJA DE 2 DIENTES<\/p>\n<p>BATER\u00cdA DE LI ION ENTREGA HASTA 11 HORAS DE CONVERSACI\u00d3N<\/p>\n<p>PTT GRANDE Y CON TEXTURA.<\/p>\n<p>16 CANALES<\/p>\n<p>VHF\/UHF<\/p>\n<p>RANGO: 136-174 MHZ<\/p>\n<p>POTENCIA 5 WATTS<\/p>\n<p>INCLUYE: BATER\u00cdA LI ION 1800 MAH ( FNB-Z181U ), CARGADOR DE ESCRITORIO R\u00c1PIDO , ANTENA STANDARD VHF-UHF, FUNDA , GU\u00cdA DE USO.<\/p>\n<p><strong>CONSULTE DISPONIBILIDAD Y VALORES DE ESTE PRODUCTO AL SIGUIENTE CORREO<\/strong><\/p>\n<p><strong>ventas@sarraf.cl<\/strong><\/p>\n","protected":false},"excerpt":{"rendered":"<p>CARACTER\u00cdSTICAS: MODELO :\u00a0AC137N501 ESCANEO MULTIPLE VOX INTERNO ( PERMITE MANOS LIBRES ) ANUNCIO DE CANALES ACCESORIOS DE CONECTOR DE CLAVIJA DE 2 DIENTES BATER\u00cdA DE LI ION ENTREGA HASTA 11 HORAS DE CONVERSACI\u00d3N PTT GRANDE Y CON TEXTURA. 16 CANALES VHF\/UHF RANGO: 136-174 MHZ POTENCIA 5 WATTS INCLUYE: BATER\u00cdA LI ION 1800 MAH ( FNB-Z181U [&hellip;]<\/p>\n","protected":false},"featured_media":807,"comment_status":"open","ping_status":"closed","template":"","meta":[],"_links":{"self":[{"href":"http:\/\/sarraf.cl\/Web\/wp-json\/wp\/v2\/product\/798"}],"collection":[{"href":"http:\/\/sarraf.cl\/Web\/wp-json\/wp\/v2\/product"}],"about":[{"href":"http:\/\/sarraf.cl\/Web\/wp-json\/wp\/v2\/types\/product"}],"replies":[{"embeddable":true,"href":"http:\/\/sarraf.cl\/Web\/wp-json\/wp\/v2\/comments?post=798"}],"wp:featuredmedia":[{"embeddable":true,"href":"http:\/\/sarraf.cl\/Web\/wp-json\/wp\/v2\/media\/807"}],"wp:attachment":[{"href":"http:\/\/sarraf.cl\/Web\/wp-json\/wp\/v2\/media?parent=798"}],"curies":[{"name":"wp","href":"https:\/\/api.w.org\/{rel}","templated":true}]}}