{"id":749,"date":"2018-05-14T21:46:58","date_gmt":"2018-05-15T01:46:58","guid":{"rendered":"http:\/\/sarraf.cl\/Web\/?post_type=product&#038;p=749"},"modified":"2020-04-14T16:39:49","modified_gmt":"2020-04-14T20:39:49","slug":"portatil-vertex-modelo-vz-30-uhffm","status":"publish","type":"product","link":"http:\/\/sarraf.cl\/Web\/producto\/portatil-vertex-modelo-vz-30-uhffm\/","title":{"rendered":"PORTATIL VERTEX MODELO VZ-30 UHF\/FM"},"content":{"rendered":"<p>PORTATIL ANALOGO VERTEX MODELO VZ30.<\/p>\n<p>EL RADIO VZ30 DE VERTEX AN\u00c1LOGA , ES ECON\u00d3MICO PARA USUARIOS B\u00c1SICOS E INTERMEDIOS. CUENTA CON TODAS LAS CARACTER\u00cdSTICAS NECESARIAS PARA ASEGURAR UNA COMUNICACI\u00d3N CONFIABLE Y DE CALIDAD ENTRE USUARIOS.<\/p>\n<p>CARACTER\u00cdSTICAS:<\/p>\n<p>ESCANEO VERS\u00c1TIL<\/p>\n<p>VOX INTERNO ( PERMITE MANOS LIBRES )<\/p>\n<p>AUDIO FUERTE Y CLARO CON ALTOPARLANTE DE 1 VATIO<\/p>\n<p>CLASIFICACI\u00d3N IP54<\/p>\n<p>ANUNCIO DE CANALES<\/p>\n<p>ACCESORIOS DE CONECTOR DE CLAVIJA DE 2 DIENTES<\/p>\n<p>BATER\u00cdA DE LI ION ENTREGA HASTA 11 HORAS DE CONVERSACI\u00d3N<\/p>\n<p>PTT GRANDE Y CON TEXTURA.<\/p>\n<p>16 CANALES<\/p>\n<p>UHF\/FM<\/p>\n<p>RANGO: 403-470 MHZ<\/p>\n<p>POTENCIA 4 WATTS<\/p>\n<p>INCLUYE: BATER\u00cdA LI ION 1800 MAH ( FNB-Z181U ), CARGADOR DE ESCRITORIO R\u00c1PIDO , ANTENA STANDARD VHF-UHF, FUNDA , GU\u00cdA DE USO.<\/p>\n<p><strong>CONSULTE DISPONIBILIDAD Y VALORES DE ESTE PRODUCTO AL SIGUIENTE CORREO<\/strong><\/p>\n<p><strong>ventas@sarraf.cl<\/strong><\/p>\n","protected":false},"excerpt":{"rendered":"<p>PORTATIL ANALOGO VERTEX MODELO VZ30. EL RADIO VZ30 DE VERTEX AN\u00c1LOGA , ES ECON\u00d3MICO PARA USUARIOS B\u00c1SICOS E INTERMEDIOS. CUENTA CON TODAS LAS CARACTER\u00cdSTICAS NECESARIAS PARA ASEGURAR UNA COMUNICACI\u00d3N CONFIABLE Y DE CALIDAD ENTRE USUARIOS. CARACTER\u00cdSTICAS: ESCANEO VERS\u00c1TIL VOX INTERNO ( PERMITE MANOS LIBRES ) AUDIO FUERTE Y CLARO CON ALTOPARLANTE DE 1 VATIO CLASIFICACI\u00d3N [&hellip;]<\/p>\n","protected":false},"featured_media":747,"comment_status":"open","ping_status":"closed","template":"","meta":[],"_links":{"self":[{"href":"http:\/\/sarraf.cl\/Web\/wp-json\/wp\/v2\/product\/749"}],"collection":[{"href":"http:\/\/sarraf.cl\/Web\/wp-json\/wp\/v2\/product"}],"about":[{"href":"http:\/\/sarraf.cl\/Web\/wp-json\/wp\/v2\/types\/product"}],"replies":[{"embeddable":true,"href":"http:\/\/sarraf.cl\/Web\/wp-json\/wp\/v2\/comments?post=749"}],"wp:featuredmedia":[{"embeddable":true,"href":"http:\/\/sarraf.cl\/Web\/wp-json\/wp\/v2\/media\/747"}],"wp:attachment":[{"href":"http:\/\/sarraf.cl\/Web\/wp-json\/wp\/v2\/media?parent=749"}],"curies":[{"name":"wp","href":"https:\/\/api.w.org\/{rel}","templated":true}]}}