{"id":596,"date":"2018-03-09T08:48:59","date_gmt":"2018-03-09T12:48:59","guid":{"rendered":"http:\/\/sarraf.cl\/Web\/?post_type=product&#038;p=596"},"modified":"2020-05-11T17:26:25","modified_gmt":"2020-05-11T21:26:25","slug":"throat-acustico-con-mic-laringe-vr324k-st-para-kenwood","status":"publish","type":"product","link":"http:\/\/sarraf.cl\/Web\/producto\/throat-acustico-con-mic-laringe-vr324k-st-para-kenwood\/","title":{"rendered":"THROAT AC\u00daSTICO CON MIC LARINGE VR324K-ST PARA KENWOOD"},"content":{"rendered":"<p>THROAT AC\u00daSTICO CON MICR\u00d3FONO DE LARINGE Y AUD\u00cdFONO CON TUBO AC\u00daSTICO . PULSADOR EN CINTUR\u00d3N Y OTROS. COMPATIBLES CON PORTATILES DE : KENWOOD , VERO , KIRISUN, BAOFENG.<\/p>\n<p>MODELO: VR324K-ST<\/p>\n<p>&nbsp;<\/p>\n<p><strong>CONSULTE DISPONIBILIDAD Y VALORES DE ESTE PRODUCTO AL SIGUIENTE CORREO<\/strong><\/p>\n<p><strong>ventas@sarraf.cl<\/strong><\/p>\n","protected":false},"excerpt":{"rendered":"<p>THROAT AC\u00daSTICO CON MICR\u00d3FONO DE LARINGE Y AUD\u00cdFONO CON TUBO AC\u00daSTICO . PULSADOR EN CINTUR\u00d3N Y OTROS. COMPATIBLES CON PORTATILES DE : KENWOOD , VERO , KIRISUN, BAOFENG. MODELO: VR324K-ST &nbsp; CONSULTE DISPONIBILIDAD Y VALORES DE ESTE PRODUCTO AL SIGUIENTE CORREO ventas@sarraf.cl<\/p>\n","protected":false},"featured_media":597,"comment_status":"open","ping_status":"closed","template":"","meta":[],"_links":{"self":[{"href":"http:\/\/sarraf.cl\/Web\/wp-json\/wp\/v2\/product\/596"}],"collection":[{"href":"http:\/\/sarraf.cl\/Web\/wp-json\/wp\/v2\/product"}],"about":[{"href":"http:\/\/sarraf.cl\/Web\/wp-json\/wp\/v2\/types\/product"}],"replies":[{"embeddable":true,"href":"http:\/\/sarraf.cl\/Web\/wp-json\/wp\/v2\/comments?post=596"}],"wp:featuredmedia":[{"embeddable":true,"href":"http:\/\/sarraf.cl\/Web\/wp-json\/wp\/v2\/media\/597"}],"wp:attachment":[{"href":"http:\/\/sarraf.cl\/Web\/wp-json\/wp\/v2\/media?parent=596"}],"curies":[{"name":"wp","href":"https:\/\/api.w.org\/{rel}","templated":true}]}}