{"id":561,"date":"2020-05-11T16:51:07","date_gmt":"2020-05-11T20:51:07","guid":{"rendered":"http:\/\/sarraf.cl\/Web\/?post_type=product&#038;p=561"},"modified":"2020-06-13T22:45:03","modified_gmt":"2020-06-14T02:45:03","slug":"ksc-326k-cargador-rapido-multiple-6-unidades-kenwood","status":"publish","type":"product","link":"http:\/\/sarraf.cl\/Web\/producto\/ksc-326k-cargador-rapido-multiple-6-unidades-kenwood\/","title":{"rendered":"KSC-326K Cargador r\u00e1pido m\u00faltiple (6 unidades) Kenwood"},"content":{"rendered":"<p>KSC-326K Cargador r\u00e1pido m\u00faltiple (6 unidades) Kenwood<\/p>\n<p>&nbsp;<\/p>\n<p>Disponibilidad sujeta a stock<\/p>\n<p>Para mayor informaci\u00f3n contactarse al correo ventas@sarraf.cl<\/p>\n","protected":false},"excerpt":{"rendered":"<p>KSC-326K Cargador r\u00e1pido m\u00faltiple (6 unidades) Kenwood &nbsp; Disponibilidad sujeta a stock Para mayor informaci\u00f3n contactarse al correo ventas@sarraf.cl<\/p>\n","protected":false},"featured_media":1231,"comment_status":"open","ping_status":"closed","template":"","meta":[],"_links":{"self":[{"href":"http:\/\/sarraf.cl\/Web\/wp-json\/wp\/v2\/product\/561"}],"collection":[{"href":"http:\/\/sarraf.cl\/Web\/wp-json\/wp\/v2\/product"}],"about":[{"href":"http:\/\/sarraf.cl\/Web\/wp-json\/wp\/v2\/types\/product"}],"replies":[{"embeddable":true,"href":"http:\/\/sarraf.cl\/Web\/wp-json\/wp\/v2\/comments?post=561"}],"wp:featuredmedia":[{"embeddable":true,"href":"http:\/\/sarraf.cl\/Web\/wp-json\/wp\/v2\/media\/1231"}],"wp:attachment":[{"href":"http:\/\/sarraf.cl\/Web\/wp-json\/wp\/v2\/media?parent=561"}],"curies":[{"name":"wp","href":"https:\/\/api.w.org\/{rel}","templated":true}]}}