{"id":556,"date":"2018-01-18T13:36:54","date_gmt":"2018-01-18T17:36:54","guid":{"rendered":"http:\/\/sarraf.cl\/Web\/?post_type=product&#038;p=556"},"modified":"2020-05-11T16:49:02","modified_gmt":"2020-05-11T20:49:02","slug":"ksc-256k-cargador-rapido-multiple-6-unidades-kenwood","status":"publish","type":"product","link":"http:\/\/sarraf.cl\/Web\/producto\/ksc-256k-cargador-rapido-multiple-6-unidades-kenwood\/","title":{"rendered":"KSC-256K Cargador r\u00e1pido m\u00faltiple (6 unidades) Kenwood"},"content":{"rendered":"<p>KSC-256K Cargador r\u00e1pido m\u00faltiple (6 unidades) Kenwood<\/p>\n<p>&nbsp;<\/p>\n<p>Disponibilidad sujeta a stock<\/p>\n<p><strong>CONSULTE DISPONIBILIDAD Y VALORES DE ESTE PRODUCTO AL SIGUIENTE CORREO<\/strong><\/p>\n<p><strong>ventas@sarraf.cl<\/strong><\/p>\n","protected":false},"excerpt":{"rendered":"<p>KSC-256K Cargador r\u00e1pido m\u00faltiple (6 unidades) Kenwood &nbsp; Disponibilidad sujeta a stock CONSULTE DISPONIBILIDAD Y VALORES DE ESTE PRODUCTO AL SIGUIENTE CORREO ventas@sarraf.cl<\/p>\n","protected":false},"featured_media":557,"comment_status":"open","ping_status":"closed","template":"","meta":[],"_links":{"self":[{"href":"http:\/\/sarraf.cl\/Web\/wp-json\/wp\/v2\/product\/556"}],"collection":[{"href":"http:\/\/sarraf.cl\/Web\/wp-json\/wp\/v2\/product"}],"about":[{"href":"http:\/\/sarraf.cl\/Web\/wp-json\/wp\/v2\/types\/product"}],"replies":[{"embeddable":true,"href":"http:\/\/sarraf.cl\/Web\/wp-json\/wp\/v2\/comments?post=556"}],"wp:featuredmedia":[{"embeddable":true,"href":"http:\/\/sarraf.cl\/Web\/wp-json\/wp\/v2\/media\/557"}],"wp:attachment":[{"href":"http:\/\/sarraf.cl\/Web\/wp-json\/wp\/v2\/media?parent=556"}],"curies":[{"name":"wp","href":"https:\/\/api.w.org\/{rel}","templated":true}]}}