{"id":535,"date":"2018-01-08T23:17:20","date_gmt":"2018-01-09T03:17:20","guid":{"rendered":"http:\/\/sarraf.cl\/Web\/?post_type=product&#038;p=535"},"modified":"2020-05-11T16:52:47","modified_gmt":"2020-05-11T20:52:47","slug":"gps-tracker-modelo-ct-02-gsmgprs","status":"publish","type":"product","link":"http:\/\/sarraf.cl\/Web\/producto\/gps-tracker-modelo-ct-02-gsmgprs\/","title":{"rendered":"GPS TRACKER MODELO CT-02 GSM\/GPRS"},"content":{"rendered":"<p>GPS Tracker System es un dispositivo que permite el seguimiento de veh\u00edculos a trav\u00e9s de posicionamiento GPS y la red de datos GSM\/GPRS, estableciendo m\u00faltiples funciones de seguridad, posicionamiento, rastreo vehicular GPS, vigilancia remota, alarma de emergencia. ( SOLO ALGUNAS FUNCIONES MEDIANTE TARJETA SIM DE CUALQUIER COMPA\u00d1IA, RESTO DE UTILIDADES SOLO MEDIANTE PLATAFORMA A CONTRATAR ).<\/p>\n<p>&nbsp;<\/p>\n<p>&nbsp;<\/p>\n<p><strong>FUNCIONES<\/strong><\/p>\n<p>Soporta posicionamiento a trav\u00e9s de GPS y GSM<\/p>\n<p>Se puede visualizar desde mensajer\u00eda de texto SMS, GPRS y red de Internet<\/p>\n<p>&nbsp;<\/p>\n<p>Soporta modo de apagado por SMS y GPRS<\/p>\n<p>Bot\u00f3n SOS desde el interior del veh\u00edculo envi\u00e1ndose un mensaje de alerta, al sistema de plataforma el cu\u00e1l en pantalla indicar{a la emergencia con las coordenadas y mapa..<\/p>\n<p>Incluye bater\u00eda, para tener autonom\u00eda si cortan el suministro de corriente del veh\u00edculo.<\/p>\n<p>&nbsp;<\/p>\n<p>Env\u00eda informaci\u00f3n de:<\/p>\n<p>Posici\u00f3n geogr\u00e1fica del veh\u00edculo<\/p>\n<p>Velocidad de desplazamiento<\/p>\n<p>Se\u00f1al de p\u00e1nico o SOS para advertir de alg\u00fan percance<\/p>\n<p>Consumo de combustible (adicional sensor de estanque)<\/p>\n<p>Temperatura del motor (adicional sensor)<\/p>\n<p>Sensor de presi\u00f3n de aceite (adicional y seg\u00fan modelo de GPS )<\/p>\n<p>Apertura de puertas (seg\u00fan el modelo del veh\u00edculo)<\/p>\n<p>Encendido motor<\/p>\n<p>&nbsp;<\/p>\n<p>Activa las siguientes acciones:<\/p>\n<p>Paralizaci\u00f3n y bloqueo del veh\u00edculo por corta corriente activado por mensaje de texto<\/p>\n<p>Desbloqueo del veh\u00edculo<\/p>\n<p>Alarma por aumento de una velocidad configurada<\/p>\n<p>Alarma por traspaso de un l\u00edmite espacial configurado ( Zonas Geo )<\/p>\n<p>&nbsp;<\/p>\n<p><strong>Incluye:<\/strong><\/p>\n<p>&nbsp;<\/p>\n<p>1 GPS tracker<\/p>\n<p>1 Antena GSM<\/p>\n<p>1 Antena GPS<\/p>\n<p>1 Rel\u00e9 para el cortacorriente<\/p>\n<p>1 Kits cables de conexi\u00f3n<\/p>\n<p>&nbsp;<\/p>\n<p><strong>CONSULTE DISPONIBILIDAD Y VALORES DE ESTE PRODUCTO AL SIGUIENTE CORREO<\/strong><\/p>\n<p><strong>ventas@sarraf.cl<\/strong><\/p>\n","protected":false},"excerpt":{"rendered":"<p>GPS Tracker System es un dispositivo que permite el seguimiento de veh\u00edculos a trav\u00e9s de posicionamiento GPS y la red de datos GSM\/GPRS, estableciendo m\u00faltiples funciones de seguridad, posicionamiento, rastreo vehicular GPS, vigilancia remota, alarma de emergencia. ( SOLO ALGUNAS FUNCIONES MEDIANTE TARJETA SIM DE CUALQUIER COMPA\u00d1IA, RESTO DE UTILIDADES SOLO MEDIANTE PLATAFORMA A CONTRATAR [&hellip;]<\/p>\n","protected":false},"featured_media":536,"comment_status":"open","ping_status":"closed","template":"","meta":[],"_links":{"self":[{"href":"http:\/\/sarraf.cl\/Web\/wp-json\/wp\/v2\/product\/535"}],"collection":[{"href":"http:\/\/sarraf.cl\/Web\/wp-json\/wp\/v2\/product"}],"about":[{"href":"http:\/\/sarraf.cl\/Web\/wp-json\/wp\/v2\/types\/product"}],"replies":[{"embeddable":true,"href":"http:\/\/sarraf.cl\/Web\/wp-json\/wp\/v2\/comments?post=535"}],"wp:featuredmedia":[{"embeddable":true,"href":"http:\/\/sarraf.cl\/Web\/wp-json\/wp\/v2\/media\/536"}],"wp:attachment":[{"href":"http:\/\/sarraf.cl\/Web\/wp-json\/wp\/v2\/media?parent=535"}],"curies":[{"name":"wp","href":"https:\/\/api.w.org\/{rel}","templated":true}]}}