{"id":532,"date":"2018-01-08T23:07:46","date_gmt":"2018-01-09T03:07:46","guid":{"rendered":"http:\/\/sarraf.cl\/Web\/?post_type=product&#038;p=532"},"modified":"2020-05-14T09:46:24","modified_gmt":"2020-05-14T13:46:24","slug":"gps-tracker-para-vehiculo-gsmgprs-modelo-oct-600","status":"publish","type":"product","link":"http:\/\/sarraf.cl\/Web\/producto\/gps-tracker-para-vehiculo-gsmgprs-modelo-oct-600\/","title":{"rendered":"GPS TRACKER PARA VEHICULO GSM\/GPRS MODELO OCT-600"},"content":{"rendered":"<p>GPS TRACKER PARA VEHICULO OCT-600<\/p>\n<p>Dispositivo GPS vehicular para rastreo de veh\u00edculos mediante sistema GPRS.\u00a0 puede funcionar sin plataforma de visualizaci\u00f3n con solo insertar una SIM celular de cualquier compa\u00f1\u00eda m\u00f3vil y mediante mensaje de texto podr\u00e1 ver en su dispositivo celular la ubicaci\u00f3n en el momento de su veh\u00edculo. \u00e9sta opci\u00f3n no permite determinar velocidad , tiempo de traslado , rutas realizadas con anterioridad. permite enviar un mensaje al GPS mediante un tel\u00e9fono celular para cortar la energ\u00eda del veh\u00edculo en caso de robo. env\u00eda alertas de velocidad programada.<\/p>\n<p>Features:<\/p>\n<p>&nbsp;<\/p>\n<ol>\n<li>Tracking via SMS or GPRS (TCP\/UDP)<br \/>\nLiving location report<br \/>\n3. Tracking by time interval\/distance<br \/>\n4. Geo-fencing control and alarm<br \/>\n5. Speeding alert<br \/>\n6. Get detail address via SMS directly<br \/>\n7. External power cut alert<br \/>\n8. GOOGLE MAP link for location via SMS and call<br \/>\n9. Remote engine\/fuel cut<br \/>\n10. ACC Detection<br \/>\n11. SOS panic button,emergency alarm.<br \/>\n12. 2 ways\u00a0communication\u00a0(option)<br \/>\n13. Mileage calculation report<br \/>\n14. Fuel monitoring (option) ( Sensor de combustible seg\u00fan modelo M\u00f3vil )<br \/>\n15. Firmware updating OTA (option)<br \/>\n16. Voice monitoring ( option)<br \/>\n17. Speed limitation ( option)<\/li>\n<\/ol>\n<p>&nbsp;<\/p>\n<p><strong>Benefits:<\/strong><\/p>\n<p>Support APP, all can be done by a click, easy to operate;<\/p>\n<p>High capacity CPU, support customizing more functions;<\/p>\n<p>Special features designed for fleet management, improve working effective;<\/p>\n<p>Firmware update OTA, add new features for customers any time;<\/p>\n<p>Improve productivity and service<\/p>\n<p>&nbsp;<\/p>\n<p><strong>CONSULTE DISPONIBILIDAD Y VALORES DE ESTE PRODUCTO AL SIGUIENTE CORREO<\/strong><\/p>\n<p><strong>ventas@sarraf.cl<\/strong><\/p>\n<p>&nbsp;<\/p>\n<p>&nbsp;<\/p>\n<p>&nbsp;<\/p>\n","protected":false},"excerpt":{"rendered":"<p>GPS TRACKER PARA VEHICULO OCT-600 Dispositivo GPS vehicular para rastreo de veh\u00edculos mediante sistema GPRS.\u00a0 puede funcionar sin plataforma de visualizaci\u00f3n con solo insertar una SIM celular de cualquier compa\u00f1\u00eda m\u00f3vil y mediante mensaje de texto podr\u00e1 ver en su dispositivo celular la ubicaci\u00f3n en el momento de su veh\u00edculo. \u00e9sta opci\u00f3n no permite determinar [&hellip;]<\/p>\n","protected":false},"featured_media":534,"comment_status":"open","ping_status":"closed","template":"","meta":[],"_links":{"self":[{"href":"http:\/\/sarraf.cl\/Web\/wp-json\/wp\/v2\/product\/532"}],"collection":[{"href":"http:\/\/sarraf.cl\/Web\/wp-json\/wp\/v2\/product"}],"about":[{"href":"http:\/\/sarraf.cl\/Web\/wp-json\/wp\/v2\/types\/product"}],"replies":[{"embeddable":true,"href":"http:\/\/sarraf.cl\/Web\/wp-json\/wp\/v2\/comments?post=532"}],"wp:featuredmedia":[{"embeddable":true,"href":"http:\/\/sarraf.cl\/Web\/wp-json\/wp\/v2\/media\/534"}],"wp:attachment":[{"href":"http:\/\/sarraf.cl\/Web\/wp-json\/wp\/v2\/media?parent=532"}],"curies":[{"name":"wp","href":"https:\/\/api.w.org\/{rel}","templated":true}]}}