{"id":527,"date":"2017-09-13T22:37:34","date_gmt":"2017-09-14T02:37:34","guid":{"rendered":"http:\/\/sarraf.cl\/Web\/?post_type=product&#038;p=527"},"modified":"2020-04-16T14:22:28","modified_gmt":"2020-04-16T18:22:28","slug":"repetidor-kenwood-nxr-5700k-vhffm-digital","status":"publish","type":"product","link":"http:\/\/sarraf.cl\/Web\/producto\/repetidor-kenwood-nxr-5700k-vhffm-digital\/","title":{"rendered":"REPETIDOR KENWOOD NXR-5700K VHF\/FM ( DIGITAL )"},"content":{"rendered":"<p>REPETIDOR VHF\/FM<\/p>\n<p>Caracter\u00edsticas Generales<br \/>\n\u2022 136-174 MHz<br \/>\n\u2022 Cobertura amplia<br \/>\n\u2022 Potencia de salida 25\/5\/0.5 W \u00a0(100% ciclo continuo)<br \/>\n\u2022 Display de 2 digitos<br \/>\n\u2022 LED Indicador de estatus<br \/>\n\u2022 Interfaz USB 2.0 tipo B<br \/>\n\u2022 \u00a0Conectividad IP LAN\/WAN<br \/>\n\u2022 Interfaz Ethernet Network<br \/>\n\u2022 6Teclas programables<br \/>\n\u2022 Bocina frontal de 0.3 W<br \/>\n\u2022 Salida \u00a0de audio 3 W para bocina externa<br \/>\n\u2022 Control de Volumen<br \/>\n\u2022 Programaci\u00f3n \/ Interfaz modem<br \/>\n\u2022 Interfaz de terminaci\u00f3n Remota<br \/>\n\u2022 \u00a0AUX I\/O&#8217;s \u00a0programables<br \/>\n\u2022 Control Remoto DTMF<br \/>\n\u2022 Actualizaci\u00f3n por memoria Flash<br \/>\n\u2022 Actializacion de Firmware v\u00eda remota<br \/>\n\u2022 Opci\u00f3n para interconexi\u00f3n telef\u00f3nica<\/p>\n<p>DIGITAL \u2013 GENERAL<br \/>\n\u2022 Interfaz digital al aire NXDN<br \/>\n\u2022 Vocoder AMBE+2TM<br \/>\n\u2022 Anchos de canal de 6.25 y 12.5 kHz<br \/>\n\u2022 0.5 ppm TCXO Interconstruido<br \/>\n\u2022 Unidad OCXO \u00a0(KXK-3) opcional<br \/>\n\u2022 Validacion de UID y GID<br \/>\n\u2022 NXR Over-the-Air Alias<br \/>\n\u2022 Listo para protocolo SNMP<br \/>\n\u2022 Salida de FER (Frame Error Rate) \/ RSSI<\/p>\n<p>DIGITAL \u2013 Troncalizado<br \/>\n\u2022 Red NEXEDGE Gen2 * NXDN Troncalizado Tipo-C (Gen1) posteriormente disponible<br \/>\n\u2022 Modo Transmission Trunked<br \/>\n\u2022 Modo Message Trunked<br \/>\n\u2022 Lista de espera de acceso al sistema<br \/>\n\u2022 Lista de espera con Pre-emption<br \/>\n\u2022 Entrada tard\u00eda (UID &amp; GID)<br \/>\n\u2022 Cambio automatico de Control \/ Canal de tr\u00e1fico<br \/>\n\u2022 Rotacion de canal de control<br \/>\n\u2022 Cross-Busy<br \/>\n\u2022 Modo Failsoft<br \/>\n\u2022 Modo compartido de canal NXDN<br \/>\n\u2022 Validaci\u00f3n \u00a0de ESN<br \/>\n\u2022 Roaming \/ Registro \u00a0Automatico<br \/>\n\u2022 Llamada de grupo de cobertura amplia<\/p>\n<p>DIGITAL \u2013 MODO CONVENCIONAL<br \/>\n\u2022 FM Mixto \/ Operaci\u00f3n Digital<br \/>\n\u2022 Red IP Convencional<br \/>\n\u2022 Capacidad Roaming multisitio<br \/>\n\u2022 Simulcast digital (Disponible posteriormente)<\/p>\n<p>Modo An\u00e1logo FM<br \/>\n\u2022 Tabla de tonos multiple 16 QT\/DQTs<br \/>\n\u2022 Temporizador de colgado \/ Time Out Timer \/ CW ID<br \/>\n\u2022 Interfaz para controlador FM externo<br \/>\n\u2022 EIA Generador de tono Voting<br \/>\n\u2022 Interfaz para controlador externo LTR\u00ae<br \/>\n\u200b\u2022 Interfaz para controlador externo MPT1327<\/p>\n<p><strong>CONSULTE DISPONIBILIDAD Y VALORES DE ESTE PRODUCTO AL SIGUIENTE CORREO<\/strong><\/p>\n<p><strong>ventas@sarraf.cl<\/strong><\/p>\n","protected":false},"excerpt":{"rendered":"<p>REPETIDOR VHF\/FM Caracter\u00edsticas Generales \u2022 136-174 MHz \u2022 Cobertura amplia \u2022 Potencia de salida 25\/5\/0.5 W \u00a0(100% ciclo continuo) \u2022 Display de 2 digitos \u2022 LED Indicador de estatus \u2022 Interfaz USB 2.0 tipo B \u2022 \u00a0Conectividad IP LAN\/WAN \u2022 Interfaz Ethernet Network \u2022 6Teclas programables \u2022 Bocina frontal de 0.3 W \u2022 Salida \u00a0de [&hellip;]<\/p>\n","protected":false},"featured_media":528,"comment_status":"closed","ping_status":"closed","template":"","meta":[],"_links":{"self":[{"href":"http:\/\/sarraf.cl\/Web\/wp-json\/wp\/v2\/product\/527"}],"collection":[{"href":"http:\/\/sarraf.cl\/Web\/wp-json\/wp\/v2\/product"}],"about":[{"href":"http:\/\/sarraf.cl\/Web\/wp-json\/wp\/v2\/types\/product"}],"replies":[{"embeddable":true,"href":"http:\/\/sarraf.cl\/Web\/wp-json\/wp\/v2\/comments?post=527"}],"wp:featuredmedia":[{"embeddable":true,"href":"http:\/\/sarraf.cl\/Web\/wp-json\/wp\/v2\/media\/528"}],"wp:attachment":[{"href":"http:\/\/sarraf.cl\/Web\/wp-json\/wp\/v2\/media?parent=527"}],"curies":[{"name":"wp","href":"https:\/\/api.w.org\/{rel}","templated":true}]}}