{"id":519,"date":"2017-09-13T22:10:59","date_gmt":"2017-09-14T02:10:59","guid":{"rendered":"http:\/\/sarraf.cl\/Web\/?post_type=product&#038;p=519"},"modified":"2020-04-16T14:52:04","modified_gmt":"2020-04-16T18:52:04","slug":"repetidor-kenwood-tkr-750k2-vhffm-analogo","status":"publish","type":"product","link":"http:\/\/sarraf.cl\/Web\/producto\/repetidor-kenwood-tkr-750k2-vhffm-analogo\/","title":{"rendered":"REPETIDOR KENWOOD TKR-750K2  VHF\/FM ( ANALOGO )"},"content":{"rendered":"<p>REPETIDOR VHF\/FM RANGO: 136-150 MHZ<\/p>\n<div class=\"tituloPanel\">CARACTER\u00cdSTICAS<\/div>\n<div class=\"tituloPanel\"><\/div>\n<div class=\"caracteristicasPanel\">-Ciclo de trabajo al 100 %, 25 W.<br \/>\n<b>-Panel comunitario de 16 tonos integrado.<\/b><br \/>\n-Identificaci\u00f3n de CW.<br \/>\n-Conector DB-25 con interfaz l\u00f3gica para entradas y salidas auxiliares para control extremo.<br \/>\n-Voltaje de entrada: 13.8 Vcd.<br \/>\n-Entrada para respaldo de baterias la cual se activa autom\u00e1ticamente (Para mantener cargada la bater\u00eda habilitar el puente charge).<br \/>\n-Osciladores de alta estabilidad (TCXO).<br \/>\n-Montaje en rack de 19&#8243;.<br \/>\n-Compatible para sistemas convencionales y troncales abiertos.<b>NUEVAS CARACTER\u00cdSTICAS DE LA VERSI\u00d3N 2:<\/b><br \/>\n-Alerta de respaldo de bater\u00eda y tono de operaci\u00f3n.<br \/>\n-Funci\u00f3n remota y control de salida auxiliar por aire por DTMF.<br \/>\n-Control encendido \/ apagado.<br \/>\n-Tono de cortes\u00eda (S\u00f3lo en la operaci\u00f3n de repetidor).<br \/>\n-Conector BNC Hembra para RX y N-Hembra para TX.<br \/>\n-Capacidad de conmutaci\u00f3n de antena integrada para operaci\u00f3n base.<b>EN MODO DE ESTACI\u00d3N BASE:<\/b><br \/>\n-16 canales.<br \/>\n-Operaci\u00f3n simplex o full d\u00faplex.<br \/>\n-Scan prioritario.<br \/>\n-Pantalla de 2 d\u00edgitos, la cual indica n\u00famero de canal y estado de operaci\u00f3n.<br \/>\n-Puerto para encripci\u00f3n de voz.<br \/>\n-Entradas para control remoto.<\/p>\n<p><b>Para el trabajo \u00f3ptimo de este Repetidor se requiere ajuste con monitor de servicio consulte al Depto. de Ingenier\u00eda.<\/b><\/p>\n<p><b>Dimensiones:<\/b>\u00a0483 x 88 x 340 mm<\/p>\n<p><strong>CONSULTE DISPONIBILIDAD Y VALORES DE ESTE PRODUCTO AL SIGUIENTE CORREO<\/strong><\/p>\n<p><strong>ventas@sarraf.cl<\/strong><\/p>\n<\/div>\n<p>&nbsp;<\/p>\n","protected":false},"excerpt":{"rendered":"<p>REPETIDOR VHF\/FM RANGO: 136-150 MHZ CARACTER\u00cdSTICAS -Ciclo de trabajo al 100 %, 25 W. -Panel comunitario de 16 tonos integrado. -Identificaci\u00f3n de CW. -Conector DB-25 con interfaz l\u00f3gica para entradas y salidas auxiliares para control extremo. -Voltaje de entrada: 13.8 Vcd. -Entrada para respaldo de baterias la cual se activa autom\u00e1ticamente (Para mantener cargada la [&hellip;]<\/p>\n","protected":false},"featured_media":518,"comment_status":"open","ping_status":"closed","template":"","meta":[],"_links":{"self":[{"href":"http:\/\/sarraf.cl\/Web\/wp-json\/wp\/v2\/product\/519"}],"collection":[{"href":"http:\/\/sarraf.cl\/Web\/wp-json\/wp\/v2\/product"}],"about":[{"href":"http:\/\/sarraf.cl\/Web\/wp-json\/wp\/v2\/types\/product"}],"replies":[{"embeddable":true,"href":"http:\/\/sarraf.cl\/Web\/wp-json\/wp\/v2\/comments?post=519"}],"wp:featuredmedia":[{"embeddable":true,"href":"http:\/\/sarraf.cl\/Web\/wp-json\/wp\/v2\/media\/518"}],"wp:attachment":[{"href":"http:\/\/sarraf.cl\/Web\/wp-json\/wp\/v2\/media?parent=519"}],"curies":[{"name":"wp","href":"https:\/\/api.w.org\/{rel}","templated":true}]}}