{"id":516,"date":"2017-09-13T20:57:07","date_gmt":"2017-09-14T00:57:07","guid":{"rendered":"http:\/\/sarraf.cl\/Web\/?post_type=product&#038;p=516"},"modified":"2020-04-16T14:54:11","modified_gmt":"2020-04-16T18:54:11","slug":"movil-kenwood-nx-700k-digital-uhffm","status":"publish","type":"product","link":"http:\/\/sarraf.cl\/Web\/producto\/movil-kenwood-nx-700k-digital-uhffm\/","title":{"rendered":"MOVIL KENWOOD NX-700K DIGITAL UHF\/FM"},"content":{"rendered":"<p>TRANSCEPTOR MOVIL KENWOOD DIGITAL UHF 512 CH, 450-520 MHz, 30W<\/p>\n<p>-Pantalla de 14 caracteres alfanum\u00e9ricos.<br \/>\n-Iconos de funciones y estatus en pantalla.<br \/>\n-Tecla de emergencia auxiliar.<br \/>\n-Tonos de alerta programables.<br \/>\n-Conector de accesorios DB-25 (conexi\u00f3n a PC).<br \/>\n-Sensor de ignici\u00f3n.<br \/>\n-Voceo P\u00fablico (opcional).<br \/>\n-Memoria flash.<br \/>\n-Opci\u00f3n para conexi\u00f3n de receptor GPS.<br \/>\n-Opci\u00f3n para tarjeta VGS-1 y grabaci\u00f3n de voz.<br \/>\n-Scan sencillo\/multizona y con doble prioridad.<br \/>\n-512 canales.<br \/>\n-Digital NEXEDGE 6.25 \/ 12.5 kHz.<br \/>\n-Fabricado en ambiente ISO 9001:2000.<br \/>\n-Cumple norma IP54 \/ 55.<br \/>\n-Aprobado por la FCC (Federal Communications Commission).<br \/>\n-5 a\u00f1os de garant\u00eda.<\/p>\n<p><b>Digital \/ General<\/b><br \/>\n-NXDN Interface digital.<br \/>\n-Vocoder AMBE +2.<br \/>\n-Canales de 6.25 y 12.5 kHz.<br \/>\n-Alias en pantalla.<br \/>\n-Llamada de b\u00fasqueda.<br \/>\n-Llamada de emergencia.<br \/>\n<b>-Encripci\u00f3n NXDN 32,767 c\u00f3digos diferentes.<br \/>\n-Env\u00edo y recepci\u00f3n de 207 mensajes de texto pregrabados de 16 caracteres.<\/b><br \/>\n-Desactivaci\u00f3n de radio v\u00eda aire (desde el software de despacho).<br \/>\n<b>-Env\u00edo y recepci\u00f3n de mensajes cortos de texto (100 caracteres editables).<\/b><br \/>\n-Reportes GPS con PTT ID y EMERGENCIA.<br \/>\n-Reportes GPS con mensajes de estatus.<br \/>\n-Historial GPS con tarjeta VGS-1.<\/p>\n<p><b>MODO DIGITAL-CONVENCIONAL<\/b><br \/>\n-63 N\u00fameros de acceso de radio a repetidor (RAN).<br \/>\n<b>-Operaci\u00f3n en modo mixto de FM Anal\u00f3gico \/ Digital.<\/b><\/p>\n<p><b>Modo Digital &#8211; Troncal.<\/b><br \/>\n-ID de monitor prioritario 1 y 2.<br \/>\n-Entrada tard\u00eda &#8220;Late Entry&#8221;.<br \/>\n-Llamada general &#8220;Broadcast&#8221;.<br \/>\n-Capacidad de 30 canales por sitio.<br \/>\n<b>-Operaci\u00f3n en modo mixto de FM Anal\u00f3gico \/ Troncal Digital.<\/b><br \/>\n-Compatible con sistemas multisitio.<br \/>\n-Reagrupamiento din\u00e1mico.<\/p>\n<p><b>Modo General FM (Anal\u00f3gico)<\/b><br \/>\n-Canales de 25 y 12.5 kHz.<br \/>\n-FleetSync I \/ II.<br \/>\n-Codificaci\u00f3n y decodificaci\u00f3n DTMF.<br \/>\n-Compensaci\u00f3n de audio.<br \/>\n-Encripci\u00f3n de inversi\u00f3n de voz.<br \/>\n-Puerto plug-in para tarjeta ANI o encripci\u00f3n.<\/p>\n<p><b>FM Modo Troncal LTR.<\/b><br \/>\n-Caracter\u00edsticas Kenwood LTR.<\/p>\n<p><b>FleetSync I \/ II (S\u00f3lo FM, anal\u00f3gico)<\/b><br \/>\n-PTT-ID digital ANI.<br \/>\n-Llamada selectiva y de grupo<br \/>\n-Mensajes de Estatus.<br \/>\n-Estado de emergencia.<br \/>\n-Desplegado de ID en pantalla.<br \/>\n-Mensajes de texto cortos.<br \/>\n-Mensajes de estatus Encendido \/ Apagado.<br \/>\n-Mensajes de entradas \/ salidas.<br \/>\n-Funci\u00f3n de enviar y desplegar GPS en pantalla.<br \/>\n-Reportes GPS con PTT-ID y EMERGENCIA.<br \/>\n-Reporte GPS con mensajes de estatus.<br \/>\n-Reporte GPS con sensor de ignici\u00f3n.<br \/>\n-Historial GPS con tarjeta VGS-1.<\/p>\n<p><b>Con M\u00f3dem GPS<\/b><br \/>\nObtenga la posici\u00f3n del Radio en un Sistema LAV (Requiere Antena GM158DB9, Arn\u00e9s SKRR180GPSDC y Modificaci\u00f3n).<\/p>\n<p><b>100 % Digitales<\/b><br \/>\nNo requieren repetidor para operar en modo digital.<\/p>\n<p><strong>CONSULTE DISPONIBILIDAD Y VALORES DE ESTE PRODUCTO AL SIGUIENTE CORREO<\/strong><\/p>\n<p><strong>ventas@sarraf.cl<\/strong><\/p>\n","protected":false},"excerpt":{"rendered":"<p>TRANSCEPTOR MOVIL KENWOOD DIGITAL UHF 512 CH, 450-520 MHz, 30W -Pantalla de 14 caracteres alfanum\u00e9ricos. -Iconos de funciones y estatus en pantalla. -Tecla de emergencia auxiliar. -Tonos de alerta programables. -Conector de accesorios DB-25 (conexi\u00f3n a PC). -Sensor de ignici\u00f3n. -Voceo P\u00fablico (opcional). -Memoria flash. -Opci\u00f3n para conexi\u00f3n de receptor GPS. -Opci\u00f3n para tarjeta VGS-1 [&hellip;]<\/p>\n","protected":false},"featured_media":515,"comment_status":"open","ping_status":"closed","template":"","meta":[],"_links":{"self":[{"href":"http:\/\/sarraf.cl\/Web\/wp-json\/wp\/v2\/product\/516"}],"collection":[{"href":"http:\/\/sarraf.cl\/Web\/wp-json\/wp\/v2\/product"}],"about":[{"href":"http:\/\/sarraf.cl\/Web\/wp-json\/wp\/v2\/types\/product"}],"replies":[{"embeddable":true,"href":"http:\/\/sarraf.cl\/Web\/wp-json\/wp\/v2\/comments?post=516"}],"wp:featuredmedia":[{"embeddable":true,"href":"http:\/\/sarraf.cl\/Web\/wp-json\/wp\/v2\/media\/515"}],"wp:attachment":[{"href":"http:\/\/sarraf.cl\/Web\/wp-json\/wp\/v2\/media?parent=516"}],"curies":[{"name":"wp","href":"https:\/\/api.w.org\/{rel}","templated":true}]}}