{"id":506,"date":"2017-09-11T23:11:36","date_gmt":"2017-09-12T03:11:36","guid":{"rendered":"http:\/\/sarraf.cl\/Web\/?post_type=product&#038;p=506"},"modified":"2020-05-14T10:17:53","modified_gmt":"2020-05-14T14:17:53","slug":"movil-kenwood-nx-840k-uhffm-digital","status":"publish","type":"product","link":"http:\/\/sarraf.cl\/Web\/producto\/movil-kenwood-nx-840k-uhffm-digital\/","title":{"rendered":"MOVIL KENWOOD NX-840K UHF\/FM DIGITAL"},"content":{"rendered":"<ul>\n<li><strong><img decoding=\"async\" loading=\"lazy\" class=\"alignnone size-medium wp-image-505\" src=\"http:\/\/sarraf.cl\/Web\/wp-content\/uploads\/2017\/09\/NX-740K-300x132.jpg\" alt=\"\" width=\"300\" height=\"132\" srcset=\"http:\/\/sarraf.cl\/Web\/wp-content\/uploads\/2017\/09\/NX-740K-300x132.jpg 300w, http:\/\/sarraf.cl\/Web\/wp-content\/uploads\/2017\/09\/NX-740K-600x263.jpg 600w, http:\/\/sarraf.cl\/Web\/wp-content\/uploads\/2017\/09\/NX-740K-768x337.jpg 768w, http:\/\/sarraf.cl\/Web\/wp-content\/uploads\/2017\/09\/NX-740K-1024x450.jpg 1024w, http:\/\/sarraf.cl\/Web\/wp-content\/uploads\/2017\/09\/NX-740K.jpg 1922w\" sizes=\"(max-width: 300px) 100vw, 300px\" \/>Impresionante audio, fuerte y claro.<\/strong><\/li>\n<li><strong>2 zonas programables en digital o anal\u00f3gico con 16 canales cada una.<\/strong><\/li>\n<li><strong>Ahora puede operar en modo troncalizado obteniendo mayor eficiencia de llamadas.<\/strong><\/li>\n<li><strong>Encripci\u00f3n digital, m\u00e1s de 32,000 c\u00f3digos diferentes&#8230;!<\/strong><\/li>\n<li><strong>45 W UHF ( 450-520 MHZ ) | NXDN<\/strong><\/li>\n<li><strong>IP-54 para intrusi\u00f3n de agua o polvo<\/strong><\/li>\n<li><strong>Fabricado en Ambiente ISO 9000<\/strong><\/li>\n<li><strong>Cumple Est\u00e1ndares Militares MIL-STD 810 C\/D\/E\/F<\/strong><\/li>\n<li><strong>3 A\u00f1os de Garant\u00eda<\/strong><\/li>\n<\/ul>\n<p><strong>Caracter\u00edsticas Generales<\/strong><\/p>\n<ul>\n<li>LED multicolor indicador de transmisi\u00f3n \/ ocupado \/ llamada de alerta \/ escaneo\/advertencia.<\/li>\n<li>Potencia de audio de 4 W.<\/li>\n<li>Display de LED de 2 digitos.<\/li>\n<li>Anunciador auditivo de zona \/ canal \/ funci\u00f3n.<\/li>\n<li>Llamada de emergencia inteligente.<\/li>\n<li>Alerta de trabajador solitario por canal (Lone Worker Alert).<\/li>\n<li>Temporizador de transmisi\u00f3n (TOT).<\/li>\n<li>Candado de canal ocupado.<\/li>\n<li>8 puertos programables entrada\/salida.<\/li>\n<li>9 teclas programables.<\/li>\n<li>Cloneo inal\u00e1mbrico.<\/li>\n<li>Password de encendido, lectura y escritura.<\/li>\n<li>Cumple con MIL-STD 810 C\/D\/E\/F\/G.<\/li>\n<li>Cumple con IP54 humedad e intrusi\u00f3n de polvo.<\/li>\n<li>Canales anal\u00f3gicos en 12.5 kHz y 25 kHz (versi\u00f3n 2.0).<\/li>\n<li>Encripci\u00f3n por inversi\u00f3n de voz de alto nivel.<\/li>\n<\/ul>\n<p><strong>Modo Digital Convencional<\/strong><\/p>\n<ul>\n<li>Interfaz digital NXDN.<\/li>\n<li>Canales en 6.25 kHz y 12.5 kHz (versi\u00f3n 2.0).<\/li>\n<li>Env\u00edo de alias al aire.<\/li>\n<li>LLamada de emergencia, de grupo e individual.<\/li>\n<li>Env\u00edo de mensajes de estatus.<\/li>\n<li>Desactivaci\u00f3n de radio v\u00eda aire Stun\/Kill\/ Revive (en Rx).<\/li>\n<li>Monitoreo remoto (en Rx).<\/li>\n<li>Encripci\u00f3n NXDN de 32,767 c\u00f3digos de seguridad.<\/li>\n<li>Reporte de datos GPS (req. antena GPS).<\/li>\n<li>Roaming para sistemas muli-sitio.<\/li>\n<li>Notificaci\u00f3n de encendido.<\/li>\n<\/ul>\n<p><strong>Modo digital Troncal<\/strong><\/p>\n<ul>\n<li>Opera en modo troncal Tipo D con opci\u00f3n KWD-NXD40K (versi\u00f3n 2.0).<\/li>\n<li>Llamadas de grupo, individuales y de emergencia.<\/li>\n<li>Registro de n\u00famero de serie electr\u00f3nico (ESN).<\/li>\n<li>ID`s de grupo con prioridad.<\/li>\n<\/ul>\n<p><strong>FleetSync<\/strong><\/p>\n<ul>\n<li>PTT-ID digital ANI.<\/li>\n<li>Llamada individual, de grupo y de emergencia.<\/li>\n<li>Estatus de emergencia.<\/li>\n<li>Reporte de datos GPS (req. antena GPS).<\/li>\n<li>Env\u00edo de mensajes de estatus.<\/li>\n<\/ul>\n<p><strong>MDC-1200<\/strong><\/p>\n<ul>\n<li>PTT ID ANI \/ Caller ID.<\/li>\n<li>Emergencia.<\/li>\n<li>Monitoreo remoto.<\/li>\n<li>Radio kill.<\/li>\n<\/ul>\n<p><strong>DTMF<\/strong><\/p>\n<ul>\n<li>PTT ID.<\/li>\n<li>Llamada de emergencia.<\/li>\n<li>Radio Stun y Revive.<\/li>\n<li>Env\u00edo de multiples c\u00f3digos DTMF.<\/li>\n<li><\/li>\n<li><strong>CONSULTE DISPONIBILIDAD Y VALORES DE ESTE PRODUCTO AL SIGUIENTE CORREO<\/strong><strong>ventas@sarraf.cl<\/strong><\/li>\n<\/ul>\n","protected":false},"excerpt":{"rendered":"<p>Impresionante audio, fuerte y claro. 2 zonas programables en digital o anal\u00f3gico con 16 canales cada una. Ahora puede operar en modo troncalizado obteniendo mayor eficiencia de llamadas. Encripci\u00f3n digital, m\u00e1s de 32,000 c\u00f3digos diferentes&#8230;! 45 W UHF ( 450-520 MHZ ) | NXDN IP-54 para intrusi\u00f3n de agua o polvo Fabricado en Ambiente ISO [&hellip;]<\/p>\n","protected":false},"featured_media":505,"comment_status":"open","ping_status":"closed","template":"","meta":[],"_links":{"self":[{"href":"http:\/\/sarraf.cl\/Web\/wp-json\/wp\/v2\/product\/506"}],"collection":[{"href":"http:\/\/sarraf.cl\/Web\/wp-json\/wp\/v2\/product"}],"about":[{"href":"http:\/\/sarraf.cl\/Web\/wp-json\/wp\/v2\/types\/product"}],"replies":[{"embeddable":true,"href":"http:\/\/sarraf.cl\/Web\/wp-json\/wp\/v2\/comments?post=506"}],"wp:featuredmedia":[{"embeddable":true,"href":"http:\/\/sarraf.cl\/Web\/wp-json\/wp\/v2\/media\/505"}],"wp:attachment":[{"href":"http:\/\/sarraf.cl\/Web\/wp-json\/wp\/v2\/media?parent=506"}],"curies":[{"name":"wp","href":"https:\/\/api.w.org\/{rel}","templated":true}]}}