{"id":491,"date":"2017-09-11T22:43:08","date_gmt":"2017-09-12T02:43:08","guid":{"rendered":"http:\/\/sarraf.cl\/Web\/?post_type=product&#038;p=491"},"modified":"2020-04-16T15:14:20","modified_gmt":"2020-04-16T19:14:20","slug":"movil-kenwood-tk-7302k-vhffm","status":"publish","type":"product","link":"http:\/\/sarraf.cl\/Web\/producto\/movil-kenwood-tk-7302k-vhffm\/","title":{"rendered":"MOVIL KENWOOD TK-7302K VHF\/FM"},"content":{"rendered":"<p>Radio inteligente de la M\u00e1s Alta Tecnolog\u00eda.<\/p>\n<p>RANGO: 137-174 MHZ<\/p>\n<p>-Password de encendido, lectura y escritura.<br \/>\n<b>-Encripci\u00f3n por inversi\u00f3n de voz (scrambler) de Alto Nivel con 16 c\u00f3digos seleccionables del 2000 al 4096 por canal.<\/b><br \/>\n-Pausa de PTT-ID: Inhibe el env\u00edo de PTT durante un tiempo preestablecido.<br \/>\n-Identificaci\u00f3n auditiva de canal.<br \/>\n-Exploraci\u00f3n (SCAN) con prioridad multi-zona.<br \/>\n-Funci\u00f3n de Operador Solitario (Lone Worker).<br \/>\n-Identifica de forma audible si el canal de operaci\u00f3n tiene activado el encriptor.<br \/>\n-Tonos de alerta especiales para decodificaci\u00f3n de llamada selectiva por 2 tonos, DTMF y FleetSync.<br \/>\n-Conector de accesorios con puerto D-SUB 15 de alta densidad.<br \/>\n-9 Teclas programables iluminadas.<\/p>\n<p><b>Se\u00f1alizaci\u00f3n DTMF<\/b><br \/>\n-PTT ID (ANI).<br \/>\n-Llamada selectiva, de grupo y general.<br \/>\n-Llamada de emergencia inteligente.<br \/>\n-Radio Kill (inhibici\u00f3n v\u00eda aire).<br \/>\n-Confirmaci\u00f3n de llamada recibida.<\/p>\n<p><b>FleetSync (1200 \/ 2400 bps)<\/b><br \/>\n-PTT ID (ANI).<br \/>\n-Llamada selectiva, de grupo y general.<br \/>\n-Radio Kill (inhibici\u00f3n v\u00eda aire).<br \/>\n-Llamada de emergencia inteligente.<br \/>\n-2 Mensajes de estatus pregrabados.<br \/>\n-Capacidad de operaci\u00f3n GPS (s\u00f3lo como remoto), requiere antena receptora GM158DB15.<br \/>\n<b>-Cambio autom\u00e1tico de canal al enviar los datos de GPS.<\/b><br \/>\n-1 entrada \/ salida para revelador (no incluido).<\/p>\n<p><b>Se\u00f1alizaci\u00f3n MDC-1200<\/b><br \/>\n-PTT ID (ANI).<br \/>\n-Llamada de emergencia inteligente.<br \/>\n-Radio Kill (inhibici\u00f3n v\u00eda aire).<br \/>\n-Radio Check (Verifica que el radio este encendido).<\/p>\n<p><b>Incluye<\/b><br \/>\n-Cable de corriente.<br \/>\n-Micr\u00f3fono KMC-35.<br \/>\n-Bracket y accesorios de instalaci\u00f3n.<\/p>\n<p><b>*Fabricado en ambiente ISO 9001:2000.<br \/>\n*Aprobado por la FCC.<br \/>\n*Cumple con Est\u00e1ndares Militares MIL-STD 810 C, D, E y F.<br \/>\n*3 a\u00f1os de garant\u00eda.<\/b><\/p>\n<p><strong>CONSULTE DISPONIBILIDAD Y VALORES DE ESTE PRODUCTO AL SIGUIENTE CORREO<\/strong><\/p>\n<p><strong>ventas@sarraf.cl<\/strong><\/p>\n","protected":false},"excerpt":{"rendered":"<p>Radio inteligente de la M\u00e1s Alta Tecnolog\u00eda. RANGO: 137-174 MHZ -Password de encendido, lectura y escritura. -Encripci\u00f3n por inversi\u00f3n de voz (scrambler) de Alto Nivel con 16 c\u00f3digos seleccionables del 2000 al 4096 por canal. -Pausa de PTT-ID: Inhibe el env\u00edo de PTT durante un tiempo preestablecido. -Identificaci\u00f3n auditiva de canal. -Exploraci\u00f3n (SCAN) con prioridad [&hellip;]<\/p>\n","protected":false},"featured_media":493,"comment_status":"open","ping_status":"closed","template":"","meta":[],"_links":{"self":[{"href":"http:\/\/sarraf.cl\/Web\/wp-json\/wp\/v2\/product\/491"}],"collection":[{"href":"http:\/\/sarraf.cl\/Web\/wp-json\/wp\/v2\/product"}],"about":[{"href":"http:\/\/sarraf.cl\/Web\/wp-json\/wp\/v2\/types\/product"}],"replies":[{"embeddable":true,"href":"http:\/\/sarraf.cl\/Web\/wp-json\/wp\/v2\/comments?post=491"}],"wp:featuredmedia":[{"embeddable":true,"href":"http:\/\/sarraf.cl\/Web\/wp-json\/wp\/v2\/media\/493"}],"wp:attachment":[{"href":"http:\/\/sarraf.cl\/Web\/wp-json\/wp\/v2\/media?parent=491"}],"curies":[{"name":"wp","href":"https:\/\/api.w.org\/{rel}","templated":true}]}}