{"id":433,"date":"2017-08-10T23:54:59","date_gmt":"2017-08-11T03:54:59","guid":{"rendered":"http:\/\/sarraf.cl\/Web\/?post_type=product&#038;p=433"},"modified":"2020-05-07T16:31:38","modified_gmt":"2020-05-07T20:31:38","slug":"portatil-icom-ic-f3003-uhffm","status":"publish","type":"product","link":"http:\/\/sarraf.cl\/Web\/producto\/portatil-icom-ic-f3003-uhffm\/","title":{"rendered":"PORTATIL ICOM IC-F4003 UHF\/FM"},"content":{"rendered":"<h2>Accesible, Radio de Alto Rendimiento que Ofrece Abundantes Caracter\u00edsticas<\/h2>\n<div id=\"Features\">\n<h4>Operaci\u00f3n simple para comunicaci\u00f3n instant\u00e1nea, Rango 450 \/ 512 Mhz<\/h4>\n<p>La serie IC-F4003 posee solamente botones laterales y perillas para control de volumen y canales que no requieren un entrenamiento especial para ser utilizadas. Las grandes perillas y botones laterales permiten un accionamiento antideslizante, a\u00fan cuando se utilizan guantes.<\/p>\n<h4>Potencia de salida de audio de 800mW (t\u00edpica)<\/h4>\n<p>El amplificador BTL incorporado ofrece una potente salida de audio de 800mW<span class=\"DisclaimerFlag\">*<\/span>\u00a0a trav\u00e9s del gran altavoz de 45mm. El radio emite un audio fuerte e inteligible a\u00fan en ambientes ruidosos.<br \/>\n<span class=\"Disclaimer\">T\u00edpico con altavoz interno<\/span><\/p>\n<h4>Largo tiempo de operaci\u00f3n<\/h4>\n<p>Con el paquete de bater\u00edas Li-Ion modelo BP-265 de 2000mAh, el radio ofrece 20 horas de tiempo de operaci\u00f3n facilitando su portabilidad. A\u00fan cuando se utiliza con el peque\u00f1o paquete de bater\u00edas Ni-MH modelo BP-264, el radio ofrece 14 horas de tiempo de operaci\u00f3n.<\/p>\n<h4>Construcci\u00f3n reforzada IP54 y MIL-STD-810<\/h4>\n<p>A\u00fan cuando el radio es una unidad compacta con una altura de solamente 111mm, este ha sido probado para ofrecer protecci\u00f3n al polvo y resistencia al agua de acuerdo a IP54 y 11 categor\u00edas de MIL-STD-810 para pruebas ambientales, con lo cual puede operar normalmente incluso en severas condiciones de uso.<\/p>\n<h4>Capacidad de VOX interna para operaci\u00f3n con manos libres<\/h4>\n<p>El radio posee capacidad de VOX interna permitiendo su operaci\u00f3n con manos libres. Una diadema opcional con cable adaptador OPC-2004 puede ser utilizada con el radio. La ganancia y el tiempo de retardo de VOX son tambi\u00e9n ajustables.<\/p>\n<h4>Codificador\/Decodificador de 2 tonos y 5 tonos<\/h4>\n<p>Se\u00f1alizaci\u00f3n con 2 tonos y 5 tonos le permite por medio de programaci\u00f3n efectuar funciones tales como llamadas selectivas, espera en silencio y otras funciones convenientes. La funci\u00f3n \u201caturdimiento del radio\u201d desabilita el radio a trav\u00e9s del aire y la funci\u00f3n \u201creactivaci\u00f3n\u201d habilita el radio que fue previamente deshabilitado.<\/p>\n<h4>Funciones de escaneo<\/h4>\n<p>El escaneo prioritario le permite monitorear uno o dos canales prioritarios mientras escanea otros canales no prioritarios. El canal Tx y las funciones de respuesta le permite responder en forma r\u00e1pida mientras escanea.<\/p>\n<h4>Otras caracter\u00edsticas<\/h4>\n<ul class=\"MoreFeatures\">\n<li>Marcado autom\u00e1tico DTMF<\/li>\n<li>Transmisi\u00f3n de ID de PTT BIIS<\/li>\n<li>Alerta de bater\u00eda baja<\/li>\n<li>Programaci\u00f3n por medio de PC<\/li>\n<li>Funci\u00f3n de conversaci\u00f3n<\/li>\n<li>Funci\u00f3n intensificada de emergencia<\/li>\n<li>Funci\u00f3n de vigilancia<\/li>\n<li>Codificador\/decodificador CTCSS\/DTCS<\/li>\n<li>MDC PTT ID y emergencia<\/li>\n<li>Ahorro de energ\u00eda en 2 etapas<\/li>\n<li>Clonaci\u00f3n de transceptor a transceptor<\/li>\n<li>Temporizador para tiempo l\u00edmite<\/li>\n<li>Funci\u00f3n de trabajador solitario<\/li>\n<li>LED tricolor<\/li>\n<\/ul>\n<p>&nbsp;<\/p>\n<p><strong>CONSULTE DISPONIBILIDAD Y VALORES DE ESTE PRODUCTO AL SIGUIENTE CORREO<\/strong><\/p>\n<p><strong>ventas@sarraf.cl<\/strong><\/p>\n<\/div>\n","protected":false},"excerpt":{"rendered":"<p>Accesible, Radio de Alto Rendimiento que Ofrece Abundantes Caracter\u00edsticas Operaci\u00f3n simple para comunicaci\u00f3n instant\u00e1nea, Rango 450 \/ 512 Mhz La serie IC-F4003 posee solamente botones laterales y perillas para control de volumen y canales que no requieren un entrenamiento especial para ser utilizadas. Las grandes perillas y botones laterales permiten un accionamiento antideslizante, a\u00fan cuando [&hellip;]<\/p>\n","protected":false},"featured_media":428,"comment_status":"open","ping_status":"closed","template":"","meta":[],"_links":{"self":[{"href":"http:\/\/sarraf.cl\/Web\/wp-json\/wp\/v2\/product\/433"}],"collection":[{"href":"http:\/\/sarraf.cl\/Web\/wp-json\/wp\/v2\/product"}],"about":[{"href":"http:\/\/sarraf.cl\/Web\/wp-json\/wp\/v2\/types\/product"}],"replies":[{"embeddable":true,"href":"http:\/\/sarraf.cl\/Web\/wp-json\/wp\/v2\/comments?post=433"}],"wp:featuredmedia":[{"embeddable":true,"href":"http:\/\/sarraf.cl\/Web\/wp-json\/wp\/v2\/media\/428"}],"wp:attachment":[{"href":"http:\/\/sarraf.cl\/Web\/wp-json\/wp\/v2\/media?parent=433"}],"curies":[{"name":"wp","href":"https:\/\/api.w.org\/{rel}","templated":true}]}}