{"id":400,"date":"2017-08-10T09:42:48","date_gmt":"2017-08-10T13:42:48","guid":{"rendered":"http:\/\/sarraf.cl\/Web\/?post_type=product&#038;p=400"},"modified":"2020-05-07T16:46:25","modified_gmt":"2020-05-07T20:46:25","slug":"movil-kenwood-nx-3720hg-digital-vhffm","status":"publish","type":"product","link":"http:\/\/sarraf.cl\/Web\/producto\/movil-kenwood-nx-3720hg-digital-vhffm\/","title":{"rendered":"MOVIL KENWOOD NX-3720HG DIGITAL VHF\/FM"},"content":{"rendered":"<p><strong>Caracter\u00edsticas Destacadas<\/strong><\/p>\n<ul>\n<li>Rango : 136 \/ 174 Mhz<\/li>\n<li>Operaci\u00f3n multiprotocolo digital NXDN o DMR\u00a0y FM anal\u00f3gico.<\/li>\n<li>NXDN opera en modo convencional y troncal tipo C<\/li>\n<li>incluyendo Gen2.<\/li>\n<li>DMR opera en Tier I y II.<\/li>\n<li>Modo mezclado digital\/anal\u00f3gico permitiendo\u00a0migrar gradualmente.<\/li>\n<li>4 l\u00edneas de informaci\u00f3n en pantalla, incluyendo\u00a0\u00edconos y 14 caracteres.<\/li>\n<li>Indicador de estatus con LED de 7 colores distintos\u00a0en el panel frontal.<\/li>\n<li>GPS.<\/li>\n<li>Bluetooth interconstruido.<\/li>\n<li>Grabaci\u00f3n de llamadas.<\/li>\n<li>Cancelaci\u00f3n de ruido activo (ANR) que utiliza\u00a0un DSP interconstruido.<\/li>\n<li>Encriptaci\u00f3n de voz opcional de alto nivel DES\/AES.<\/li>\n<li>Cumple IP54.<\/li>\n<li>Cumple MIL-STD-810 C\/D\/E\/F\/G.<\/li>\n<\/ul>\n<p><strong>Caracter\u00edsticas Generales<\/strong><\/p>\n<ul>\n<li>Operaci\u00f3n del equipo con anunciamiento por voz.<\/li>\n<li>4 Watts de potencia de audio.<\/li>\n<li>512 canales\/128 zonas.<\/li>\n<li>Opci\u00f3n disponible para 1,000 canales.<\/li>\n<li>Cambio entre bocina interna y externa.<\/li>\n<li>Opci\u00f3n de programaci\u00f3n v\u00eda Bluetooth.<\/li>\n<li>Trabajador solitario.<\/li>\n<li>Mensajes de texto.<\/li>\n<li>Funcion opcional de administrador remoto para\u00a0Stun\/Kill\/Check\/Monitoreo Remoto.<\/li>\n<li>Funci\u00f3n opcional de programaci\u00f3n en el panel del radio.<\/li>\n<\/ul>\n<p><strong>Modo Anal\u00f3gico FM<\/strong><\/p>\n<ul>\n<li>Operaci\u00f3n en modo convencional y troncal LTR.<\/li>\n<li>Se\u00f1alizaci\u00f3n FleetSync; env\u00edo e identificaci\u00f3n de ID en\u00a0pantalla y mensajes de texto.<\/li>\n<li>Se\u00f1alizaci\u00f3n MDC-1200; env\u00edo e identificaci\u00f3n de ID en\u00a0pantalla, llamada individual y de emergencia.<\/li>\n<li>QT\/DQT, 2 tonos\/DTMF.<\/li>\n<li>Inversi\u00f3n de voz mediante Scrambler.<\/li>\n<\/ul>\n<p><strong>Modo Digital NXDN \u00a0<img decoding=\"async\" src=\"https:\/\/ftp3.syscom.mx\/usuarios\/fotos\/NX3220K\/137432-nxdn.png\" alt=\"\" \/><\/strong><\/p>\n<ul>\n<li>Operaci\u00f3n en modo convencional.<\/li>\n<li>Operaci\u00f3n en modo troncal Tipo C y Gen2 opcional.<\/li>\n<li>Encriptaci\u00f3n inclu\u00edda con m\u00e1s de 32,000 c\u00f3digos de\u00a0seguridad.<\/li>\n<li>Llamada individual, de grupo y emergencia.<\/li>\n<li>Mensajer\u00eda.<\/li>\n<li>Canales en 6.25 y 12.5 kHz.<\/li>\n<li>Env\u00edo de alias v\u00eda aire (no requiere un listado para\u00a0identificar en pantalla).<\/li>\n<li>Reprogramaci\u00f3n v\u00eda aire con software OTAP.<\/li>\n<\/ul>\n<p><strong>Modo Digital DMR \u00a0<img decoding=\"async\" src=\"https:\/\/ftp3.syscom.mx\/usuarios\/fotos\/NX3220K\/137432-dmr.png\" alt=\"\" \/><\/strong><\/p>\n<ul>\n<li>Cumple los est\u00e1ndares de ETSI DMR Tier II.<\/li>\n<li>2 slots con TDMA en canales de 12.5 kHz.<\/li>\n<li>Interrupci\u00f3n de llamada (para radios Kenwood).<\/li>\n<li>Roaming.<\/li>\n<li>Doble ranura en modo directo.<\/li>\n<li>Encriptaci\u00f3n ARC4 (opcional).<\/li>\n<\/ul>\n<p>&nbsp;<\/p>\n<p><strong>CONSULTE DISPONIBILIDAD Y VALORES DE ESTE PRODUCTO AL SIGUIENTE CORREO<\/strong><\/p>\n<p><strong>ventas@sarraf.cl<\/strong><\/p>\n","protected":false},"excerpt":{"rendered":"<p>Caracter\u00edsticas Destacadas Rango : 136 \/ 174 Mhz Operaci\u00f3n multiprotocolo digital NXDN o DMR\u00a0y FM anal\u00f3gico. NXDN opera en modo convencional y troncal tipo C incluyendo Gen2. DMR opera en Tier I y II. Modo mezclado digital\/anal\u00f3gico permitiendo\u00a0migrar gradualmente. 4 l\u00edneas de informaci\u00f3n en pantalla, incluyendo\u00a0\u00edconos y 14 caracteres. Indicador de estatus con LED de [&hellip;]<\/p>\n","protected":false},"featured_media":401,"comment_status":"open","ping_status":"closed","template":"","meta":[],"_links":{"self":[{"href":"http:\/\/sarraf.cl\/Web\/wp-json\/wp\/v2\/product\/400"}],"collection":[{"href":"http:\/\/sarraf.cl\/Web\/wp-json\/wp\/v2\/product"}],"about":[{"href":"http:\/\/sarraf.cl\/Web\/wp-json\/wp\/v2\/types\/product"}],"replies":[{"embeddable":true,"href":"http:\/\/sarraf.cl\/Web\/wp-json\/wp\/v2\/comments?post=400"}],"wp:featuredmedia":[{"embeddable":true,"href":"http:\/\/sarraf.cl\/Web\/wp-json\/wp\/v2\/media\/401"}],"wp:attachment":[{"href":"http:\/\/sarraf.cl\/Web\/wp-json\/wp\/v2\/media?parent=400"}],"curies":[{"name":"wp","href":"https:\/\/api.w.org\/{rel}","templated":true}]}}