{"id":390,"date":"2017-08-09T18:57:44","date_gmt":"2017-08-09T22:57:44","guid":{"rendered":"http:\/\/sarraf.cl\/Web\/?post_type=product&#038;p=390"},"modified":"2020-05-07T13:21:38","modified_gmt":"2020-05-07T17:21:38","slug":"portatil-kenwood-nx-3220-digital-vhffm","status":"publish","type":"product","link":"http:\/\/sarraf.cl\/Web\/producto\/portatil-kenwood-nx-3220-digital-vhffm\/","title":{"rendered":"PORTATIL KENWOOD NX-3220 DIGITAL VHF\/FM"},"content":{"rendered":"<p><strong>Caracter\u00edsticas Generales<\/strong><\/p>\n<ul>\n<li>Rango: 136\/174 Mhz<\/li>\n<li>Operaci\u00f3n del equipo con anunciamiento por voz.<\/li>\n<li>1 Watt de potencia de audio.<\/li>\n<li>Extenso ancho de banda de 120 MHz en el modelo UHF<\/li>\n<li>260 canales\/128 zonas (64 canales en el modelo sin pantalla).<\/li>\n<li>Opci\u00f3n disponible para 1,000 canales.<\/li>\n<li>Versi\u00f3n opcional intr\u00ednsecamente seguro (pr\u00f3ximamente).<\/li>\n<li>Opci\u00f3n de programaci\u00f3n v\u00eda Bluetooth.<\/li>\n<li>Trabajador solitario.<\/li>\n<li>Mensajes de texto.<\/li>\n<li>Funcion opcional de administrador remoto para Stun\/Kill\/Check\/<\/li>\n<li>Monitoreo Remoto.<\/li>\n<li>Funci\u00f3n opcional de programaci\u00f3n en el panel del radio.<\/li>\n<\/ul>\n<p><strong>Modo FM An\u00e1logico<\/strong><\/p>\n<ul>\n<li>Operaci\u00f3n en modo convencional y troncal LTR.<\/li>\n<li>Se\u00f1alizaci\u00f3n FleetSync; env\u00edo e identificaci\u00f3n de ID en pantalla y mensajes\u00a0de texto.<\/li>\n<li>Se\u00f1alizaci\u00f3n MDC-1200; env\u00edo e identificaci\u00f3n de ID en pantalla, llamada\u00a0individual y de emergencia.<\/li>\n<li>QT\/DQT, 2 tonos\/DTMF.<\/li>\n<li>Inversi\u00f3n de voz mediante Scrambler.<\/li>\n<\/ul>\n<p><strong>M<\/strong><strong>od<\/strong><strong>o Digital\u00a0<\/strong><strong>NXDN \u00a0\u00a0<img decoding=\"async\" src=\"https:\/\/ftp3.syscom.mx\/usuarios\/fotos\/NX3220K\/137432-nxdn.png\" alt=\"\" \/><\/strong><\/p>\n<ul>\n<li>Operaci\u00f3n en modo convencional.<\/li>\n<li>Operaci\u00f3n en modo troncal Tipo C y Gen2 opcional.<\/li>\n<li>Encriptaci\u00f3n inclu\u00edda con m\u00e1s de 32,000 c\u00f3digos de seguridad.<\/li>\n<li>Llamada individual, de grupo y emergencia.<\/li>\n<li>Mensajer\u00eda.<\/li>\n<li>Canales en 6.25 y 12.5 kHz.<\/li>\n<li>Env\u00edo de alias v\u00eda aire (no requiere un listado para identificar en\u00a0pantalla).<\/li>\n<li>Reprogramaci\u00f3n v\u00eda aire (OTAP)(opcional).<\/li>\n<\/ul>\n<p>&nbsp;<\/p>\n<p><strong>CONSULTE DISPONIBILIDAD Y VALORES DE ESTE PRODUCTO AL SIGUIENTE CORREO<\/strong><\/p>\n<p><strong>ventas@sarraf.cl<\/strong><\/p>\n","protected":false},"excerpt":{"rendered":"<p>Caracter\u00edsticas Generales Rango: 136\/174 Mhz Operaci\u00f3n del equipo con anunciamiento por voz. 1 Watt de potencia de audio. Extenso ancho de banda de 120 MHz en el modelo UHF 260 canales\/128 zonas (64 canales en el modelo sin pantalla). Opci\u00f3n disponible para 1,000 canales. Versi\u00f3n opcional intr\u00ednsecamente seguro (pr\u00f3ximamente). Opci\u00f3n de programaci\u00f3n v\u00eda Bluetooth. Trabajador [&hellip;]<\/p>\n","protected":false},"featured_media":391,"comment_status":"open","ping_status":"closed","template":"","meta":[],"_links":{"self":[{"href":"http:\/\/sarraf.cl\/Web\/wp-json\/wp\/v2\/product\/390"}],"collection":[{"href":"http:\/\/sarraf.cl\/Web\/wp-json\/wp\/v2\/product"}],"about":[{"href":"http:\/\/sarraf.cl\/Web\/wp-json\/wp\/v2\/types\/product"}],"replies":[{"embeddable":true,"href":"http:\/\/sarraf.cl\/Web\/wp-json\/wp\/v2\/comments?post=390"}],"wp:featuredmedia":[{"embeddable":true,"href":"http:\/\/sarraf.cl\/Web\/wp-json\/wp\/v2\/media\/391"}],"wp:attachment":[{"href":"http:\/\/sarraf.cl\/Web\/wp-json\/wp\/v2\/media?parent=390"}],"curies":[{"name":"wp","href":"https:\/\/api.w.org\/{rel}","templated":true}]}}