{"id":365,"date":"2017-08-09T13:41:42","date_gmt":"2017-08-09T17:41:42","guid":{"rendered":"http:\/\/sarraf.cl\/Web\/?post_type=product&#038;p=365"},"modified":"2020-04-16T17:06:40","modified_gmt":"2020-04-16T21:06:40","slug":"portatil-th-180-ip-tesunho","status":"publish","type":"product","link":"http:\/\/sarraf.cl\/Web\/producto\/portatil-th-180-ip-tesunho\/","title":{"rendered":"PORTATIL TH-180 IP TESUNHO"},"content":{"rendered":"<p><strong>EQUIPO PORTATIL TH-180 IP \u00a0SOLO MODALIDAD EN ARRIENDO<\/strong><\/p>\n<p>Pantalla de puntos Lcd con 128&#215;64 p\u00edxeles<\/p>\n<p>Handy, Portabilidad<\/p>\n<p>20 niveles de volumen electr\u00f3nicos<\/p>\n<p>La interfaz amigable muestra la informaci\u00f3n de la llamada<\/p>\n<p>Linterna LED<\/p>\n<p>Funci\u00f3n GPS<\/p>\n<p>Indicador de capacidad de la bater\u00eda<\/p>\n<p>Tecla programable<\/p>\n<p>Llamadas privadas, Llamadas de grupo<\/p>\n<p>WCDMA: Band 1 : 2100M\u00a0Band 5 : 850M(optional)Band 8 : 900M<em>\u00a0<\/em><\/p>\n<p>GSM: GSM\/GPRS :\u00a0GSM\/GPRS :<em>\u00a0<\/em>900M \/1800M\u00a0850M \/1900M<\/p>\n<p>Dimensiones: 39 ( H ) \u00d760 ( W ) \u00d7135 ( L ) mm<\/p>\n<p>Peso: 180 g<\/p>\n<p>VALOR ARRIENDO MENSUAL 1,4 UF + IVA<\/p>\n<p><strong>CONSULTE DISPONIBILIDAD Y VALORES DE ESTE PRODUCTO AL SIGUIENTE CORREO<\/strong><\/p>\n<p><strong>ventas@sarraf.cl<\/strong><\/p>\n<p>&nbsp;<\/p>\n","protected":false},"excerpt":{"rendered":"<p>EQUIPO PORTATIL TH-180 IP \u00a0SOLO MODALIDAD EN ARRIENDO Pantalla de puntos Lcd con 128&#215;64 p\u00edxeles Handy, Portabilidad 20 niveles de volumen electr\u00f3nicos La interfaz amigable muestra la informaci\u00f3n de la llamada Linterna LED Funci\u00f3n GPS Indicador de capacidad de la bater\u00eda Tecla programable Llamadas privadas, Llamadas de grupo WCDMA: Band 1 : 2100M\u00a0Band 5 : [&hellip;]<\/p>\n","protected":false},"featured_media":366,"comment_status":"open","ping_status":"closed","template":"","meta":[],"_links":{"self":[{"href":"http:\/\/sarraf.cl\/Web\/wp-json\/wp\/v2\/product\/365"}],"collection":[{"href":"http:\/\/sarraf.cl\/Web\/wp-json\/wp\/v2\/product"}],"about":[{"href":"http:\/\/sarraf.cl\/Web\/wp-json\/wp\/v2\/types\/product"}],"replies":[{"embeddable":true,"href":"http:\/\/sarraf.cl\/Web\/wp-json\/wp\/v2\/comments?post=365"}],"wp:featuredmedia":[{"embeddable":true,"href":"http:\/\/sarraf.cl\/Web\/wp-json\/wp\/v2\/media\/366"}],"wp:attachment":[{"href":"http:\/\/sarraf.cl\/Web\/wp-json\/wp\/v2\/media?parent=365"}],"curies":[{"name":"wp","href":"https:\/\/api.w.org\/{rel}","templated":true}]}}