{"id":352,"date":"2017-08-09T13:08:13","date_gmt":"2017-08-09T17:08:13","guid":{"rendered":"http:\/\/sarraf.cl\/Web\/?post_type=product&#038;p=352"},"modified":"2020-04-16T17:08:02","modified_gmt":"2020-04-16T21:08:02","slug":"portatil-ip-tesunho-th-388","status":"publish","type":"product","link":"http:\/\/sarraf.cl\/Web\/producto\/portatil-ip-tesunho-th-388\/","title":{"rendered":"PORTATIL IP TESUNHO TH-388"},"content":{"rendered":"<p><strong>EQUIPO PORTATIL TH-388 IP SOLO MODALIDAD EN ARRIENDO<\/strong><\/p>\n<p>1.44 pantalla TFT con 128&#215;128 p\u00edxeles y 65K colores<\/p>\n<p>Llamadas de grupo, Llamadas P2P, Llamadas r\u00e1pidas<\/p>\n<p>Linterna LED<\/p>\n<p>Informaci\u00f3n del Despachador<\/p>\n<p>La interfaz amigable muestra la informaci\u00f3n de la llamada<\/p>\n<p>SOS y APRS<\/p>\n<p>Funci\u00f3n GPS<\/p>\n<p>WCDMA: Band 1 : 2100M\u00a0Band 5 : 850M(optional)Band 8 : 900M<em>\u00a0<\/em><\/p>\n<p>GSM: GSM\/GPRS :\u00a0GSM\/GPRS :<em>\u00a0<\/em>900M \/1800M\u00a0850M \/1900MDimensiones: 40 ( H ) \u00d760 ( W ) \u00d7120 ( L ) mm<\/p>\n<p>Peso: 289 g<\/p>\n<p>VALOR MENSUAL 1,4 UF + IVA.<\/p>\n<p>INCLUYE MINUTOS ILIMITADOS PARA LLAMAR ENTRE GRUPOS, LICENCIA INCLUIDA. VALOR PARA COBERTURA NACIONAL DONDE EXISTE RED DE DATOS. PARA AQUELLOS QUE REQUIERAN USO EN EL EXTRANJERO DEBEN DE CONTRATAR SERVICIO ESPECIAL Y CONSULTAR VALOR EN ESTE CASO.<\/p>\n<p><strong>CONSULTE DISPONIBILIDAD Y VALORES DE ESTE PRODUCTO AL SIGUIENTE CORREO<\/strong><\/p>\n<p><strong>ventas@sarraf.cl<\/strong><\/p>\n","protected":false},"excerpt":{"rendered":"<p>EQUIPO PORTATIL TH-388 IP SOLO MODALIDAD EN ARRIENDO 1.44 pantalla TFT con 128&#215;128 p\u00edxeles y 65K colores Llamadas de grupo, Llamadas P2P, Llamadas r\u00e1pidas Linterna LED Informaci\u00f3n del Despachador La interfaz amigable muestra la informaci\u00f3n de la llamada SOS y APRS Funci\u00f3n GPS WCDMA: Band 1 : 2100M\u00a0Band 5 : 850M(optional)Band 8 : 900M\u00a0 GSM: [&hellip;]<\/p>\n","protected":false},"featured_media":353,"comment_status":"open","ping_status":"closed","template":"","meta":[],"_links":{"self":[{"href":"http:\/\/sarraf.cl\/Web\/wp-json\/wp\/v2\/product\/352"}],"collection":[{"href":"http:\/\/sarraf.cl\/Web\/wp-json\/wp\/v2\/product"}],"about":[{"href":"http:\/\/sarraf.cl\/Web\/wp-json\/wp\/v2\/types\/product"}],"replies":[{"embeddable":true,"href":"http:\/\/sarraf.cl\/Web\/wp-json\/wp\/v2\/comments?post=352"}],"wp:featuredmedia":[{"embeddable":true,"href":"http:\/\/sarraf.cl\/Web\/wp-json\/wp\/v2\/media\/353"}],"wp:attachment":[{"href":"http:\/\/sarraf.cl\/Web\/wp-json\/wp\/v2\/media?parent=352"}],"curies":[{"name":"wp","href":"https:\/\/api.w.org\/{rel}","templated":true}]}}