{"id":304,"date":"2017-08-04T23:42:43","date_gmt":"2017-08-05T03:42:43","guid":{"rendered":"http:\/\/sarraf.cl\/Web\/?post_type=product&#038;p=304"},"modified":"2020-05-07T12:50:06","modified_gmt":"2020-05-07T16:50:06","slug":"movil-kenwood-tk-d840k-uhffm","status":"publish","type":"product","link":"http:\/\/sarraf.cl\/Web\/producto\/movil-kenwood-tk-d840k-uhffm\/","title":{"rendered":"MOVIL KENWOOD TK-D840K UHF\/FM"},"content":{"rendered":"<ul>\n<li>RADIO UHF DIGITAL DMR \/ ANAL\u00d3GICO<\/li>\n<li>TECNOLOG\u00cdA TDMA DUAL SLOT EN 12,5 KHZ<\/li>\n<li>RANGO: 450-512 MHZ<\/li>\n<li>POTENCIA: 45 WATTS<\/li>\n<li>CANALES: 32 \/ 2 ZONAS<\/li>\n<li>PANTALLA CON 2 D\u00cdGITOS LED<\/li>\n<li>SE\u00d1ALIZACI\u00d3N : FLEETSYNC. MDC-1200<\/li>\n<li>INCLUYE MICR\u00d3FONO KMC-30 Y BRACKET<\/li>\n<li>CALL INTERRUPTION &#8211; LONE WORKER<\/li>\n<li>MODO MIXTO. AMBE+2 VOCODER<\/li>\n<li>NORMAS MIL-STD-810. CUMPLE IP-54\/55<\/li>\n<\/ul>\n<p>&nbsp;<\/p>\n<p><strong>CONSULTE DISPONIBILIDAD Y VALORES DE ESTE PRODUCTO AL SIGUIENTE CORREO<\/strong><\/p>\n<p><strong>ventas@sarraf.cl<\/strong><\/p>\n","protected":false},"excerpt":{"rendered":"<p>RADIO UHF DIGITAL DMR \/ ANAL\u00d3GICO TECNOLOG\u00cdA TDMA DUAL SLOT EN 12,5 KHZ RANGO: 450-512 MHZ POTENCIA: 45 WATTS CANALES: 32 \/ 2 ZONAS PANTALLA CON 2 D\u00cdGITOS LED SE\u00d1ALIZACI\u00d3N : FLEETSYNC. MDC-1200 INCLUYE MICR\u00d3FONO KMC-30 Y BRACKET CALL INTERRUPTION &#8211; LONE WORKER MODO MIXTO. AMBE+2 VOCODER NORMAS MIL-STD-810. CUMPLE IP-54\/55 &nbsp; CONSULTE DISPONIBILIDAD Y [&hellip;]<\/p>\n","protected":false},"featured_media":303,"comment_status":"open","ping_status":"closed","template":"","meta":[],"_links":{"self":[{"href":"http:\/\/sarraf.cl\/Web\/wp-json\/wp\/v2\/product\/304"}],"collection":[{"href":"http:\/\/sarraf.cl\/Web\/wp-json\/wp\/v2\/product"}],"about":[{"href":"http:\/\/sarraf.cl\/Web\/wp-json\/wp\/v2\/types\/product"}],"replies":[{"embeddable":true,"href":"http:\/\/sarraf.cl\/Web\/wp-json\/wp\/v2\/comments?post=304"}],"wp:featuredmedia":[{"embeddable":true,"href":"http:\/\/sarraf.cl\/Web\/wp-json\/wp\/v2\/media\/303"}],"wp:attachment":[{"href":"http:\/\/sarraf.cl\/Web\/wp-json\/wp\/v2\/media?parent=304"}],"curies":[{"name":"wp","href":"https:\/\/api.w.org\/{rel}","templated":true}]}}