{"id":302,"date":"2017-08-04T23:40:16","date_gmt":"2017-08-05T03:40:16","guid":{"rendered":"http:\/\/sarraf.cl\/Web\/?post_type=product&#038;p=302"},"modified":"2020-05-07T12:51:52","modified_gmt":"2020-05-07T16:51:52","slug":"movil-kenwood-tk-d740k-vhffm","status":"publish","type":"product","link":"http:\/\/sarraf.cl\/Web\/producto\/movil-kenwood-tk-d740k-vhffm\/","title":{"rendered":"MOVIL KENWOOD TK-D740K VHF\/FM"},"content":{"rendered":"<ul>\n<li>RADIO VHF DIGITAL DMR \/ ANAL\u00d3GICO<\/li>\n<li>TECNOLOG\u00cdA TDMA DUAL SLOT EN 12,5 KHZ<\/li>\n<li>RANGO: 136-174 MHZ<\/li>\n<li>POTENCIA: 50 WATTS<\/li>\n<li>CANALES: 32 \/ 2 ZONAS<\/li>\n<li>PANTALLA CON 2 D\u00cdGITOS LED<\/li>\n<li>SE\u00d1ALIZACI\u00d3N : FLEETSYNC. MDC-1200<\/li>\n<li>INCLUYE MICR\u00d3FONO KMC-30 Y BRACKET<\/li>\n<li>CALL INTERRUPTION &#8211; LONE WORKER<\/li>\n<li>MODO MIXTO. AMBE+2 VOCODER<\/li>\n<li>NORMAS MIL-STD-810. CUMPLE IP-54\/55<\/li>\n<\/ul>\n<p>&nbsp;<\/p>\n<p><strong>CONSULTE DISPONIBILIDAD Y VALORES DE ESTE PRODUCTO AL SIGUIENTE CORREO<\/strong><\/p>\n<p><strong>ventas@sarraf.cl<\/strong><\/p>\n","protected":false},"excerpt":{"rendered":"<p>RADIO VHF DIGITAL DMR \/ ANAL\u00d3GICO TECNOLOG\u00cdA TDMA DUAL SLOT EN 12,5 KHZ RANGO: 136-174 MHZ POTENCIA: 50 WATTS CANALES: 32 \/ 2 ZONAS PANTALLA CON 2 D\u00cdGITOS LED SE\u00d1ALIZACI\u00d3N : FLEETSYNC. MDC-1200 INCLUYE MICR\u00d3FONO KMC-30 Y BRACKET CALL INTERRUPTION &#8211; LONE WORKER MODO MIXTO. AMBE+2 VOCODER NORMAS MIL-STD-810. CUMPLE IP-54\/55 &nbsp; CONSULTE DISPONIBILIDAD Y [&hellip;]<\/p>\n","protected":false},"featured_media":303,"comment_status":"open","ping_status":"closed","template":"","meta":[],"_links":{"self":[{"href":"http:\/\/sarraf.cl\/Web\/wp-json\/wp\/v2\/product\/302"}],"collection":[{"href":"http:\/\/sarraf.cl\/Web\/wp-json\/wp\/v2\/product"}],"about":[{"href":"http:\/\/sarraf.cl\/Web\/wp-json\/wp\/v2\/types\/product"}],"replies":[{"embeddable":true,"href":"http:\/\/sarraf.cl\/Web\/wp-json\/wp\/v2\/comments?post=302"}],"wp:featuredmedia":[{"embeddable":true,"href":"http:\/\/sarraf.cl\/Web\/wp-json\/wp\/v2\/media\/303"}],"wp:attachment":[{"href":"http:\/\/sarraf.cl\/Web\/wp-json\/wp\/v2\/media?parent=302"}],"curies":[{"name":"wp","href":"https:\/\/api.w.org\/{rel}","templated":true}]}}