{"id":301,"date":"2017-08-04T23:33:20","date_gmt":"2017-08-05T03:33:20","guid":{"rendered":"http:\/\/sarraf.cl\/Web\/?post_type=product&#038;p=301"},"modified":"2020-05-13T17:31:37","modified_gmt":"2020-05-13T21:31:37","slug":"portatil-kenwood-tk-d340k-uhffm","status":"publish","type":"product","link":"http:\/\/sarraf.cl\/Web\/producto\/portatil-kenwood-tk-d340k-uhffm\/","title":{"rendered":"PORT\u00c1TIL KENWOOD TK-D340K UHF\/FM"},"content":{"rendered":"<ul>\n<li>RADIO UHF DIGITAL DMR\/ANAL\u00d3GICO<\/li>\n<li>TECNOLOG\u00cdA TDMA DUAL SLOT EN 12,5 KHZ<\/li>\n<li>RANGO: 450-520 MHZ<\/li>\n<li>POTENCIA: 4 WATTS<\/li>\n<li>CANALES: 32 \/ 2 ZONAS<\/li>\n<li>SE\u00d1ALIZACI\u00d3N : FLEETSYNC . MDC1200<\/li>\n<li>BATER\u00cdA 2000 MAH KNB-45L LI-ION<\/li>\n<li>ANTENA : KRA-27<\/li>\n<li>CALL INTERRUPTION-LONE WORKER<\/li>\n<li>MODO MIXTO AMBE +2 VOCODER<\/li>\n<li>NORMAS MIL\/STD-810 CUMPLE IP-54\/55<\/li>\n<\/ul>\n<p>&nbsp;<\/p>\n<p><strong>CONSULTE DISPONIBILIDAD Y VALORES DE ESTE PRODUCTO AL SIGUIENTE CORREO<\/strong><\/p>\n<p><strong>ventas@sarraf.cl<\/strong><\/p>\n","protected":false},"excerpt":{"rendered":"<p>RADIO UHF DIGITAL DMR\/ANAL\u00d3GICO TECNOLOG\u00cdA TDMA DUAL SLOT EN 12,5 KHZ RANGO: 450-520 MHZ POTENCIA: 4 WATTS CANALES: 32 \/ 2 ZONAS SE\u00d1ALIZACI\u00d3N : FLEETSYNC . MDC1200 BATER\u00cdA 2000 MAH KNB-45L LI-ION ANTENA : KRA-27 CALL INTERRUPTION-LONE WORKER MODO MIXTO AMBE +2 VOCODER NORMAS MIL\/STD-810 CUMPLE IP-54\/55 &nbsp; CONSULTE DISPONIBILIDAD Y VALORES DE ESTE PRODUCTO [&hellip;]<\/p>\n","protected":false},"featured_media":325,"comment_status":"open","ping_status":"closed","template":"","meta":[],"_links":{"self":[{"href":"http:\/\/sarraf.cl\/Web\/wp-json\/wp\/v2\/product\/301"}],"collection":[{"href":"http:\/\/sarraf.cl\/Web\/wp-json\/wp\/v2\/product"}],"about":[{"href":"http:\/\/sarraf.cl\/Web\/wp-json\/wp\/v2\/types\/product"}],"replies":[{"embeddable":true,"href":"http:\/\/sarraf.cl\/Web\/wp-json\/wp\/v2\/comments?post=301"}],"wp:featuredmedia":[{"embeddable":true,"href":"http:\/\/sarraf.cl\/Web\/wp-json\/wp\/v2\/media\/325"}],"wp:attachment":[{"href":"http:\/\/sarraf.cl\/Web\/wp-json\/wp\/v2\/media?parent=301"}],"curies":[{"name":"wp","href":"https:\/\/api.w.org\/{rel}","templated":true}]}}