{"id":1557,"date":"2023-03-12T21:18:10","date_gmt":"2023-03-13T01:18:10","guid":{"rendered":"http:\/\/sarraf.cl\/Web\/?post_type=product&#038;p=1557"},"modified":"2023-03-12T21:18:10","modified_gmt":"2023-03-13T01:18:10","slug":"portatil-kenwood-vhf-nx-1200-iscdk-64-canales-intrinsico","status":"publish","type":"product","link":"http:\/\/sarraf.cl\/Web\/producto\/portatil-kenwood-vhf-nx-1200-iscdk-64-canales-intrinsico\/","title":{"rendered":"PORTATIL KENWOOD VHF NX-1200-ISCDK 64 CANALES INTRINSICO"},"content":{"rendered":"<p><strong>PORTATIL KENWOOD VHF NX-1200-ISCDK 64 CANALES INTRINSICO<\/strong><\/p>\n<p>&nbsp;<\/p>\n<p>Transceptor port\u00e1til Antiexplosivo digital NXDN y anal\u00f3gico. Sin pantalla. Rango 136-174 MHz, 5 Watts, 64 canales, roaming, encriptaci\u00f3n, incluye antena, bater\u00eda KNB-82LCM de 1900MAh (Intrinsically Safe), cargador de mesa y clip de cintur\u00f3n.<\/p>\n<h4>Tranceptor port\u00e1til digital NXDN VHF Antiexplosivo:<\/h4>\n<ul>\n<li>Versi\u00f3n intr\u00ednsecamente segura de los port\u00e1tiles NX-1200. Estos nuevos modelos reemplazan a la versi\u00f3n intr\u00ednsecamente segura de los port\u00e1tiles de la serie NX-240\/NX-340 y TK-D240\/TK-D340.<\/li>\n<li>Intrinsecamente Seguro: Class I, Division 1, Group D<\/li>\n<li>No inflamable: Class I, Division 2, Groups A, B, C, D<\/li>\n<li>Pack de bater\u00eda aprobado: KNB-82LCM<\/li>\n<li>Temperatura: T4 at Ta = -30\u00b0C to +60\u00b0C<\/li>\n<\/ul>\n<h4>La mejor Tecnolog\u00eda a su alcance:<\/h4>\n<ul>\n<li>Soporta Pseudo-Trunking (selecci\u00f3n del primer slot disponible).<\/li>\n<li>Encripci\u00f3n ARC4 Opcional (Compatible con Mototrbo).<\/li>\n<li>Soporte NXDN\/DMR (Por programaci\u00f3n, s\u00faper sencillo).<\/li>\n<li>Usa los accesorios de NX340, TK-2402, TK-2312 (Sin desechar accesorios!).<\/li>\n<\/ul>\n<h4>Caracter\u00edsticas Generales:<\/h4>\n<ul>\n<li>Opera protocolo digital NXDN.<\/li>\n<li>Modo mezclado digital\/anal\u00f3gico.<\/li>\n<li>Versiones disponibles: \u2013 Sin pantalla y 2 teclas programables \u2013 Con pantalla y 9 teclas programables.<\/li>\n<li>Rango 136-174MHz.<\/li>\n<li>Canales y zonas: \u2013 64 canales y 4 zonas versi\u00f3n sin pantalla.<\/li>\n<li>260 canales y 128 zonas versi\u00f3n con pantalla.<\/li>\n<li>Extenso LED de 7 colores: \u2013 Encendido. \u2013 Alerta de llamadas selectivas. \u2013 Indicador del nivel de bater\u00eda. \u2013 Scan. \u2013 Roaming.<\/li>\n<li>5 W de potencia.<\/li>\n<li>Excelente calidad de audio KENWOOD; perfil de audio TX \/ RX con procesador digital optimizable: \u2013 Ecualizador de audio; plano, alto, bajo. \u2013 Control de autoganancia; encendido, alto, bajo y apagado. \u2013 Supresor de ruido. \u2013 Configurador del tipo de micr\u00f3fono externo.<\/li>\n<\/ul>\n<h4>Modo Digital NXDN (Cambio a trav\u00e9s de licencia opcional):<\/h4>\n<ul>\n<li>M\u00e9todo de acceso FDMA.<\/li>\n<li>Espacio entre canales de 12.5 y 6.25 kHz reales.<\/li>\n<li>Modo de operaci\u00f3n NXDN\u2122 convencional.<\/li>\n<li>Roaming.<\/li>\n<li>Llamada individual, de grupo y general.<\/li>\n<li>Mensajer\u00eda.<\/li>\n<li>Encriptaci\u00f3n con m\u00e1s de 32,000 c\u00f3digos diferentes.<\/li>\n<li>Entrada tard\u00eda.<\/li>\n<li>Env\u00edo de alias al aire.<\/li>\n<\/ul>\n<h4>Modo Digital DMR:<\/h4>\n<ul>\n<li>M\u00e9todo de acceso TDMA.<\/li>\n<li>Espacio entre canales de 12.5 kHz.<\/li>\n<li>Modo de operaci\u00f3n DMR Tier II (convencional).<\/li>\n<li>Roaming.<\/li>\n<li>Selecci\u00f3n autom\u00e1tica de slot buscando el primer slot disponible. Simulando un trunking b\u00e1sico.<\/li>\n<li>Doble slot en modo directo.<\/li>\n<li>Interrupci\u00f3n de llamadas (radios KENWOOD).<\/li>\n<li>Llamada individual, de grupo y general.<\/li>\n<li>Mensajer\u00eda.<\/li>\n<li>Encriptaci\u00f3n con m\u00e1s de 32,000 c\u00f3digos diferentes.<\/li>\n<li>Encriptaci\u00f3n ARC4 opcional. Compatible con otras marcas.<\/li>\n<li>Entrada tard\u00eda.<\/li>\n<li>Env\u00edo de alias al aire.<\/li>\n<\/ul>\n<h4>Modo FM Anal\u00f3gico:<\/h4>\n<ul>\n<li>Modo de operaci\u00f3n anal\u00f3gico convencional.<\/li>\n<li>FleetSync\u2122.<\/li>\n<li>DTMF.<\/li>\n<li>MDC1200.<\/li>\n<li>Scrambler por inversi\u00f3n de voz.<\/li>\n<\/ul>\n<p>&nbsp;<\/p>\n<p><strong><span style=\"color: #ff0000;\">PARA MAYOR INFORMACI\u00d3N NOS PUEDE ENVIAR UN CORREO ELECTR\u00d3NICO A VENTAS@SARRAF.CL Y UN EJECUTIVO ATENDER\u00c1 SUS REQUERIMIENTOS<\/span><\/strong><\/p>\n<p>&nbsp;<\/p>\n<p>&nbsp;<\/p>\n<p>&nbsp;<\/p>\n","protected":false},"excerpt":{"rendered":"<p><strong>PORTATIL KENWOOD VHF NX-1200-ISCDK 64 CANALES INTRINSICO<\/strong><\/p>\n<p>&nbsp;<\/p>\n<p>Transceptor port\u00e1til Antiexplosivo digital NXDN y anal\u00f3gico. Sin pantalla. Rango 136-174 MHz, 5 Watts, 64 canales, roaming, encriptaci\u00f3n, incluye antena, bater\u00eda KNB-82LCM de 1900MAh (Intrinsically Safe), cargador de mesa y clip de cintur\u00f3n.<\/p>\n<p>&nbsp;<\/p>\n<p><strong><span style=\"color: #ff0000;\">PARA MAYOR INFORMACI\u00d3N NOS PUEDE ENVIAR UN CORREO ELECTR\u00d3NICO A VENTAS@SARRAF.CL Y UN EJECUTIVO ATENDER\u00c1 SUS REQUERIMIENTOS<\/span><\/strong><\/p>\n","protected":false},"featured_media":1539,"comment_status":"open","ping_status":"closed","template":"","meta":[],"_links":{"self":[{"href":"http:\/\/sarraf.cl\/Web\/wp-json\/wp\/v2\/product\/1557"}],"collection":[{"href":"http:\/\/sarraf.cl\/Web\/wp-json\/wp\/v2\/product"}],"about":[{"href":"http:\/\/sarraf.cl\/Web\/wp-json\/wp\/v2\/types\/product"}],"replies":[{"embeddable":true,"href":"http:\/\/sarraf.cl\/Web\/wp-json\/wp\/v2\/comments?post=1557"}],"wp:featuredmedia":[{"embeddable":true,"href":"http:\/\/sarraf.cl\/Web\/wp-json\/wp\/v2\/media\/1539"}],"wp:attachment":[{"href":"http:\/\/sarraf.cl\/Web\/wp-json\/wp\/v2\/media?parent=1557"}],"curies":[{"name":"wp","href":"https:\/\/api.w.org\/{rel}","templated":true}]}}