{"id":1548,"date":"2023-03-11T09:53:21","date_gmt":"2023-03-11T13:53:21","guid":{"rendered":"http:\/\/sarraf.cl\/Web\/?post_type=product&#038;p=1548"},"modified":"2023-03-11T09:53:21","modified_gmt":"2023-03-11T13:53:21","slug":"portatil-kenwood-nx-1300ak2-uhf-con-pantalla","status":"publish","type":"product","link":"http:\/\/sarraf.cl\/Web\/producto\/portatil-kenwood-nx-1300ak2-uhf-con-pantalla\/","title":{"rendered":"PORTATIL KENWOOD NX-1300AK2 UHF CON PANTALLA"},"content":{"rendered":"<p>Transceptor port\u00e1til anal\u00f3gico. Con pantalla. Rango 450-520MHz, 5 Watts, 260 canales, roaming, encriptaci\u00f3n de voz, incluye antena, bater\u00eda 2000 mAh, cargador de mesa y clip de cintur\u00f3n. Se puede actualizar a digital con licencia opcional.<\/p>\n<h4>Caracter\u00edsticas Generales:<\/h4>\n<ul>\n<li>Transceptor Anal\u00f3gico Kenwood VHF.<\/li>\n<li>Rango: 450-520MHz.<\/li>\n<li>Se puede migrar a protocolo digital NXDN\u2122 o DMR (Requiere licencia opcional).<\/li>\n<li>Con pantalla y 9 teclas programables.<\/li>\n<li>Canales y zonas: 260 canales y 128 zonas versi\u00f3n con pantalla.<\/li>\n<li>Extenso LED de 7 colores: \u2013 Encendido. \u2013 Alerta de llamadas selectivas. \u2013 Indicador del nivel de bater\u00eda. \u2013 Scan. \u2013 Roaming.<\/li>\n<li>5 W de potencia tanto en VHF.<\/li>\n<li>Excelente calidad de audio KENWOOD; perfil de audio TX \/ RX con procesador digital optimizable: \u2013 Ecualizador de audio; plano, alto, bajo. \u2013 Control de autoganancia; encendido, alto, bajo y apagado. \u2013 Supresor de ruido. \u2013 Configurador del tipo de micr\u00f3fono externo.<\/li>\n<\/ul>\n<h4>Modo FM Anal\u00f3gico:<\/h4>\n<ul>\n<li>Modo de operaci\u00f3n anal\u00f3gico convencional, se\u00f1alizaci\u00f3n:<\/li>\n<li>FleetSync\u2122.<\/li>\n<li>MDC1200.<\/li>\n<li>Scrambler por inversi\u00f3n de voz.<\/li>\n<\/ul>\n<p>PARA MAYOR INFORMACI\u00d3N NOS PUEDE ENVIAR UN CORREO ELECTR\u00d3NICO A VENTAS@SARRAF.CL Y UN EJECUTIVO ATENDER\u00c1 SUS REQUERIMIENTOS<\/p>\n<p>&nbsp;<\/p>\n","protected":false},"excerpt":{"rendered":"<p>Transceptor port\u00e1til anal\u00f3gico. Con pantalla. Rango 450-520MHz, 5 Watts, 260 canales, roaming, encriptaci\u00f3n de voz, incluye antena, bater\u00eda 2000 mAh, cargador de mesa y clip de cintur\u00f3n. Se puede actualizar a digital con licencia opcional.<\/p>\n<p>PARA MAYOR INFORMACI\u00d3N NOS PUEDE ENVIAR UN CORREO ELECTR\u00d3NICO A VENTAS@SARRAF.CL Y UN EJECUTIVO ATENDER\u00c1 SUS REQUERIMIENTOS<\/p>\n<p>&nbsp;<\/p>\n","protected":false},"featured_media":1544,"comment_status":"open","ping_status":"closed","template":"","meta":[],"_links":{"self":[{"href":"http:\/\/sarraf.cl\/Web\/wp-json\/wp\/v2\/product\/1548"}],"collection":[{"href":"http:\/\/sarraf.cl\/Web\/wp-json\/wp\/v2\/product"}],"about":[{"href":"http:\/\/sarraf.cl\/Web\/wp-json\/wp\/v2\/types\/product"}],"replies":[{"embeddable":true,"href":"http:\/\/sarraf.cl\/Web\/wp-json\/wp\/v2\/comments?post=1548"}],"wp:featuredmedia":[{"embeddable":true,"href":"http:\/\/sarraf.cl\/Web\/wp-json\/wp\/v2\/media\/1544"}],"wp:attachment":[{"href":"http:\/\/sarraf.cl\/Web\/wp-json\/wp\/v2\/media?parent=1548"}],"curies":[{"name":"wp","href":"https:\/\/api.w.org\/{rel}","templated":true}]}}