{"id":1515,"date":"2021-07-31T23:00:31","date_gmt":"2021-08-01T03:00:31","guid":{"rendered":"http:\/\/sarraf.cl\/Web\/?post_type=product&#038;p=1515"},"modified":"2021-07-31T23:48:58","modified_gmt":"2021-08-01T03:48:58","slug":"panel-solar-series-p3-sunpower","status":"publish","type":"product","link":"http:\/\/sarraf.cl\/Web\/producto\/panel-solar-series-p3-sunpower\/","title":{"rendered":"PANEL SOLAR SERIES P3 SUNPOWER"},"content":{"rendered":"<p>El panel SunPower Performance 3 de tercera<br \/>\ngeneraci\u00f3n representa el \u00faltimo cap\u00edtulo de una<br \/>\nhistoria de innovaci\u00f3n tecnol\u00f3gica, ofrece t\u00e9rminos<br \/>\nde garant\u00eda mejorados con una mayor \u00e1rea de<br \/>\nc\u00e9lulas activas para aumentar la potencia y la<br \/>\neficiencia con respecto a los paneles de la<br \/>\ngeneraci\u00f3n anterior.<br \/>\nRespaldado por una garant\u00eda l\u00edder en el sector y una vida \u00fatil estimada de<br \/>\n35 a\u00f1os,1 el panel SunPower Performance envuelve c\u00e9lulas de contacto<br \/>\nfrontal convencionales con 35 a\u00f1os de experiencia en materiales,<br \/>\ningenier\u00eda y fabricaci\u00f3n para mitigar los desaf\u00edos de fiabilidad del dise\u00f1o<br \/>\nde paneles convencionales.<\/p>\n<p>Durabilidad que se traduce en m\u00e1s energ\u00eda<br \/>\nDise\u00f1ado para soportar tensiones ambientales como sombras, cambios<br \/>\ndiarios de temperatura y alta humedad, el panel SunPower Performance<br \/>\n3 brinda hasta un 8 % m\u00e1s de energ\u00eda en el mismo espacio durante<br \/>\n25 a\u00f1os en comparaci\u00f3n con los paneles de PERC monocristalino<br \/>\nconvencionales.2<br \/>\nUn historial de liderazgo en innovaci\u00f3n<br \/>\nDise\u00f1ado para soportar tensiones ambientales como sombras,<br \/>\ncambios diarios de temperatura y alta humedad, el panel SunPower<br \/>\nPerformance 3 brinda hasta un 8 % m\u00e1s de energ\u00eda en el mismo<br \/>\nespacio durante 25 a\u00f1os en comparaci\u00f3n con los paneles de PERC<br \/>\nmonocristalino convencionales.3<\/p>\n<p>Durabilidad que se traduce en m\u00e1s energ\u00eda<br \/>\nDise\u00f1ado para soportar tensiones ambientales como sombras, cambios<br \/>\ndiarios de temperatura y alta humedad, el panel SunPower Performance<br \/>\n3 brinda hasta un 8 % m\u00e1s de energ\u00eda en el mismo espacio durante<br \/>\n25 a\u00f1os en comparaci\u00f3n con los paneles de PERC monocristalino<br \/>\nconvencionales.2<br \/>\nUn historial de liderazgo en innovaci\u00f3n<br \/>\nDise\u00f1ado para soportar tensiones ambientales como sombras,<br \/>\ncambios diarios de temperatura y alta humedad, el panel SunPower<br \/>\nPerformance 3 brinda hasta un 8 % m\u00e1s de energ\u00eda en el mismo<br \/>\nespacio durante 25 a\u00f1os en comparaci\u00f3n con los paneles de PERC<br \/>\nmonocristalino convencionales.3<\/p>\n<p>Un mejor producto. Una mejor garant\u00eda.<br \/>\nCada panel SunPower Performance se fabrica con la confianza<br \/>\nnecesaria para ofrecer m\u00e1s energ\u00eda y fiabilidad a lo largo del tiempo, y<br \/>\nest\u00e1 respaldado durante 25 a\u00f1os por la garant\u00eda de paneles de total<br \/>\nconfianza de SunPower.<br \/>\n\u2022 Potencia m\u00ednima garantizada en el a\u00f1o 1 97.5%<br \/>\n\u2022 Degradaci\u00f3n m\u00e1xima anual 0.50%<br \/>\n\u2022 Potencia m\u00ednima garantizada en el a\u00f1o 85.5%<\/p>\n<p>PARA MAYOR INFORMACION NO DUDE EN CONTACTARNOS, UN EQUIPO TECNICO LE AYUDARA A RESOLVER SUS DUDAS.<\/p>\n","protected":false},"excerpt":{"rendered":"<p>El panel SunPower Performance 3 de tercera generaci\u00f3n representa el \u00faltimo cap\u00edtulo de una historia de innovaci\u00f3n tecnol\u00f3gica, ofrece t\u00e9rminos de garant\u00eda mejorados con una mayor \u00e1rea de c\u00e9lulas activas para aumentar la potencia y la eficiencia con respecto a los paneles de la generaci\u00f3n anterior. Respaldado por una garant\u00eda l\u00edder en el sector y [&hellip;]<\/p>\n","protected":false},"featured_media":1516,"comment_status":"open","ping_status":"closed","template":"","meta":[],"_links":{"self":[{"href":"http:\/\/sarraf.cl\/Web\/wp-json\/wp\/v2\/product\/1515"}],"collection":[{"href":"http:\/\/sarraf.cl\/Web\/wp-json\/wp\/v2\/product"}],"about":[{"href":"http:\/\/sarraf.cl\/Web\/wp-json\/wp\/v2\/types\/product"}],"replies":[{"embeddable":true,"href":"http:\/\/sarraf.cl\/Web\/wp-json\/wp\/v2\/comments?post=1515"}],"wp:featuredmedia":[{"embeddable":true,"href":"http:\/\/sarraf.cl\/Web\/wp-json\/wp\/v2\/media\/1516"}],"wp:attachment":[{"href":"http:\/\/sarraf.cl\/Web\/wp-json\/wp\/v2\/media?parent=1515"}],"curies":[{"name":"wp","href":"https:\/\/api.w.org\/{rel}","templated":true}]}}