{"id":1508,"date":"2020-12-21T16:35:59","date_gmt":"2020-12-21T20:35:59","guid":{"rendered":"http:\/\/sarraf.cl\/Web\/?post_type=product&#038;p=1508"},"modified":"2020-12-21T16:37:49","modified_gmt":"2020-12-21T20:37:49","slug":"termometro-infrarrojo-automatico-sin-contacto","status":"publish","type":"product","link":"http:\/\/sarraf.cl\/Web\/producto\/termometro-infrarrojo-automatico-sin-contacto\/","title":{"rendered":"Term\u00f3metro Infrarrojo Autom\u00e1tico Sin Contacto"},"content":{"rendered":"<h1 class=\"ui-pdp-title\">Termometro Infrarrojo Automatico Sin Contacto<\/h1>\n<p>Descripci\u00f3n<br \/>\ncontrol de temperatura sin contacto ha sido dise\u00f1ado y desarrollado por IDS, para satisfacer la necesidad de controlar la temperatura de manera continua y sistem\u00e1tica. Acelera el proceso de control de temperatura y evita el contacto social.<\/p>\n<p>Especificaciones:<\/p>\n<p>&#8211; Punto de medici\u00f3n: Frente<br \/>\n&#8211; Alta precisi\u00f3n: \u00b10.2 grados Celsius<br \/>\n&#8211; Tiempo de medici\u00f3n por persona: 1 segundo (40-60 personas por minuto)<br \/>\n&#8211; Alarma sonara y visual sobre 37,5\u00b0C<br \/>\n&#8211; Lectura autom\u00e1tica a 5cm ~ 15cm de distancia<br \/>\n&#8211; Pantalla digital<br \/>\n&#8211; Carga a USB\u00a0 bater\u00eda (tipo18650 Li-ion).<br \/>\n&#8211; Certificaci\u00f3n FDA, CE, RoHS y FCC.<\/p>\n<p><strong><span style=\"color: #0000ff;\">Para mayor informaci\u00f3n contactarse a Nuestros Fonos o correos electr\u00f3nicos .<\/span><\/strong><\/p>\n<p><strong>Fonos: 34 2518176 \/ 34 2512960<\/strong><\/p>\n<p><strong>Correos: info@sarraf.cl\u00a0 &#8211; ventas@sarraf.cl<\/strong><\/p>\n<p>&nbsp;<\/p>\n<p>&nbsp;<\/p>\n","protected":false},"excerpt":{"rendered":"<p>Termometro Infrarrojo Automatico Sin Contacto Descripci\u00f3n control de temperatura sin contacto ha sido dise\u00f1ado y desarrollado por IDS, para satisfacer la necesidad de controlar la temperatura de manera continua y sistem\u00e1tica. Acelera el proceso de control de temperatura y evita el contacto social. Especificaciones: &#8211; Punto de medici\u00f3n: Frente &#8211; Alta precisi\u00f3n: \u00b10.2 grados Celsius [&hellip;]<\/p>\n","protected":false},"featured_media":1509,"comment_status":"open","ping_status":"closed","template":"","meta":[],"_links":{"self":[{"href":"http:\/\/sarraf.cl\/Web\/wp-json\/wp\/v2\/product\/1508"}],"collection":[{"href":"http:\/\/sarraf.cl\/Web\/wp-json\/wp\/v2\/product"}],"about":[{"href":"http:\/\/sarraf.cl\/Web\/wp-json\/wp\/v2\/types\/product"}],"replies":[{"embeddable":true,"href":"http:\/\/sarraf.cl\/Web\/wp-json\/wp\/v2\/comments?post=1508"}],"wp:featuredmedia":[{"embeddable":true,"href":"http:\/\/sarraf.cl\/Web\/wp-json\/wp\/v2\/media\/1509"}],"wp:attachment":[{"href":"http:\/\/sarraf.cl\/Web\/wp-json\/wp\/v2\/media?parent=1508"}],"curies":[{"name":"wp","href":"https:\/\/api.w.org\/{rel}","templated":true}]}}