{"id":1491,"date":"2020-10-12T20:31:05","date_gmt":"2020-10-13T00:31:05","guid":{"rendered":"http:\/\/sarraf.cl\/Web\/?post_type=product&#038;p=1491"},"modified":"2020-10-12T20:39:46","modified_gmt":"2020-10-13T00:39:46","slug":"inversor-phoenix-12-800-mod-5060-onda-pura","status":"publish","type":"product","link":"http:\/\/sarraf.cl\/Web\/producto\/inversor-phoenix-12-800-mod-5060-onda-pura\/","title":{"rendered":"INVERSOR PHOENIX 12\/800 MOD: 5060 ONDA PURA"},"content":{"rendered":"<h3>SinusMax \u2013 Dise\u00f1o superior<\/h3>\n<p>Desarrollado para uso profesional, la gama de inversores Phoenix es ideal para innumerables aplicaciones.El criterio utilizado en su dise\u00f1o fue el de producir un verdadero inversor sinusoidal con una eficiencia optimizada<br \/>\npero sin comprometer su rendimiento. Al utilizar tecnolog\u00eda h\u00edbrida de alta frecuencia, obtenemos como<br \/>\nresultado un producto de la m\u00e1xima calidad, de dimensiones compactas, ligero y capaz de suministrar potencia,<br \/>\nsin problemas, a cualquier carga.<\/p>\n<h3>Puerto de comunicaci\u00f3n VE.Direct<\/h3>\n<p><strong>El puerto VE.Direct puede conectarse a:<\/strong><\/p>\n<ul>\n<li>Un ordenador (se necesita un cable de interfaz VE.Direct a USB)<\/li>\n<li>Smartphones Apple y Android, tabletas, mackbooks y dem\u00e1s dispositivos (se necesita una mochila VE.Direct a Bluetooth Smart)<\/li>\n<\/ul>\n<p><strong>Totalmente configurable:<\/strong><\/p>\n<ul>\n<li>Niveles de disparo de la alarma y restablecimiento por tensi\u00f3n baja de la bater\u00eda.<\/li>\n<li>Niveles de desconexi\u00f3n y reinicio por tensi\u00f3n baja de la bater\u00eda.<\/li>\n<li>Desconexi\u00f3n din\u00e1mica: nivel de desconexi\u00f3n dependiente de la carga<\/li>\n<li>Tensi\u00f3n de salida 210 &#8211; 245V<\/li>\n<li>Frecuencia 50 Hz o 60 Hz<\/li>\n<li>On\/off del modo ECO y sensor de nivel del modo ECO<\/li>\n<\/ul>\n<p><strong>Seguimiento:<\/strong><\/p>\n<ul>\n<li>Tensi\u00f3n y corriente de entrada\/salida alarmas<\/li>\n<\/ul>\n<h3>Modo ECO<\/h3>\n<p>En modo ECO, el inversor se pondr\u00e1 en espera cuando la carga descienda por debajo de un valor predeterminado. Una vez en espera, el inversor se activar\u00e1 brevemente (ajustable; por defecto: cada 2,5 segundos). Si la carga excede el nivel predeterminado, el inversor permanecer\u00e1 encendido.<\/p>\n<h3>Potencia de arranque adicional<\/h3>\n<p>Una de las caracter\u00edsticas singulares de la tecnolog\u00eda SinusMax consiste en su muy alta potencia de arranque. La<br \/>\ntecnolog\u00eda de alta frecuencia convencional no ofrece un rendimiento tan extraordinario. Los inversores Phoenix,<br \/>\nsin embargo, est\u00e1n bien dotados para alimentar cargas dif\u00edciles, como ordenadores o herramientas el\u00e9ctricas de<br \/>\nbaja potencia.<\/p>\n<h3>Transferencia de la carga a otra fuente CA: el conmutador de transferencia autom\u00e1tico<\/h3>\n<p>Para los modelos de menor potencia recomendamos el uso de nuestro conmutador de transferencia autom\u00e1tico<br \/>\n\u201cFilax\u201d. El tiempo de conmutaci\u00f3n del \u201cFilax\u201d es muy corto (menos de 20 milisegundos), de manera que los<br \/>\nordenadores y dem\u00e1s equipos electr\u00f3nicos continuar\u00e1n funcionando sin interrupci\u00f3n.<\/p>\n<h3>Diagn\u00f3stico LED<\/h3>\n<p>Por favor, consulte el manual para obtener su descripci\u00f3n.<\/p>\n<h3>Interruptor on\/off remoto<\/h3>\n<p>Se puede conectar un interruptor On\/Off remoto a un conector bif\u00e1sico o entre el positivo de la bater\u00eda y el contacto de la izquierda del conector bif\u00e1sico.<\/p>\n<p>&nbsp;<\/p>\n<p>Para mayor informaci\u00f3n , no dude en contactarnos.<\/p>\n","protected":false},"excerpt":{"rendered":"<p>SinusMax \u2013 Dise\u00f1o superior Desarrollado para uso profesional, la gama de inversores Phoenix es ideal para innumerables aplicaciones.El criterio utilizado en su dise\u00f1o fue el de producir un verdadero inversor sinusoidal con una eficiencia optimizada pero sin comprometer su rendimiento. Al utilizar tecnolog\u00eda h\u00edbrida de alta frecuencia, obtenemos como resultado un producto de la m\u00e1xima [&hellip;]<\/p>\n","protected":false},"featured_media":1494,"comment_status":"open","ping_status":"closed","template":"","meta":[],"_links":{"self":[{"href":"http:\/\/sarraf.cl\/Web\/wp-json\/wp\/v2\/product\/1491"}],"collection":[{"href":"http:\/\/sarraf.cl\/Web\/wp-json\/wp\/v2\/product"}],"about":[{"href":"http:\/\/sarraf.cl\/Web\/wp-json\/wp\/v2\/types\/product"}],"replies":[{"embeddable":true,"href":"http:\/\/sarraf.cl\/Web\/wp-json\/wp\/v2\/comments?post=1491"}],"wp:featuredmedia":[{"embeddable":true,"href":"http:\/\/sarraf.cl\/Web\/wp-json\/wp\/v2\/media\/1494"}],"wp:attachment":[{"href":"http:\/\/sarraf.cl\/Web\/wp-json\/wp\/v2\/media?parent=1491"}],"curies":[{"name":"wp","href":"https:\/\/api.w.org\/{rel}","templated":true}]}}