{"id":1466,"date":"2020-08-15T22:15:22","date_gmt":"2020-08-16T02:15:22","guid":{"rendered":"http:\/\/sarraf.cl\/Web\/?post_type=product&#038;p=1466"},"modified":"2020-08-15T22:15:22","modified_gmt":"2020-08-16T02:15:22","slug":"router-mikrotik-hap-lite-rb941-2nd-24-ghz-2x2","status":"publish","type":"product","link":"http:\/\/sarraf.cl\/Web\/producto\/router-mikrotik-hap-lite-rb941-2nd-24-ghz-2x2\/","title":{"rendered":"ROUTER MIKROTIK HAP-LITE RB941-2ND 2,4 GHZ 2X2"},"content":{"rendered":"<h1>[HAP-LITE.] MIKROTIK 650MHz 32mb 4-100 2,4GHz 2&#215;2 L4 Antenas-internas RB941-2ND<\/h1>\n<p>&nbsp;<\/p>\n<h2><span style=\"font-size: medium;\">Caracter\u00edsticas<\/span><\/h2>\n<p>El Home Access Point Lite (hAP lite) es un peque\u00f1o dispositivo ideal para su apartamento, casa u oficina.<br \/>\nCompatible con WPS activado por bot\u00f3n, para la comodidad de no escribir una complicada contrase\u00f1a cuando alguien quiere tener acceso inal\u00e1mbrico a Internet, y tambi\u00e9n puede ser se le dice que cambie al modo cAP y se una a una red manejada central CAPsMAN por presionar un bot\u00f3n.<\/p>\n<p>Por supuesto, el dispositivo ejecuta RouterOS con todas las caracter\u00edsticas, conformaci\u00f3n del ancho de banda, firewall, control de acceso de usuario y muchos otros.<\/p>\n<p>&nbsp;<\/p>\n<ul>\n<li>El hAP lite est\u00e1 equipado con una potente CPU de 650MHz, 32MB de RAM, doble cadena 2.4GHz inal\u00e1mbrico,cuatro puertos Fast Ethernet y una licencia RouterOS L4.<\/li>\n<\/ul>\n<p>* La fuente de alimentaci\u00f3n USB est\u00e1 incluida.<\/p>\n<p>&nbsp;<\/p>\n<h2><span style=\"font-size: medium;\">Especificaciones<\/span><\/h2>\n<ul>\n<li>C\u00f3digo modelo: RB941-2nD-TC<\/li>\n<li>CPU QCA9531 650MHz CPU<\/li>\n<li>Memory 32MB DDR RAM<\/li>\n<li>Ethernet 4x 10\/100 Mbit\/s Ethernet with Auto-MDI\/X<\/li>\n<li>Wireless cards: Onboard dual chain 2.4GHz 802.11b\/g\/n QCA9531 wireless module; 10kV ESD protection on each RF port, WPS support via button<\/li>\n<li>Extras: Reset switch<\/li>\n<li>LEDs: Power LED, 4x Ethernet LED, user LED<\/li>\n<li>Power input: Packaged with 5V DC 0.7A power adapter<\/li>\n<li>Dimensions: 124x100x54mm<\/li>\n<li>Max consumption: 3W at 5V<\/li>\n<li>Operating Temp: -20C .. +70C tested<\/li>\n<li>OS: MikroTik RouterOS, Level 4 license (AP support)<\/li>\n<\/ul>\n<p><strong>Para mayor informaci\u00f3n de \u00e9ste producto , env\u00edenos sus consultas a : ventas@sarraf.cl<\/strong><\/p>\n","protected":false},"excerpt":{"rendered":"<p>[HAP-LITE.] MIKROTIK 650MHz 32mb 4-100 2,4GHz 2&#215;2 L4 Antenas-internas RB941-2ND &nbsp; Caracter\u00edsticas El Home Access Point Lite (hAP lite) es un peque\u00f1o dispositivo ideal para su apartamento, casa u oficina. Compatible con WPS activado por bot\u00f3n, para la comodidad de no escribir una complicada contrase\u00f1a cuando alguien quiere tener acceso inal\u00e1mbrico a Internet, y tambi\u00e9n [&hellip;]<\/p>\n","protected":false},"featured_media":1467,"comment_status":"open","ping_status":"closed","template":"","meta":[],"_links":{"self":[{"href":"http:\/\/sarraf.cl\/Web\/wp-json\/wp\/v2\/product\/1466"}],"collection":[{"href":"http:\/\/sarraf.cl\/Web\/wp-json\/wp\/v2\/product"}],"about":[{"href":"http:\/\/sarraf.cl\/Web\/wp-json\/wp\/v2\/types\/product"}],"replies":[{"embeddable":true,"href":"http:\/\/sarraf.cl\/Web\/wp-json\/wp\/v2\/comments?post=1466"}],"wp:featuredmedia":[{"embeddable":true,"href":"http:\/\/sarraf.cl\/Web\/wp-json\/wp\/v2\/media\/1467"}],"wp:attachment":[{"href":"http:\/\/sarraf.cl\/Web\/wp-json\/wp\/v2\/media?parent=1466"}],"curies":[{"name":"wp","href":"https:\/\/api.w.org\/{rel}","templated":true}]}}