{"id":1464,"date":"2020-08-15T22:07:49","date_gmt":"2020-08-16T02:07:49","guid":{"rendered":"http:\/\/sarraf.cl\/Web\/?post_type=product&#038;p=1464"},"modified":"2020-08-15T22:07:50","modified_gmt":"2020-08-16T02:07:50","slug":"router-mikrotik-hap-ac-5-1000-1-sfp-24ghz-3x3-5ghz-3x3","status":"publish","type":"product","link":"http:\/\/sarraf.cl\/Web\/producto\/router-mikrotik-hap-ac-5-1000-1-sfp-24ghz-3x3-5ghz-3x3\/","title":{"rendered":"ROUTER MIKROTIK  HAP-AC 5-1000 1-SFP 2,4GHz-3&#215;3 5GHz-3&#215;3"},"content":{"rendered":"<h1>[HAP-AC.] MIKROTIK 5-1000 1-SFP 2,4GHz-3&#215;3 5GHz-3&#215;3 USB L4 RB962UiGS-5HacT2HnT<\/h1>\n<h2>Descripci\u00f3n<\/h2>\n<p>El RB962UiGS-5HacT2HnT (HAP AC) es un router inalambrico de doble banda con tecnologia 802.11AC en banda de 5GHz. Este equipo tiene todas las herramientas de RouterOS con 5 puertos Giga, USB tipo A para modems 3G\/4G y puerto SFP para fibra optica.<\/p>\n<ul>\n<li>C\u00f3difo del producto:\u00a0RB962UiGS-5HacT2HnT<\/li>\n<li><strong>RouterOS:<\/strong>\u00a0Licencia 4<\/li>\n<li><strong>RAM:<\/strong>\u00a0128MB DDR2<\/li>\n<li><strong>Puertos Giga:<\/strong>\u00a05 x (10\/100\/1000MHz)<\/li>\n<li><strong>SFP:<\/strong>\u00a01<\/li>\n<li><strong>WIFI:<\/strong>\u00a02.4GHz y 5GHz<\/li>\n<li><strong>USB:<\/strong>\u00a01 X USB TIPO A<\/li>\n<li><strong>Consumo Maximo:<\/strong>\u00a017W<\/li>\n<\/ul>\n<p><strong>Para mayor informaci\u00f3n de \u00e9ste producto , env\u00edenos sus consultas a : ventas@sarraf.cl<\/strong><\/p>\n","protected":false},"excerpt":{"rendered":"<p>[HAP-AC.] MIKROTIK 5-1000 1-SFP 2,4GHz-3&#215;3 5GHz-3&#215;3 USB L4 RB962UiGS-5HacT2HnT Descripci\u00f3n El RB962UiGS-5HacT2HnT (HAP AC) es un router inalambrico de doble banda con tecnologia 802.11AC en banda de 5GHz. Este equipo tiene todas las herramientas de RouterOS con 5 puertos Giga, USB tipo A para modems 3G\/4G y puerto SFP para fibra optica. C\u00f3difo del producto:\u00a0RB962UiGS-5HacT2HnT [&hellip;]<\/p>\n","protected":false},"featured_media":1465,"comment_status":"open","ping_status":"closed","template":"","meta":[],"_links":{"self":[{"href":"http:\/\/sarraf.cl\/Web\/wp-json\/wp\/v2\/product\/1464"}],"collection":[{"href":"http:\/\/sarraf.cl\/Web\/wp-json\/wp\/v2\/product"}],"about":[{"href":"http:\/\/sarraf.cl\/Web\/wp-json\/wp\/v2\/types\/product"}],"replies":[{"embeddable":true,"href":"http:\/\/sarraf.cl\/Web\/wp-json\/wp\/v2\/comments?post=1464"}],"wp:featuredmedia":[{"embeddable":true,"href":"http:\/\/sarraf.cl\/Web\/wp-json\/wp\/v2\/media\/1465"}],"wp:attachment":[{"href":"http:\/\/sarraf.cl\/Web\/wp-json\/wp\/v2\/media?parent=1464"}],"curies":[{"name":"wp","href":"https:\/\/api.w.org\/{rel}","templated":true}]}}