{"id":1462,"date":"2020-08-15T21:59:32","date_gmt":"2020-08-16T01:59:32","guid":{"rendered":"http:\/\/sarraf.cl\/Web\/?post_type=product&#038;p=1462"},"modified":"2020-08-15T21:59:33","modified_gmt":"2020-08-16T01:59:33","slug":"router-mikrotik-hap-ac-lite-5-100-24ghz-2x2-5ghz-1x1","status":"publish","type":"product","link":"http:\/\/sarraf.cl\/Web\/producto\/router-mikrotik-hap-ac-lite-5-100-24ghz-2x2-5ghz-1x1\/","title":{"rendered":"ROUTER MIKROTIK HAP-AC-LITE  5-100 2,4GHz-2&#215;2 5GHz-1&#215;1"},"content":{"rendered":"<h1>[HAP-AC-LITE.] MIKROTIK 5-100 2,4GHz-2&#215;2 5GHz-1&#215;1 USB L4 PoE-in-out RB952Ui-5ac2nD<\/h1>\n<h2>Descripci\u00f3n<\/h2>\n<p>El hAP ac lite es un doble punto de acceso simult\u00e1neo que provee cobertura Wifi para\u00a0frecuencias de 2.4 GHz y 5GHz.\u00a0El hAP ac lite est\u00e1 equipado con CPU650Mhz; 64 MB RAM, 5 puertos ethernet\u00a010\/100 Mbps con puerto USB para m\u00f3dem 3G\/4G.<\/p>\n<ul>\n<li>C\u00f3digo del producto:\u00a0RB952Ui-5ac2nD<\/li>\n<li>Frecuencia CPU: 650 MHz<\/li>\n<li>N\u00facleo CPU: 1<\/li>\n<li>RAM:\u00a0 64 MB<\/li>\n<li>Puertos Ethernet 10\/100: 5<\/li>\n<\/ul>\n<p><strong>Para mayor informaci\u00f3n de \u00e9ste producto , env\u00edenos sus consultas a : ventas@sarraf.cl<\/strong><\/p>\n","protected":false},"excerpt":{"rendered":"<p>[HAP-AC-LITE.] MIKROTIK 5-100 2,4GHz-2&#215;2 5GHz-1&#215;1 USB L4 PoE-in-out RB952Ui-5ac2nD Descripci\u00f3n El hAP ac lite es un doble punto de acceso simult\u00e1neo que provee cobertura Wifi para\u00a0frecuencias de 2.4 GHz y 5GHz.\u00a0El hAP ac lite est\u00e1 equipado con CPU650Mhz; 64 MB RAM, 5 puertos ethernet\u00a010\/100 Mbps con puerto USB para m\u00f3dem 3G\/4G. C\u00f3digo del producto:\u00a0RB952Ui-5ac2nD Frecuencia [&hellip;]<\/p>\n","protected":false},"featured_media":1463,"comment_status":"open","ping_status":"closed","template":"","meta":[],"_links":{"self":[{"href":"http:\/\/sarraf.cl\/Web\/wp-json\/wp\/v2\/product\/1462"}],"collection":[{"href":"http:\/\/sarraf.cl\/Web\/wp-json\/wp\/v2\/product"}],"about":[{"href":"http:\/\/sarraf.cl\/Web\/wp-json\/wp\/v2\/types\/product"}],"replies":[{"embeddable":true,"href":"http:\/\/sarraf.cl\/Web\/wp-json\/wp\/v2\/comments?post=1462"}],"wp:featuredmedia":[{"embeddable":true,"href":"http:\/\/sarraf.cl\/Web\/wp-json\/wp\/v2\/media\/1463"}],"wp:attachment":[{"href":"http:\/\/sarraf.cl\/Web\/wp-json\/wp\/v2\/media?parent=1462"}],"curies":[{"name":"wp","href":"https:\/\/api.w.org\/{rel}","templated":true}]}}