{"id":1214,"date":"2020-05-08T23:17:22","date_gmt":"2020-05-09T03:17:22","guid":{"rendered":"http:\/\/sarraf.cl\/Web\/?post_type=product&#038;p=1214"},"modified":"2020-05-08T23:20:53","modified_gmt":"2020-05-09T03:20:53","slug":"tl-sg1008pe-switch-de-escritorio-con-base-de-montaje","status":"publish","type":"product","link":"http:\/\/sarraf.cl\/Web\/producto\/tl-sg1008pe-switch-de-escritorio-con-base-de-montaje\/","title":{"rendered":"TL-SG1008PE Switch de Escritorio \/ con Base de Montaje"},"content":{"rendered":"<h1>Switch de Escritorio \/ con Base de Montaje de 8 Puertos Gigabit con 8 Puertos PoE<small id=\"product-model-name\">TL-SG1008PE<\/small><\/h1>\n<ul>\n<li>8 Puertos RJ45 de 10\/100\/1000Mbps<\/li>\n<li>Equipado con 8 puertos con PoE+ soportado para transferir datos y energ\u00eda a trav\u00e9s de un s\u00f3lo cable<\/li>\n<li>Funciona con dispositivos en cumplimiento con IEEE 802.3af\/at, expandiendo las redes de la casa y oficina<\/li>\n<li>La tecnolog\u00eda innovadora de eficiencia energ\u00e9tica ahorra energ\u00eda hasta del 75%*<\/li>\n<li>Dise\u00f1o Plug and Play (Conecte y Use), no se requiere configuraci\u00f3n<\/li>\n<li>*los datos actuales pueden variar en entornos de diferente uso.<\/li>\n<\/ul>\n<h3>Para qu\u00e9 sirve este producto<\/h3>\n<p>El TL-SG1008PE es un switch para montaje de Sobremesa\/Bastidor con 8 puertos Gigabit con soporte del est\u00e1ndar PoE+. Proporciona una manera sencilla de expansi\u00f3n para una red cableada transportando alimentaci\u00f3n y datos sobre un \u00fanico cable Ethernet. Con un presupuesto total de potencia de 124W, hasta 30W por puerto, el TL-SG1008PE puede alimentar dispositivos de m\u00e1s potencia como Puntos de Acceso (APs) inal\u00e1mbricos, c\u00e1maras IP o tel\u00e9fonos IP. Adem\u00e1s, con su innovadora tecnolog\u00eda de eficiencia energ\u00e9tica, el TL-SG1008PE puede ahorrar hasta un 75% del consumo el\u00e9ctrico, convirti\u00e9ndolo a una soluci\u00f3n eco-amigable para su red empresarial.<\/p>\n<h3>C\u00f3mo funciona<\/h3>\n<p>Todos y cada uno de los 8 puertos del TL-SG1008PE soportan el est\u00e1ndar Power over Ethernet Plus (PoE+) que es capaz de detectar y alimentar autom\u00e1ticamente cualquier dispositivo compatible con IEEE 802.3af\/at. En esta situaci\u00f3n, la energ\u00eda el\u00e9ctrica se transmite junto con los datos sobre un \u00fanico cable, permiti\u00e9ndole llevar la red a aquellos puntos en los que no se disponga de conexiones o tomas de corriente el\u00e9ctrica, pudiendo instalar dispositivos tales como APs, c\u00e1maras IP o tel\u00e9fonos IP.<\/p>\n<h3>Protecci\u00f3n contra sobrecarga<\/h3>\n<p>El TL-SG1008PE dispone de una funci\u00f3n de prioridad* que ayuda a proteger el equipo cuando se excede la potencia disponible. Si el consumo el\u00e9ctrico de todos los equipos PoE+ es mayor o igual que 124W, se establece una prioridad entre los 8 puertos PoE+ en funci\u00f3n de la cual el equipo interrumpe la alimentaci\u00f3n en el puerto que posea una menor prioridad.<\/p>\n<h3>Funci\u00f3n de prioridad en los puertos<\/h3>\n<p>*Prioridad (puerto 1 &gt; puerto 2 &gt; puerto 3 &gt; puerto 4 &gt; puerto 5 &gt; puerto 6 &gt; puerto 7 &gt; puerto 8): Esta funci\u00f3n le ayuda a proteger el sistema si se produce una sobrecarga. Por ejemplo, si los puertos 1, 2, 4 y 7 est\u00e1n utilizando 30W (la potencia m\u00e1xima por puerto es de 30W, por lo que la potencia total del sistema ser\u00edan 120W), y se inserta un dispositivo adicional en el puerto 3 a 25W, el sistema desconectar\u00e1 la alimentaci\u00f3n del puerto 7 como respuesta al exceso del l\u00edmite de potencia de 120W. Esto quiere decir que los puertos 1, 2 y 4 usar\u00e1n 30W, y el puerto 3 usar\u00e1 25W, sin potencia suministrada al puerto 7 dado que tiene la prioridad designada m\u00e1s baja entre los puertos en uso.<\/p>\n<h3>F\u00e1cil de usar<\/h3>\n<p>El TL-SG1008PE es f\u00e1cil de instalar y utilizar. No requiere ning\u00fan tipo de configuraci\u00f3n o instalaci\u00f3n. Con su dise\u00f1o de sobremesa\/montaje en rack y excepcionales rendimiento y calidad, el switch para sobremesa\/bastidor de 8 puertos Gigabit PoE+ TL-SG1008PE de TP-LINK resulta una excelente elecci\u00f3n para ampliar tanto su red dom\u00e9stica como la de su oficina.<\/p>\n<p>&nbsp;<\/p>\n<p><strong>PARA MAYOR INFORMACI\u00d3N DE ESTE PRODUCTO , CONTACTESE CON NOSOTROS A LOS CORREOS INFO@SARRAF.CL \/ VENTAS@SARRAF.CL<\/strong><\/p>\n<p>&nbsp;<\/p>\n<p>&nbsp;<\/p>\n","protected":false},"excerpt":{"rendered":"<p>Switch de Escritorio \/ con Base de Montaje de 8 Puertos Gigabit con 8 Puertos PoETL-SG1008PE 8 Puertos RJ45 de 10\/100\/1000Mbps Equipado con 8 puertos con PoE+ soportado para transferir datos y energ\u00eda a trav\u00e9s de un s\u00f3lo cable Funciona con dispositivos en cumplimiento con IEEE 802.3af\/at, expandiendo las redes de la casa y oficina [&hellip;]<\/p>\n","protected":false},"featured_media":1215,"comment_status":"open","ping_status":"closed","template":"","meta":[],"_links":{"self":[{"href":"http:\/\/sarraf.cl\/Web\/wp-json\/wp\/v2\/product\/1214"}],"collection":[{"href":"http:\/\/sarraf.cl\/Web\/wp-json\/wp\/v2\/product"}],"about":[{"href":"http:\/\/sarraf.cl\/Web\/wp-json\/wp\/v2\/types\/product"}],"replies":[{"embeddable":true,"href":"http:\/\/sarraf.cl\/Web\/wp-json\/wp\/v2\/comments?post=1214"}],"wp:featuredmedia":[{"embeddable":true,"href":"http:\/\/sarraf.cl\/Web\/wp-json\/wp\/v2\/media\/1215"}],"wp:attachment":[{"href":"http:\/\/sarraf.cl\/Web\/wp-json\/wp\/v2\/media?parent=1214"}],"curies":[{"name":"wp","href":"https:\/\/api.w.org\/{rel}","templated":true}]}}