{"id":1204,"date":"2020-05-08T22:09:29","date_gmt":"2020-05-09T02:09:29","guid":{"rendered":"http:\/\/sarraf.cl\/Web\/?post_type=product&#038;p=1204"},"modified":"2020-05-08T22:09:29","modified_gmt":"2020-05-09T02:09:29","slug":"router-tp-link-tl-wr840n-300-mbps-2-antenas","status":"publish","type":"product","link":"http:\/\/sarraf.cl\/Web\/producto\/router-tp-link-tl-wr840n-300-mbps-2-antenas\/","title":{"rendered":"ROUTER TP-LINK  TL- WR840N 300 MBPS 2 ANTENAS"},"content":{"rendered":"<h1>Router Inal\u00e1mbrico N 300Mbps<\/h1>\n<h1><small id=\"product-model-name\">TL-WR840N<\/small><\/h1>\n<ul>\n<li>Velocidad de transmisi\u00f3n Inal\u00e1mbrica de 300Mbps ideal tanto para las tareas sensibles a banda ancha y trabajo b\u00e1sico<\/li>\n<li>F\u00e1cil encriptaci\u00f3n de seguridad con s\u00f3lo presionar el bot\u00f3n WPS<\/li>\n<li>El Control de Banda ancha basada en IP permite que los administradores determinen cu\u00e1nta banda ancha est\u00e1 distribuida a cada PC<\/li>\n<li>El puente inal\u00e1mbrico WDS proporciona un conexi\u00f3n de enlace sin interrupci\u00f3n para expandir su red inal\u00e1mbrica<\/li>\n<\/ul>\n<h3>Velocidad 300Mbps Inal\u00e1mbrica N &#8211; Velocidad de Descargas<\/h3>\n<p>El\u00a0TL-WR840N de TP-LINK es una soluci\u00f3n de alta velocidad que es compatible con IEEE 802.11b \/ g \/ n. Basado en la tecnolog\u00eda 802.11n, el TL-WR840N ofrece a los usuarios un rendimiento inal\u00e1mbrico de hasta 300 Mbps, lo que puede satisfacer tus\u00a0necesidades de red dom\u00e9stica m\u00e1s exigentes, tales como HD streaming, juegos en l\u00ednea y descarga de archivos grandes.<\/p>\n<h3>Lo que hace este producto<\/h3>\n<p>El 300Mbps Wireless N Router TL-WR840N es un dispositivo combinado con cable \/ inal\u00e1mbrico de conexi\u00f3n de red dise\u00f1ado espec\u00edficamente para las necesidades de peque\u00f1as empresas y oficinas dom\u00e9sticas de redes. El TL-WR840N crea un rendimiento inal\u00e1mbrico excepcional y avanzado,\u00a0lo que lo hace\u00a0ideal para el streaming de video\u00a0de alta definici\u00f3n, VoIP y juegos en l\u00ednea. Adem\u00e1s, Wi-Fi Protected Setup (WPS) en el exterior elegante y de modo,\u00a0asegura al WPA2\u00a0la prevenci\u00f3n de la red de intrusiones externas.<\/p>\n<p>PARA MAYOR INFORMACION DE ESTE PRODUCTO, FAVOR COMUN\u00cdQUESE CON NOSOTROS V\u00cdA CORREO A INFO@SARRAF.CL \/ VENTAS@SARRAF.CL<\/p>\n","protected":false},"excerpt":{"rendered":"<p>Router Inal\u00e1mbrico N 300Mbps TL-WR840N Velocidad de transmisi\u00f3n Inal\u00e1mbrica de 300Mbps ideal tanto para las tareas sensibles a banda ancha y trabajo b\u00e1sico F\u00e1cil encriptaci\u00f3n de seguridad con s\u00f3lo presionar el bot\u00f3n WPS El Control de Banda ancha basada en IP permite que los administradores determinen cu\u00e1nta banda ancha est\u00e1 distribuida a cada PC El [&hellip;]<\/p>\n","protected":false},"featured_media":1205,"comment_status":"open","ping_status":"closed","template":"","meta":[],"_links":{"self":[{"href":"http:\/\/sarraf.cl\/Web\/wp-json\/wp\/v2\/product\/1204"}],"collection":[{"href":"http:\/\/sarraf.cl\/Web\/wp-json\/wp\/v2\/product"}],"about":[{"href":"http:\/\/sarraf.cl\/Web\/wp-json\/wp\/v2\/types\/product"}],"replies":[{"embeddable":true,"href":"http:\/\/sarraf.cl\/Web\/wp-json\/wp\/v2\/comments?post=1204"}],"wp:featuredmedia":[{"embeddable":true,"href":"http:\/\/sarraf.cl\/Web\/wp-json\/wp\/v2\/media\/1205"}],"wp:attachment":[{"href":"http:\/\/sarraf.cl\/Web\/wp-json\/wp\/v2\/media?parent=1204"}],"curies":[{"name":"wp","href":"https:\/\/api.w.org\/{rel}","templated":true}]}}