{"id":1145,"date":"2019-07-11T13:14:42","date_gmt":"2019-07-11T17:14:42","guid":{"rendered":"http:\/\/sarraf.cl\/Web\/?post_type=product&#038;p=1145"},"modified":"2020-05-28T17:06:18","modified_gmt":"2020-05-28T21:06:18","slug":"radio-network-movil-de-cobertura-nacional-sptt-200-4g","status":"publish","type":"product","link":"http:\/\/sarraf.cl\/Web\/producto\/radio-network-movil-de-cobertura-nacional-sptt-200-4g\/","title":{"rendered":"RADIO NETWORK M\u00d3VIL DE COBERTURA NACIONAL  SPTT 200 4G"},"content":{"rendered":"<p>Radio Network M\u00f3vil con antena integrada y micr\u00f3fono de palma.<\/p>\n<p>&#8211; Pantalla LCD de 2.8 pulgadas<br \/>\n&#8211; Funci\u00f3n GPS<br \/>\n&#8211; 1000 canales<br \/>\n&#8211; Audio mejorado 8k<br \/>\n&#8211; Recepci\u00f3n de texto<br \/>\n&#8211; Plataforma Real PTT<br \/>\n&#8211; Recibe y hace llamadas telef\u00f3nicas (seg\u00fan tipo de plan)<\/p>\n<p>Frecuencia LTE FDD\/LTE TDD\/WCDMA\/TD-SCDMA\/EV-DO\/CDMA 1X\/GSM<br \/>\nDimensi\u00f3n 13.7* 4.3* 16cm<br \/>\nPeso 1.2 kg<br \/>\nPantalla 2.8 pulgadas (240*320)<br \/>\nVoltaje de trabajo 8V~36V<br \/>\nConsumo de Energ\u00eda Standby:120mA-300mA max:800mA<br \/>\nSensibilidad -106dbm<br \/>\nAntena 50&#8242;<br \/>\nPuerto serial AT instrucci\u00f3n<br \/>\nNivel de cubierta UTM 1.8V\/2.85V<br \/>\nGPS Sensibilidad -152dbm<br \/>\nGPS 5m (50% confianza) 10m (90% confianza)<br \/>\nLTE FDD: B1\/B2\/B3\/B4\/B5\/B7\/B8\/B28<br \/>\nLTE TDD: B40<br \/>\nRango de Frecuencia:WCDMA B1\/B2\/B5\/B8<br \/>\nGSM quad-band<\/p>\n<p>CONSULTAR POR MODALIDAD DE ARRIENDOS MENSUALES<\/p>\n<p><strong>CONSULTE DISPONIBILIDAD Y VALORES DE ESTE PRODUCTO AL SIGUIENTE CORREO<\/strong><\/p>\n<p><strong>ventas@sarraf.cl<\/strong><\/p>\n","protected":false},"excerpt":{"rendered":"<p>Radio Network M\u00f3vil con antena integrada y micr\u00f3fono de palma.<\/p>\n<p>&#8211; Pantalla LCD de 2.8 pulgadas<br \/>\n&#8211; Funci\u00f3n GPS<br \/>\n&#8211; 1000 canales<br \/>\n&#8211; Audio mejorado 8k<br \/>\n&#8211; Recepci\u00f3n de texto<br \/>\n&#8211; Plataforma Real PTT<br \/>\n&#8211; Recibe y hace llamadas telef\u00f3nicas (seg\u00fan tipo de plan)<\/p>\n<p>Frecuencia LTE FDD\/LTE TDD\/WCDMA\/TD-SCDMA\/EV-DO\/CDMA 1X\/GSM<br \/>\nDimensi\u00f3n 13.7* 4.3* 16cm<br \/>\nPeso 1.2 kg<br \/>\nPantalla 2.8 pulgadas (240*320)<br \/>\nVoltaje de trabajo 8V~36V<br \/>\nConsumo de Energ\u00eda Standby:120mA-300mA max:800mA<br \/>\nSensibilidad -106dbm<br \/>\nAntena 50&#8242;<br \/>\nPuerto serial AT instrucci\u00f3n<br \/>\nNivel de cubierta UTM 1.8V\/2.85V<br \/>\nGPS Sensibilidad -152dbm<br \/>\nGPS 5m (50% confianza) 10m (90% confianza)<br \/>\nLTE FDD: B1\/B2\/B3\/B4\/B5\/B7\/B8\/B28<br \/>\nLTE TDD: B40<br \/>\nRango de Frecuencia:WCDMA B1\/B2\/B5\/B8<br \/>\nGSM quad-band<\/p>\n<p>&nbsp;<\/p>\n<p>CONS\u00daLTENOS POR MODALIDAD DE ARRIENDOS MENSUALES<\/p>\n<p>&nbsp;<\/p>\n<p><strong>CONSULTE DISPONIBILIDAD Y VALORES DE ESTE PRODUCTO AL SIGUIENTE CORREO<\/strong><\/p>\n<p><strong>ventas@sarraf.cl<\/strong><\/p>\n","protected":false},"featured_media":1146,"comment_status":"open","ping_status":"closed","template":"","meta":[],"_links":{"self":[{"href":"http:\/\/sarraf.cl\/Web\/wp-json\/wp\/v2\/product\/1145"}],"collection":[{"href":"http:\/\/sarraf.cl\/Web\/wp-json\/wp\/v2\/product"}],"about":[{"href":"http:\/\/sarraf.cl\/Web\/wp-json\/wp\/v2\/types\/product"}],"replies":[{"embeddable":true,"href":"http:\/\/sarraf.cl\/Web\/wp-json\/wp\/v2\/comments?post=1145"}],"wp:featuredmedia":[{"embeddable":true,"href":"http:\/\/sarraf.cl\/Web\/wp-json\/wp\/v2\/media\/1146"}],"wp:attachment":[{"href":"http:\/\/sarraf.cl\/Web\/wp-json\/wp\/v2\/media?parent=1145"}],"curies":[{"name":"wp","href":"https:\/\/api.w.org\/{rel}","templated":true}]}}