{"id":1142,"date":"2019-07-11T13:04:55","date_gmt":"2019-07-11T17:04:55","guid":{"rendered":"http:\/\/sarraf.cl\/Web\/?post_type=product&#038;p=1142"},"modified":"2020-04-07T23:31:12","modified_gmt":"2020-04-08T03:31:12","slug":"radio-network-t-x8plus-2g3g4g-con-gps","status":"publish","type":"product","link":"http:\/\/sarraf.cl\/Web\/producto\/radio-network-t-x8plus-2g3g4g-con-gps\/","title":{"rendered":"Radio Network T-X8PLUS 2G\/3G\/4G con GPS"},"content":{"rendered":"<p>El T-X8 PLUS puede ser utilizado en la log\u00edstica, transporte de carga, administraci\u00f3n urbana, asistencia m\u00e9dica, sistema de seguridad, propiedades de alto nivel, grandes sitios de construcci\u00f3n, comercial, taxis, hoteles, uso en exterior, entre otros.<\/p>\n<p>&#8211; Cobertura Nacional<\/p>\n<p>&#8211; Sistema Linux<\/p>\n<p>&#8211; Audio mejorado 8k<\/p>\n<p>&#8211; Sistema S.O.S<\/p>\n<p>&#8211; Llamadas grupales y Privadas<\/p>\n<p>&#8211; RED 2G, 3G y 4G<\/p>\n<p>&#8211; Funci\u00f3n GPS<\/p>\n<p>&#8211; Cargador de sobremesa o micro USB<\/p>\n<p>&#8211; Ajuste de zona Horaria<\/p>\n<p>&#8211; Visualizaci\u00f3n de fecha y hora<\/p>\n<p>&#8211; Pantalla iluminada LCD<\/p>\n<p>NO INCLUYE HABILITACION ( SEGUN REQUERIMIENTO )<br \/>\nNO INCLUYE LICENCIAS<br \/>\nNO INCLUYE PLATAFORMA ( SERVICIO ADICIONAL )<\/p>\n<p>CONT\u00c1CTENOS PARA SABER INFORMACI\u00d3N SOBRE ARRIENDO MENSUAL<\/p>\n<p><strong>CONSULTE DISPONIBILIDAD Y VALORES DE ESTE PRODUCTO AL SIGUIENTE CORREO<\/strong><\/p>\n<p><strong>ventas@sarraf.cl<\/strong><\/p>\n","protected":false},"excerpt":{"rendered":"<p>El T-X8 PLUS puede ser utilizado en la log\u00edstica, transporte de carga, administraci\u00f3n urbana, asistencia m\u00e9dica, sistema de seguridad, propiedades de alto nivel, grandes sitios de construcci\u00f3n, comercial, taxis, hoteles, uso en exterior, entre otros.<\/p>\n<p>&#8211; Cobertura Nacional<\/p>\n<p>&#8211; Sistema Linux<\/p>\n<p>&#8211; Audio mejorado 8k<\/p>\n<p>&#8211; Sistema S.O.S<\/p>\n<p>&#8211; Llamadas grupales y Privadas<\/p>\n<p>&#8211; RED 2G, 3G y 4G<\/p>\n<p>&#8211; Funci\u00f3n GPS<\/p>\n<p>&#8211; Cargador de sobremesa o micro USB<\/p>\n<p>&#8211; Ajuste de zona Horaria<\/p>\n<p>&#8211; Visualizaci\u00f3n de fecha y hora<\/p>\n<p>NO INCLUYEN PLAN DE DATOS NI PLATAFORMA<\/p>\n<p>CONT\u00c1CTENOS PARA SABER INFORMACI\u00d3N SOBRE ARRIENDO MENSUAL<\/p>\n<p><strong>CONSULTE DISPONIBILIDAD Y VALORES DE ESTE PRODUCTO AL SIGUIENTE CORREO<\/strong><\/p>\n<p><strong>ventas@sarraf.cl<\/strong><\/p>\n","protected":false},"featured_media":1143,"comment_status":"open","ping_status":"closed","template":"","meta":[],"_links":{"self":[{"href":"http:\/\/sarraf.cl\/Web\/wp-json\/wp\/v2\/product\/1142"}],"collection":[{"href":"http:\/\/sarraf.cl\/Web\/wp-json\/wp\/v2\/product"}],"about":[{"href":"http:\/\/sarraf.cl\/Web\/wp-json\/wp\/v2\/types\/product"}],"replies":[{"embeddable":true,"href":"http:\/\/sarraf.cl\/Web\/wp-json\/wp\/v2\/comments?post=1142"}],"wp:featuredmedia":[{"embeddable":true,"href":"http:\/\/sarraf.cl\/Web\/wp-json\/wp\/v2\/media\/1143"}],"wp:attachment":[{"href":"http:\/\/sarraf.cl\/Web\/wp-json\/wp\/v2\/media?parent=1142"}],"curies":[{"name":"wp","href":"https:\/\/api.w.org\/{rel}","templated":true}]}}