{"id":1076,"date":"2019-04-05T16:11:03","date_gmt":"2019-04-05T20:11:03","guid":{"rendered":"http:\/\/sarraf.cl\/Web\/?post_type=product&#038;p=1076"},"modified":"2020-04-07T23:36:50","modified_gmt":"2020-04-08T03:36:50","slug":"bateria-hytera-bl2202-para-radio-portatil-hytera-bd306","status":"publish","type":"product","link":"http:\/\/sarraf.cl\/Web\/producto\/bateria-hytera-bl2202-para-radio-portatil-hytera-bd306\/","title":{"rendered":"Bater\u00eda Hytera BL2202 Para Radio Port\u00e1til  Hytera BD306"},"content":{"rendered":"<p>Bater\u00eda Hytera BL2202 Para Port\u00e1til BD306<\/p>\n<p>-BD3 2200 mAh<\/p>\n<p>-Bateria de Li-ion 3.8V<\/p>\n<p><strong>CONSULTE DISPONIBILIDAD Y VALORES DE ESTE PRODUCTO AL SIGUIENTE CORREO<\/strong><\/p>\n<p><strong>ventas@sarraf.cl<\/strong><\/p>\n","protected":false},"excerpt":{"rendered":"<p>Bater\u00eda Hytera BL2202 Para Port\u00e1til BD306<\/p>\n<p>-BD3 2200 mAh<\/p>\n<p>-Bateria de Li-ion 3.8V<\/p>\n<p><strong>CONSULTE DISPONIBILIDAD Y VALORES DE ESTE PRODUCTO AL SIGUIENTE CORREO<\/strong><\/p>\n<p><strong>ventas@sarraf.cl<\/strong><\/p>\n","protected":false},"featured_media":1077,"comment_status":"open","ping_status":"closed","template":"","meta":[],"_links":{"self":[{"href":"http:\/\/sarraf.cl\/Web\/wp-json\/wp\/v2\/product\/1076"}],"collection":[{"href":"http:\/\/sarraf.cl\/Web\/wp-json\/wp\/v2\/product"}],"about":[{"href":"http:\/\/sarraf.cl\/Web\/wp-json\/wp\/v2\/types\/product"}],"replies":[{"embeddable":true,"href":"http:\/\/sarraf.cl\/Web\/wp-json\/wp\/v2\/comments?post=1076"}],"wp:featuredmedia":[{"embeddable":true,"href":"http:\/\/sarraf.cl\/Web\/wp-json\/wp\/v2\/media\/1077"}],"wp:attachment":[{"href":"http:\/\/sarraf.cl\/Web\/wp-json\/wp\/v2\/media?parent=1076"}],"curies":[{"name":"wp","href":"https:\/\/api.w.org\/{rel}","templated":true}]}}