{"id":1038,"date":"2019-04-01T22:09:51","date_gmt":"2019-04-02T02:09:51","guid":{"rendered":"http:\/\/sarraf.cl\/Web\/?post_type=product&#038;p=1038"},"modified":"2020-04-07T23:47:27","modified_gmt":"2020-04-08T03:47:27","slug":"portatil-icom-ic-f4103d-uhffm-sin-pantalla","status":"publish","type":"product","link":"http:\/\/sarraf.cl\/Web\/producto\/portatil-icom-ic-f4103d-uhffm-sin-pantalla\/","title":{"rendered":"PORTATIL ICOM IC-F4103D UHF\/FM SIN PANTALLA"},"content":{"rendered":"<h2>Todo lo que usted esperaba en un radio para negocios &#8230; \u00a1Y adem\u00e1s es digital!<\/h2>\n<p>Rango de operaci\u00f3n: 450-512 Mhz 16 Canales.<\/p>\n<div id=\"Features\">\n<ul class=\"MainFeatures\">\n<li>IDAS\u2122 convencional e IDAS\u2122 con enlaces en un solo sitio<\/li>\n<li>Modo de operaci\u00f3n mixto digital\/anal\u00f3gico<\/li>\n<li>2 tonos, 5 tonos, CTCSS y DTCS integrados<\/li>\n<li>Llamada de emergencia MDC PTT ID y MDC<\/li>\n<li>Audio 800 mW (t\u00edpico) fuerte y claro<\/li>\n<li>Construcci\u00f3n robusta IP54 y MIL-STD-810 F<\/li>\n<li>Bater\u00eda de larga duraci\u00f3n<\/li>\n<li>Anuncio de canal<img decoding=\"async\" loading=\"lazy\" src=\"http:\/\/www.icomamerica.com\/es\/products\/landmobile\/portables\/F3103D_Series\/largeptt.jpg\" alt=\"large ptt\" width=\"100\" height=\"115\" \/><\/li>\n<\/ul>\n<h4>PTT grande antideslizante<\/h4>\n<p>El bot\u00f3n PTT grande est\u00e1 dise\u00f1ado para proporcionar un clic confiable antideslizante, incluso al utilizar guantes.<\/p>\n<h4>800 mW de potencia de audio<\/h4>\n<p>\u00a1La bocina grande de 45 mm ofrece hasta 800 mW<span class=\"DisclaimerFlag\">*<\/span>\u00a0de potencia de audio! La modulaci\u00f3n digital a\u00f1ade una claridad distintiva a las voces recibidas.<br \/>\n<span class=\"Disclaimer\"><img decoding=\"async\" loading=\"lazy\" src=\"http:\/\/www.icomamerica.com\/es\/products\/landmobile\/portables\/F3103D_Series\/audio.jpg\" alt=\"loud audio\" width=\"99\" height=\"101\" \/>*T\u00edpico con una bocina interna.<\/span><\/p>\n<h4>Anuncio de canal<\/h4>\n<p>Cuando usted gira la perilla del canal, el radio anuncia el n\u00famero del canal. Excelente para hacer ajustes sin tener que mirar el radio.<\/p>\n<h4><img decoding=\"async\" loading=\"lazy\" src=\"http:\/\/www.icomamerica.com\/es\/products\/landmobile\/portables\/F3103D_Series\/channelannouncement.jpg\" alt=\"channel announcement\" width=\"100\" height=\"83\" \/>LED de 3 colores brillantes<\/h4>\n<p>El LED brillante muestra el estado de operaci\u00f3n: rojo para la transmisi\u00f3n, verde para escuchar o anaranjado para indicar que la bater\u00eda est\u00e1 baja, etc.<\/p>\n<h4>Operaci\u00f3n tipo manos libres<\/h4>\n<p><img decoding=\"async\" loading=\"lazy\" src=\"http:\/\/www.icomamerica.com\/es\/products\/landmobile\/portables\/F3103D_Series\/handsfree.jpg\" alt=\"hands-free\" width=\"100\" height=\"112\" \/>Los auriculares opcionales con cable adaptador de conector OPC-2004 ofrecen operaci\u00f3n tipo manoslibres.<\/p>\n<h4>\u00a1Construido con la fortaleza del equipo militar!<\/h4>\n<p>\u00a1Se puede utilizar en la lluvia! Probado para las categor\u00edas IP54 y 11 de las pruebas ambientales MIL STD-810 F.<\/p>\n<h4>Compacto y ligero<\/h4>\n<p>58\u00d7111.5\u00d736.5 mm; 2.28\u00d74.39\u00d71.44 in 320g; 11.3 onzas con BP-265. (VHF)<\/p>\n<h4>Modo de operaci\u00f3n digital IDAS\u2122<\/h4>\n<p>La serie IC-F3103D ofrece operaci\u00f3n b\u00e1sica en modo digital IDAS NXDN\u2122 basado en CAI. Tambi\u00e9n es compatible con los enlaces IDAS convencionales en m\u00faltiples sitios y con los enlaces IDAS troncalizado monositio. Las siguientes caracter\u00edsticas IDAS se pueden programar.<\/p>\n<ul class=\"morefeatures\">\n<li>PTT ID (trans.)<\/li>\n<li>Llamada individual\/grupo (trans.)<\/li>\n<li>Decodificador de bloque<\/li>\n<li>N\u00famero de acceso a radio (RAN)<\/li>\n<li>Adormecer\/matar\/revivir (recep.)<\/li>\n<li>Alerta de llamada (recep.)<\/li>\n<li>Monitor remoto (recep.)<\/li>\n<li>Emergencia (trans.)<\/li>\n<li>Stun\/kill\/revive (RX)<\/li>\n<\/ul>\n<p><strong>CONSULTE DISPONIBILIDAD Y VALORES DE ESTE PRODUCTO AL SIGUIENTE CORREO<\/strong><\/p>\n<p><strong>ventas@sarraf.cl<\/strong><\/p>\n<\/div>\n","protected":false},"excerpt":{"rendered":"<p>Todo lo que usted esperaba en un radio para negocios &#8230; \u00a1Y adem\u00e1s es digital! Rango de operaci\u00f3n: 450-512 Mhz 16 Canales. IDAS\u2122 convencional e IDAS\u2122 con enlaces en un solo sitio Modo de operaci\u00f3n mixto digital\/anal\u00f3gico 2 tonos, 5 tonos, CTCSS y DTCS integrados Llamada de emergencia MDC PTT ID y MDC Audio 800 [&hellip;]<\/p>\n","protected":false},"featured_media":1035,"comment_status":"open","ping_status":"closed","template":"","meta":[],"_links":{"self":[{"href":"http:\/\/sarraf.cl\/Web\/wp-json\/wp\/v2\/product\/1038"}],"collection":[{"href":"http:\/\/sarraf.cl\/Web\/wp-json\/wp\/v2\/product"}],"about":[{"href":"http:\/\/sarraf.cl\/Web\/wp-json\/wp\/v2\/types\/product"}],"replies":[{"embeddable":true,"href":"http:\/\/sarraf.cl\/Web\/wp-json\/wp\/v2\/comments?post=1038"}],"wp:featuredmedia":[{"embeddable":true,"href":"http:\/\/sarraf.cl\/Web\/wp-json\/wp\/v2\/media\/1035"}],"wp:attachment":[{"href":"http:\/\/sarraf.cl\/Web\/wp-json\/wp\/v2\/media?parent=1038"}],"curies":[{"name":"wp","href":"https:\/\/api.w.org\/{rel}","templated":true}]}}