{"id":1029,"date":"2019-04-01T21:15:23","date_gmt":"2019-04-02T01:15:23","guid":{"rendered":"http:\/\/sarraf.cl\/Web\/?post_type=product&#038;p=1029"},"modified":"2020-04-07T23:48:35","modified_gmt":"2020-04-08T03:48:35","slug":"portatil-icom-digital-ic-f1000d-ip67-sumergible-vhffm","status":"publish","type":"product","link":"http:\/\/sarraf.cl\/Web\/producto\/portatil-icom-digital-ic-f1000d-ip67-sumergible-vhffm\/","title":{"rendered":"PORTATIL ICOM DIGITAL IC-F1000D  IP67 SUMERGIBLE VHF\/FM"},"content":{"rendered":"<h2>Transceptor Digital Sumergible Compacto y Delgado VHF\/FM Rango de operaci\u00f3n 136-174 Mhz 16 canales.<\/h2>\n<h4>Operaci\u00f3n de modo digital IDAS\u2122<\/h4>\n<p>El IC-F1000D puede programar enlaces troncalizados a un \u00fanico sitio tipo D y modos convencionales digitales, adem\u00e1s de modo anal\u00f3gico por canal. El modo digital IDAS utiliza modulaci\u00f3n FSK de 4 niveles y la interfaz a\u00e9rea com\u00fan NXDN\u2122, lo que ofrece verdadera eficacia de espectro de 6,25 kHz, m\u00e1s seguridad y mejor claridad de audio, incluso en los bordes del rango de comunicaci\u00f3n.<\/p>\n<p>Las siguientes caracter\u00edsticas IDAS son programables:<\/p>\n<ul>\n<li>PTT ID (TX)<\/li>\n<li>Llamadas individuales\/grupales<\/li>\n<li>Control de radio (RX)<\/li>\n<li>Bloqueo\/desactivaci\u00f3n\/reactivaci\u00f3n (RX)<\/li>\n<li>Monitor remoto (RX)<\/li>\n<li>Emergencia (TX)<\/li>\n<li>Alerta de llamada (RX)<\/li>\n<li>Codificador de voz digital (15 bits)<\/li>\n<li>Llamada de estado (estado encendido\/apagado y solicitud de GPS)<\/li>\n<li>Escaneo de votaci\u00f3n para operaci\u00f3n convencional de sitios m\u00faltiples<br \/>\nTX: Transmitir, RX: Recibir<\/li>\n<\/ul>\n<h4>Funciones de emergencia inteligentes<\/h4>\n<p>Para colaborar con la seguridad del trabajador, IC-F1000D\/F2000D tiene tres funciones de emergencia relacionadas: detecci\u00f3n de movimiento, hombre ca\u00eddo y trabajador solitario. Si una de estas funciones se activa, el transceptor autom\u00e1ticamente ingresa en una fase de emergencia e inicia una cuenta regresiva para enviar una se\u00f1al de emergencia. El sensor de movimiento incorporado detecta su posici\u00f3n y el estado de movimiento o inmovilidad.<\/p>\n<h4>Micr\u00f3fono altavoz con GPS opcional<\/h4>\n<p>Con el micr\u00f3fono altavoz con GPS opcional, los datos de posicionamiento GPS del HM-171GPW pueden adjuntarse a una transmisi\u00f3n de voz o datos, como al responder a una llamada de estado de solicitud de GPS.<\/p>\n<h4>Protecci\u00f3n IP67 resistente al agua y al polvo<\/h4>\n<p>Aunque su cuerpo es compacto, el IC-F1000D\/F2000D ofrece una estructura resistente que brinda protecci\u00f3n superior contra la acci\u00f3n del agua (1m de profundidad durante 30 minutos), el polvo, la arena, el barro y otros objetos. La radio tambi\u00e9n est\u00e1 comprobada de conformidad con las especificaciones MIL-STD 810. Resiste el uso intenso.<\/p>\n<h4>Delgado, compacto y liviano<\/h4>\n<p>El IC-F1000D tiene un cuerpo compacto de 52,2\u00d7111,8\u00d730,3 mm y pesa solo 260 g (con la bater\u00eda BP-280 y el sujetador para cintur\u00f3n). Es f\u00e1cil de llevar a todas partes.<\/p>\n<h4>F\u00e1cil de escuchar en un ambiente con ruidos<\/h4>\n<p>El altavoz grande de 36 mm del transceptor proporciona 800 mW<span class=\"DisclaimerFlag\">*<\/span>\u00a0de sonido claro. El amplificador BTL integrado aumenta la potencia de salida de audio y le ofrece al operador de radio que trabaja en entornos ruidosos un sonido de voz potente e inteligible.<br \/>\n<span class=\"Disclaimer\">*T\u00edpico con altavoz interno.<\/span><\/p>\n<h4>2 tonos y 5 tonos integrados (Modo anal\u00f3gico)<\/h4>\n<p>El IC-F1000D tiene capacidades incorporadas de se\u00f1alizaci\u00f3n de 2 tonos, 5 tonos, CTCSS y DTCS para comunicaciones grupales y llamadas selectivas en modo anal\u00f3gico. El IC-F1000D\/F2000D puede usarse como un transceptor anal\u00f3gico preparado para la futura migraci\u00f3n al entorno digital.<\/p>\n<h4>Bater\u00eda de larga duraci\u00f3n<\/h4>\n<p>El paquete de bater\u00eda BP-280 (2400 mAh t\u00edpico), resistente al agua y de gran capacidad, brinda 18 horas de tiempo de funcionamiento.<span class=\"DisclaimerFlag\">*<\/span>\u00a0El cargador r\u00e1pido proporcionado BC-213<span class=\"DisclaimerFlag\">*<\/span>\u00a0carga la bater\u00eda BP-280 en 3,5 horas.<br \/>\n<span class=\"Disclaimer\">*Transmisi\u00f3n: Rx: En espera=5:5:90. Funci\u00f3n de ahorro de energ\u00eda ACTIVADO. Seg\u00fan la versi\u00f3n, existe la posibilidad de que la bater\u00eda BC-213 no se suministre.<\/span><\/p>\n<h4>Otras caracter\u00edsticas<\/h4>\n<ul class=\"MoreFeatures\">\n<li>Memorias de marcado autom\u00e1tico DTMF<\/li>\n<li>Funciones MDC 1200: PTT ID, llamada de emergencia, control de radio (RX) y bloqueo\/reactivaci\u00f3n (RX)<\/li>\n<li>Funci\u00f3n de vigilancia<\/li>\n<li>Alarma creciente<\/li>\n<li>Capacidad VOX para funcionamiento con manos libres<\/li>\n<li>Funci\u00f3n de anuncio de canal<\/li>\n<li>Interruptor de emergencia rojo en el panel superior<\/li>\n<\/ul>\n<h4>Accesorios incluidos:<\/h4>\n<p>(Puede variar seg\u00fan la versi\u00f3n.)<\/p>\n<ul class=\"MoreFeatures\">\n<li>Bater\u00eda, BP-280<\/li>\n<li>Cargador de escritorio, BC-213<\/li>\n<li>Adaptador de CA, BC-123S<\/li>\n<li>Sujetador para cintur\u00f3n, MB-133<\/li>\n<li>Antena<\/li>\n<\/ul>\n<p><strong>CONSULTE DISPONIBILIDAD Y VALORES DE ESTE PRODUCTO AL SIGUIENTE CORREO<\/strong><\/p>\n<p><strong>ventas@sarraf.cl<\/strong><\/p>\n","protected":false},"excerpt":{"rendered":"<p>Transceptor Digital Sumergible Compacto y Delgado VHF\/FM Rango de operaci\u00f3n 136-174 Mhz 16 canales. Operaci\u00f3n de modo digital IDAS\u2122 El IC-F1000D puede programar enlaces troncalizados a un \u00fanico sitio tipo D y modos convencionales digitales, adem\u00e1s de modo anal\u00f3gico por canal. El modo digital IDAS utiliza modulaci\u00f3n FSK de 4 niveles y la interfaz a\u00e9rea [&hellip;]<\/p>\n","protected":false},"featured_media":1030,"comment_status":"open","ping_status":"closed","template":"","meta":[],"_links":{"self":[{"href":"http:\/\/sarraf.cl\/Web\/wp-json\/wp\/v2\/product\/1029"}],"collection":[{"href":"http:\/\/sarraf.cl\/Web\/wp-json\/wp\/v2\/product"}],"about":[{"href":"http:\/\/sarraf.cl\/Web\/wp-json\/wp\/v2\/types\/product"}],"replies":[{"embeddable":true,"href":"http:\/\/sarraf.cl\/Web\/wp-json\/wp\/v2\/comments?post=1029"}],"wp:featuredmedia":[{"embeddable":true,"href":"http:\/\/sarraf.cl\/Web\/wp-json\/wp\/v2\/media\/1030"}],"wp:attachment":[{"href":"http:\/\/sarraf.cl\/Web\/wp-json\/wp\/v2\/media?parent=1029"}],"curies":[{"name":"wp","href":"https:\/\/api.w.org\/{rel}","templated":true}]}}