{"id":1022,"date":"2019-04-01T21:02:55","date_gmt":"2019-04-02T01:02:55","guid":{"rendered":"http:\/\/sarraf.cl\/Web\/?post_type=product&#038;p=1022"},"modified":"2020-04-07T23:50:16","modified_gmt":"2020-04-08T03:50:16","slug":"portatil-icom-digital-ic-f1000-vhffm","status":"publish","type":"product","link":"http:\/\/sarraf.cl\/Web\/producto\/portatil-icom-digital-ic-f1000-vhffm\/","title":{"rendered":"PORTATIL ICOM DIGITAL IC-F1000 VHF\/FM"},"content":{"rendered":"<p>Port\u00e1til VHF\/FM econ\u00f3mico 16 canales sin pantalla. Incluye Bater\u00eda , pinza y cargador r\u00e1pido de escritorio<\/p>\n<p>La serie F1000 es un radio port\u00e1til ergon\u00f3mico, viene en tres modelos, b\u00e1sico \u2013 sin pantalla, sencillo \u2013 con pantalla y semi-teclado y pantalla \u2013 con teclado, ofrece otras caracter\u00edsticas como; sensor de movimiento, anunciador de canal y sellado al polvo y sumergible. Este radio es ideal para una amplia variedad de negocios e industrias.<\/p>\n<table>\n<tbody>\n<tr>\n<td>\n<h4>Canales:<\/h4>\n<\/td>\n<td><\/td>\n<td>16 o 128 canales<\/td>\n<\/tr>\n<tr>\n<td>\n<h4>Poder:<\/h4>\n<\/td>\n<td><\/td>\n<td>5W (VHF) \/ 4W (UHF)<\/td>\n<\/tr>\n<tr>\n<td>\n<h4>Frecuencias:<\/h4>\n<\/td>\n<td><\/td>\n<td>136-174 MHz<\/td>\n<\/tr>\n<tr>\n<td>\n<h4>Sumergible:<\/h4>\n<\/td>\n<td><\/td>\n<td>IP67<\/td>\n<\/tr>\n<tr>\n<td>\n<h4>Tecla Programable:<\/h4>\n<\/td>\n<td><\/td>\n<td>Direct sampling<\/td>\n<\/tr>\n<tr>\n<td>\n<h4>Versiones:<\/h4>\n<\/td>\n<td><\/td>\n<td>No pantalla\/teclado<br \/>\nPantalla sin teclado<br \/>\nPantalla con teclado<\/td>\n<\/tr>\n<\/tbody>\n<\/table>\n<h4>Sensor de Movimiento<\/h4>\n<p>Sensor de movimiento inter-construido el F1000 puede detector el movimiento y puede enviar una se\u00f1al de emergencia. La funci\u00f3n de movimiento detecta si el radio esta en movimiento. Las funciones programables de trabajador solitario y hombre ca\u00eddo.<\/p>\n<h4>Se\u00f1alizaci\u00f3n<\/h4>\n<p>El F1000 viene con todas las se\u00f1alizaciones m\u00e1s populares incluyendo 2-Tonos, 5-Tonos, CTCSS y DTCS para realizar llamadas selectivas y grupales. As\u00ed como funciones programables MDC:<\/p>\n<ul>\n<li>PTT ID<\/li>\n<li>Emergencia (No transmite el ACK)<\/li>\n<li>Radio check (solo RX)<\/li>\n<li>Activar\/Desactivar (solo RX)<\/li>\n<li>Transmisi\u00f3n de mensaje de estatus (con pantalla)<\/li>\n<li>Tabla de 100 alias (con pantalla)<\/li>\n<\/ul>\n<h4>Funciones Adicionales:<\/h4>\n<ul>\n<li>Encripci\u00f3n de voz<\/li>\n<li>Anunciador de canal<\/li>\n<li>8 memorias DTMF<\/li>\n<li>Funci\u00f3n &#8220;Shift key&#8221; aumenta el n\u00famero de teclas programables<\/li>\n<li>Funci\u00f3n tactica<\/li>\n<li>Alarma<\/li>\n<\/ul>\n<p><strong>CONSULTE DISPONIBILIDAD Y VALORES DE ESTE PRODUCTO AL SIGUIENTE CORREO<\/strong><\/p>\n<p><strong>ventas@sarraf.cl<\/strong><\/p>\n","protected":false},"excerpt":{"rendered":"<p>Port\u00e1til VHF\/FM econ\u00f3mico 16 canales sin pantalla. Incluye Bater\u00eda , pinza y cargador r\u00e1pido de escritorio<\/p>\n<p>La serie F1000 es un radio port\u00e1til ergon\u00f3mico, viene en tres modelos, b\u00e1sico \u2013 sin pantalla, sencillo \u2013 con pantalla y semi-teclado y pantalla \u2013 con teclado, ofrece otras caracter\u00edsticas como; sensor de movimiento, anunciador de canal y sellado al polvo y sumergible. Este radio es ideal para una amplia variedad de negocios e industrias.<\/p>\n<table>\n<tbody>\n<tr>\n<td>\n<h4>Canales:<\/h4>\n<\/td>\n<td><\/td>\n<td>16 o 128 canales<\/td>\n<\/tr>\n<tr>\n<td>\n<h4>Poder:<\/h4>\n<\/td>\n<td><\/td>\n<td>5W (VHF) \/ 4W (UHF)<\/td>\n<\/tr>\n<tr>\n<td>\n<h4>Frecuencias:<\/h4>\n<\/td>\n<td><\/td>\n<td>136-174 MHz<\/td>\n<\/tr>\n<tr>\n<td>\n<h4>Sumergible:<\/h4>\n<\/td>\n<td><\/td>\n<td>IP67<\/td>\n<\/tr>\n<tr>\n<td>\n<h4>Tecla Programable:<\/h4>\n<\/td>\n<td><\/td>\n<td>Direct sampling<\/td>\n<\/tr>\n<tr>\n<td>\n<h4>Versiones:<\/h4>\n<\/td>\n<td><\/td>\n<td>No pantalla\/teclado<br \/>\nPantalla sin teclado<br \/>\nPantalla con teclado<\/td>\n<\/tr>\n<\/tbody>\n<\/table>\n<h4>Sensor de Movimiento<\/h4>\n<p>Sensor de movimiento inter-construido el F1000 puede detector el movimiento y puede enviar una se\u00f1al de emergencia. La funci\u00f3n de movimiento detecta si el radio esta en movimiento. Las funciones programables de trabajador solitario y hombre ca\u00eddo.<\/p>\n<h4>Se\u00f1alizaci\u00f3n<\/h4>\n<p>El F1000 viene con todas las se\u00f1alizaciones m\u00e1s populares incluyendo 2-Tonos, 5-Tonos, CTCSS y DTCS para realizar llamadas selectivas y grupales. As\u00ed como funciones programables MDC:<\/p>\n<ul>\n<li>PTT ID<\/li>\n<li>Emergencia (No transmite el ACK)<\/li>\n<li>Radio check (solo RX)<\/li>\n<li>Activar\/Desactivar (solo RX)<\/li>\n<li>Transmisi\u00f3n de mensaje de estatus (con pantalla)<\/li>\n<li>Tabla de 100 alias (con pantalla)<\/li>\n<\/ul>\n<h4>Funciones Adicionales:<\/h4>\n<ul>\n<li>Encripci\u00f3n de voz<\/li>\n<li>Anunciador de canal<\/li>\n<li>8 memorias DTMF<\/li>\n<li>Funci\u00f3n &#8220;Shift key&#8221; aumenta el n\u00famero de teclas programables<\/li>\n<li>Funci\u00f3n tactica<\/li>\n<li>Alarma<\/li>\n<\/ul>\n<p><strong>CONSULTE DISPONIBILIDAD Y VALORES DE ESTE PRODUCTO AL SIGUIENTE CORREO<\/strong><\/p>\n<p><strong>ventas@sarraf.cl<\/strong><\/p>\n","protected":false},"featured_media":1023,"comment_status":"open","ping_status":"closed","template":"","meta":[],"_links":{"self":[{"href":"http:\/\/sarraf.cl\/Web\/wp-json\/wp\/v2\/product\/1022"}],"collection":[{"href":"http:\/\/sarraf.cl\/Web\/wp-json\/wp\/v2\/product"}],"about":[{"href":"http:\/\/sarraf.cl\/Web\/wp-json\/wp\/v2\/types\/product"}],"replies":[{"embeddable":true,"href":"http:\/\/sarraf.cl\/Web\/wp-json\/wp\/v2\/comments?post=1022"}],"wp:featuredmedia":[{"embeddable":true,"href":"http:\/\/sarraf.cl\/Web\/wp-json\/wp\/v2\/media\/1023"}],"wp:attachment":[{"href":"http:\/\/sarraf.cl\/Web\/wp-json\/wp\/v2\/media?parent=1022"}],"curies":[{"name":"wp","href":"https:\/\/api.w.org\/{rel}","templated":true}]}}