{"id":1020,"date":"2019-03-27T23:59:27","date_gmt":"2019-03-28T03:59:27","guid":{"rendered":"http:\/\/sarraf.cl\/Web\/?post_type=product&#038;p=1020"},"modified":"2020-04-07T23:51:14","modified_gmt":"2020-04-08T03:51:14","slug":"portatil-hytera-pd416-patrol-vhffm-dmr","status":"publish","type":"product","link":"http:\/\/sarraf.cl\/Web\/producto\/portatil-hytera-pd416-patrol-vhffm-dmr\/","title":{"rendered":"Port\u00e1til Hytera PD416 Patrol VHF\/FM DMR"},"content":{"rendered":"<h2>Descripci\u00f3n<\/h2>\n<p><b>Llamadas de voz vers\u00e1tiles<\/b><\/p>\n<div>La comunicaci\u00f3n de voz incluye llamadas privadas, de grupo y generales.<\/div>\n<div><\/div>\n<div><b>Resistente y confiable<\/b><\/div>\n<div>Cumple con las normas IP54 y MIL-STD-810 C\/D\/E\/F\/G.<\/div>\n<div><\/div>\n<div><b>Peque\u00f1o, estilizado y liviano<\/b><\/div>\n<div>Mide tan solo 112\u00d755\u00d731 mm y pesa 270 g.<\/div>\n<div><\/div>\n<div>\n<div><b>Alta autonom\u00eda de la bater\u00eda<\/b><\/div>\n<div>En modo digital, PD 416 opera hasta 16 horas con un ciclo de trabajo 5-5-90, con bater\u00eda de 1500 mAh.<\/div>\n<\/div>\n<div><\/div>\n<div>\n<div><b>Mensajes de texto preprogramados<\/b><\/div>\n<div><b>Llamada\/texto con un toque<\/b><\/div>\n<div>Realice funciones con solo un toque tales como, llamadas de voz y env\u00edo de mensajes de texto preprogramados.<\/div>\n<div><b>Modo dual (anal\u00f3gico y digital)<\/b><\/div>\n<div>La operaci\u00f3n en modo dual (anal\u00f3gico y digital) asegura una migraci\u00f3n sin dificultades de anal\u00f3gico a digital.<\/div>\n<div><b>VOX<\/b><\/div>\n<div>La caracter\u00edstica VOX (transmisi\u00f3n operada por voz) permite activar la transmisi\u00f3n al detectar la voz, en lugar de tener que presionar el bot\u00f3n PTT. Esto incrementa la comodidad a la hora de usar el radio.<\/div>\n<div><b>Puerto para desarrollos adiocionales de radio y RFID<\/b><\/div>\n<div>La API permite que un tercero desarrolle aplicaciones adicionales \u00fatiles para ampliar las funcionalidades del RFID integrado del radio.<\/div>\n<div><b>RFID integrado<\/b><\/div>\n<div>Gracias a un lector RFID integrado, el PD416 puede leer la informaci\u00f3n de una etiqueta RFID y enviarla autom\u00e1ticamente v\u00eda radio. Estas caracter\u00edsticas de RFID y transmisi\u00f3n autom\u00e1tica de datos hacen que el PD 416 sea un componente clave para la o eraci\u00f3n del Hytera Patrol System, una soluci\u00f3n de control de patrullaje en tiempo real. Hytera tambi\u00e9n le ofrece la API del PD 416 para que pueda desarrollar su propia aplicaci\u00f3n.<\/div>\n<div><b>Canal mixto, anal\u00f3gico y digital<\/b><\/div>\n<div>El PD 416 puede detectar se\u00f1ales tanto anal\u00f3gicas como digitales y conmutar autom\u00e1ticamente entre el modo anal\u00f3gico y el digital para recibir en un solo canal. Adem\u00e1s, puede responder a la llamada recibida mientras el temporizador de respuesta de la conversaci\u00f3n siga activ . Esta caracter\u00edstica mejora la migraci\u00f3n de la radio anal\u00f3gica a la digital y protege las inversiones existentes.<\/div>\n<div><b>2 Intervalos de tiempo en DMO<\/b><\/div>\n<div>En DMO Hytera puede proporcionar comunicaci\u00f3n en 2 intervalos de tiempo, lo cual permite 2 rutas de conversaci\u00f3n en 1 frecuencia.<\/div>\n<div>Rango de operaci\u00f3n en VHF: 136-174 Mhz<\/div>\n<div>Cantidad de canales : 16<\/div>\n<div>Potencia: 5 watts<\/div>\n<\/div>\n<div>\n<p><strong>CONSULTE DISPONIBILIDAD Y VALORES DE ESTE PRODUCTO AL SIGUIENTE CORREO<\/strong><\/p>\n<p><strong>ventas@sarraf.cl<\/strong><\/p>\n<\/div>\n","protected":false},"excerpt":{"rendered":"<h2>Descripci\u00f3n<\/h2>\n<p><b>Llamadas de voz vers\u00e1tiles<\/b><\/p>\n<div>La comunicaci\u00f3n de voz incluye llamadas privadas, de grupo y generales.<\/div>\n<div><\/div>\n<div><b>Resistente y confiable<\/b><\/div>\n<div>Cumple con las normas IP54 y MIL-STD-810 C\/D\/E\/F\/G.<\/div>\n<div><\/div>\n<div><b>Peque\u00f1o, estilizado y liviano<\/b><\/div>\n<div>Mide tan solo 112\u00d755\u00d731 mm y pesa 270 g.<\/div>\n<div><\/div>\n<div>\n<div><b>Alta autonom\u00eda de la bater\u00eda<\/b><\/div>\n<div>En modo digital, PD 416 opera hasta 16 horas con un ciclo de trabajo 5-5-90, con bater\u00eda de 1500 mAh.<\/div>\n<\/div>\n<div><\/div>\n<div>\n<div><b>Mensajes de texto preprogramados<\/b><\/div>\n<div><b>Llamada\/texto con un toque<\/b><\/div>\n<div>Realice funciones con solo un toque tales como, llamadas de voz y env\u00edo de mensajes de texto preprogramados.<\/div>\n<div><b>Modo dual (anal\u00f3gico y digital)<\/b><\/div>\n<div>La operaci\u00f3n en modo dual (anal\u00f3gico y digital) asegura una migraci\u00f3n sin dificultades de anal\u00f3gico a digital.<\/div>\n<div><b>VOX<\/b><\/div>\n<div>La caracter\u00edstica VOX (transmisi\u00f3n operada por voz) permite activar la transmisi\u00f3n al detectar la voz, en lugar de tener que presionar el bot\u00f3n PTT. Esto incrementa la comodidad a la hora de usar el radio.<\/div>\n<div><b>Puerto para desarrollos adiocionales de radio y RFID<\/b><\/div>\n<div>La API permite que un tercero desarrolle aplicaciones adicionales \u00fatiles para ampliar las funcionalidades del RFID integrado del radio.<\/div>\n<div><b>RFID integrado<\/b><\/div>\n<div>Gracias a un lector RFID integrado, el PD416 puede leer la informaci\u00f3n de una etiqueta RFID y enviarla autom\u00e1ticamente v\u00eda radio. Estas caracter\u00edsticas de RFID y transmisi\u00f3n autom\u00e1tica de datos hacen que el PD 416 sea un componente clave para la o eraci\u00f3n del Hytera Patrol System, una soluci\u00f3n de control de patrullaje en tiempo real. Hytera tambi\u00e9n le ofrece la API del PD 416 para que pueda desarrollar su propia aplicaci\u00f3n.<\/div>\n<div><b>Canal mixto, anal\u00f3gico y digital<\/b><\/div>\n<div>El PD 416 puede detectar se\u00f1ales tanto anal\u00f3gicas como digitales y conmutar autom\u00e1ticamente entre el modo anal\u00f3gico y el digital para recibir en un solo canal. Adem\u00e1s, puede responder a la llamada recibida mientras el temporizador de respuesta de la conversaci\u00f3n siga activ . Esta caracter\u00edstica mejora la migraci\u00f3n de la radio anal\u00f3gica a la digital y protege las inversiones existentes.<\/div>\n<div><b>2 Intervalos de tiempo en DMO<\/b><\/div>\n<div>En DMO Hytera puede proporcionar comunicaci\u00f3n en 2 intervalos de tiempo, lo cual permite 2 rutas de conversaci\u00f3n en 1 frecuencia.<\/div>\n<div>Rango de operaci\u00f3n en VHF: 136-174 Mhz<\/div>\n<div>Cantidad de canales : 16<\/div>\n<div>Potencia: 5 watts<\/div>\n<\/div>\n<div><img decoding=\"async\" loading=\"lazy\" class=\"alignnone size-medium wp-image-1021\" src=\"http:\/\/sarraf.cl\/Web\/wp-content\/uploads\/2019\/03\/PD416-241x300.png\" alt=\"\" width=\"241\" height=\"300\" srcset=\"http:\/\/sarraf.cl\/Web\/wp-content\/uploads\/2019\/03\/PD416-241x300.png 241w, http:\/\/sarraf.cl\/Web\/wp-content\/uploads\/2019\/03\/PD416-200x250.png 200w, http:\/\/sarraf.cl\/Web\/wp-content\/uploads\/2019\/03\/PD416.png 524w\" sizes=\"(max-width: 241px) 100vw, 241px\" \/><\/div>\n<div><\/div>\n<div>\n<p><strong>CONSULTE DISPONIBILIDAD Y VALORES DE ESTE PRODUCTO AL SIGUIENTE CORREO<\/strong><\/p>\n<p><strong>ventas@sarraf.cl<\/strong><\/p>\n<\/div>\n","protected":false},"featured_media":1021,"comment_status":"open","ping_status":"closed","template":"","meta":[],"_links":{"self":[{"href":"http:\/\/sarraf.cl\/Web\/wp-json\/wp\/v2\/product\/1020"}],"collection":[{"href":"http:\/\/sarraf.cl\/Web\/wp-json\/wp\/v2\/product"}],"about":[{"href":"http:\/\/sarraf.cl\/Web\/wp-json\/wp\/v2\/types\/product"}],"replies":[{"embeddable":true,"href":"http:\/\/sarraf.cl\/Web\/wp-json\/wp\/v2\/comments?post=1020"}],"wp:featuredmedia":[{"embeddable":true,"href":"http:\/\/sarraf.cl\/Web\/wp-json\/wp\/v2\/media\/1021"}],"wp:attachment":[{"href":"http:\/\/sarraf.cl\/Web\/wp-json\/wp\/v2\/media?parent=1020"}],"curies":[{"name":"wp","href":"https:\/\/api.w.org\/{rel}","templated":true}]}}