{"id":36,"date":"2017-07-01T06:04:48","date_gmt":"2017-07-01T06:04:48","guid":{"rendered":"http:\/\/sarraf.cl\/Web\/?page_id=36"},"modified":"2017-07-03T20:45:46","modified_gmt":"2017-07-03T20:45:46","slug":"bienvenida","status":"publish","type":"page","link":"http:\/\/sarraf.cl\/Web\/bienvenida\/","title":{"rendered":"SARRAF TELECOMUNICACIONES"},"content":{"rendered":"<div class=\"rte\">\n<p><strong>Telecomunicaciones Sarraf<\/strong>, empresa con m\u00e1s de veinte cinco a\u00f1os de experiencia en el mercado de las radiocomunicaciones, brinda a Uds. una variada gama de sistemas de radiocomunicaci\u00f3n y telefon\u00eda, con el fin de dar soluci\u00f3n\u00a0 a sus necesidades de comunicaci\u00f3n.<\/p>\n<p>&nbsp;<\/p>\n<p><strong>Telecomunicaciones Sarraf<\/strong> es distribuidor directo de prestigiosas Marcas l\u00edderes del mercado de las Telecomunicaciones como <strong><em>MOTOROLA<\/em>, <em>KENWOOD<\/em><\/strong><em>, <strong>YAESU, ICOM, SENAO ,CGC, ALCON, <\/strong>entre otras, <\/em>incluyendo su <strong>Servicio T\u00e9cnico<\/strong> especializado dotado con instrumental de tecnolog\u00eda de punta, y adem\u00e1s, un amplio servicio de repuestos y accesorios; que nos ponen a la vanguardia entre las Empresas del rubro en el Pa\u00eds.<\/p>\n<p><strong> A continuaci\u00f3n detallamos a Usted algunas \u00e1reas especializadas que posee Telecomunicaciones Sarraf:<\/strong><\/p>\n<p>1. <strong>\u00c1rea Importaciones &amp; Exportaciones:<\/strong> Se encarga de suministrar v\u00eda importaci\u00f3n directa de f\u00e1brica, los sistemas necesitados y de mayor demanda existente, su plazo de importaci\u00f3n oscila entre 15 a 30 d\u00edas desde cualquier punto.<\/p>\n<p>2.<strong> \u00c1rea Ventas &amp; Distribuci\u00f3n<\/strong>: Se encarga de la venta directa a p\u00fablico y la distribuci\u00f3n a Dealer`s en la mayor\u00eda de las regiones del pa\u00eds, con la mejor asesor\u00eda t\u00e9cnica, para una ideal implementaci\u00f3n de sistemas.<\/p>\n<p>3.<strong>\u00c1rea T\u00e9cnica<\/strong>: Comprende el montaje, programaci\u00f3n y mantenci\u00f3n de sistemas y equipos de radiocomunicaciones, contando con equipo y Laboratorio T\u00e9cnico Profesional en forma\u00a0 permanente, encargado de las reparaciones en terreno o en <strong><em>Laboratorio Sarraf<\/em><\/strong><em>,<\/em> con capacidad de atender las diferentes necesidades de mantenci\u00f3n y reparaci\u00f3n de equipos y sistemas; para lo cual consta con el recurso humano profesional, que acompa\u00f1ado con un excelente instrumental de punta\u00a0nos pone a la\u00a0vanguardia de servicio de atenci\u00f3n al cliente.<\/p>\n<p>4. <strong>\u00c1rea Arriendos<\/strong>: Se encarga de abastecer las necesidades de nuestros clientes por tiempo limitado e ilimitado, con sistemas de Radiocomunicaci\u00f3n; bases, m\u00f3viles, port\u00e1tiles en VHF y UHF, telefon\u00eda personal inal\u00e1mbrica de largo alcance hasta 45 kil\u00f3metros (promedio).\u00a0 Arriendo de enlaces mediante Sistemas Repetici\u00f3n de mediano y alto alcance, con diferentes zonas de coberturas dentro de la quinta, sexta y regi\u00f3n Metropolitana.<\/p>\n<p>5.<strong> \u00c1rea Telef\u00f3nica Punto a Punto:<\/strong> Se encarga de suministrar\u00a0 Sistemas de Mediano y Largo alcance v\u00eda telefon\u00eda inal\u00e1mbrica, sin costo adicional\u00a0 al cliente; a cualquier parte de la zona mediante l\u00ednea normal y accedi\u00e9ndola v\u00eda remota hasta otro sector designado por el cliente, d\u00f3nde las posibilidades de comunicaci\u00f3n telef\u00f3nica normales no existan.<\/p>\n<p>6.- <strong>Area Redes Inal\u00e1mbricas<\/strong> , conectividad total: Area encargada de estudiar , suministrar todos los sistemas disponibles que existan en el Mercado , para satisfacer las necesidades de Nuestros Clientes y lograr as\u00ed estar conectados constantemente. Redes Wi-Fi de Senao , brindan satisfacci\u00f3n total.<\/p>\n<p>7.<strong> \u00c1rea Proyectos:<\/strong> Se encarga de realizar asesor\u00edas, estudios pertinentes de proyectos de Radiocomunicaci\u00f3n, tramitaci\u00f3n y presentaci\u00f3n ante SUBTEL (Subsecretar\u00eda de Telecomunicaciones, dependiente del Ministerio de Transportes y Telecomunicaciones) de los diferentes sistemas que deseen implementar nuestros clientes.\u00a0 As\u00ed como tambi\u00e9n estudios y proyectos de coberturas y sistemas, para enlaces, radioemisoras y otros<\/p>\n<p>8.<strong> \u00c1rea Seguridad:<\/strong> Encargada de realizar el proyecto y la puesta en marcha de sistemas de seguridad, como circuitos cerrados de televisi\u00f3n con revisi\u00f3n interna o remota a distancia, alarmas y centrales de monitoreo, con una amplia gama de accesorios e implementos de seguridad con la alta tecnolog\u00eda.<\/p>\n<p>9.<strong> Instalaciones propias: <\/strong>Sarraf cuenta con sitios de repetici\u00f3n propios , ubicados en Los Andes (Cerro Algarrobo 1988 Metros) , San Felipe (Punta El Olivo 700 Metros) , Vi\u00f1a del Mar (agua Santa S\/N)<\/p>\n<p>10.<strong> Instalaciones a terceros: <\/strong>Sarraf cuenta con personal apropiado para realizar trabajos de instalaci\u00f3n de sistemas de telecomunicaciones , para ello se cuenta con veh\u00edculos , herramientas\u00a0 e instrumentaci\u00f3n propia para desarrollar la labor dada.<\/p>\n<p>De lo anterior, invitamos a Ud. a participar en el mundo de ventajas de las Radiocomunicaciones, bajo la seriedad, respaldo, seguridad y bajos precios de <strong><em>TELECOMUNICACIONES SARRAF<\/em><\/strong><em>.<\/em><\/p>\n<\/div>\n","protected":false},"excerpt":{"rendered":"<p>Telecomunicaciones Sarraf, empresa con m\u00e1s de veinte cinco a\u00f1os de experiencia en el mercado de las radiocomunicaciones, brinda a Uds. una variada gama de sistemas de radiocomunicaci\u00f3n y telefon\u00eda, con el fin de dar soluci\u00f3n\u00a0 a sus necesidades de comunicaci\u00f3n. &nbsp; Telecomunicaciones Sarraf es distribuidor directo de prestigiosas Marcas l\u00edderes del mercado de las Telecomunicaciones [&hellip;]<\/p>\n","protected":false},"author":1,"featured_media":0,"parent":0,"menu_order":0,"comment_status":"closed","ping_status":"closed","template":"","meta":[],"_links":{"self":[{"href":"http:\/\/sarraf.cl\/Web\/wp-json\/wp\/v2\/pages\/36"}],"collection":[{"href":"http:\/\/sarraf.cl\/Web\/wp-json\/wp\/v2\/pages"}],"about":[{"href":"http:\/\/sarraf.cl\/Web\/wp-json\/wp\/v2\/types\/page"}],"author":[{"embeddable":true,"href":"http:\/\/sarraf.cl\/Web\/wp-json\/wp\/v2\/users\/1"}],"replies":[{"embeddable":true,"href":"http:\/\/sarraf.cl\/Web\/wp-json\/wp\/v2\/comments?post=36"}],"version-history":[{"count":5,"href":"http:\/\/sarraf.cl\/Web\/wp-json\/wp\/v2\/pages\/36\/revisions"}],"predecessor-version":[{"id":116,"href":"http:\/\/sarraf.cl\/Web\/wp-json\/wp\/v2\/pages\/36\/revisions\/116"}],"wp:attachment":[{"href":"http:\/\/sarraf.cl\/Web\/wp-json\/wp\/v2\/media?parent=36"}],"curies":[{"name":"wp","href":"https:\/\/api.w.org\/{rel}","templated":true}]}}